{"id":16769,"date":"2022-05-06T12:10:17","date_gmt":"2022-05-06T11:10:17","guid":{"rendered":"https:\/\/blog.koax24.de\/cable-a-gaine-ondulee\/"},"modified":"2024-07-17T12:27:17","modified_gmt":"2024-07-17T11:27:17","slug":"cable-a-gaine-ondulee","status":"publish","type":"page","link":"https:\/\/blog.koax24.de\/fr\/cable-a-gaine-ondulee\/","title":{"rendered":"C\u00e2ble \u00e0 gaine ondul\u00e9e"},"content":{"rendered":"<header>\n<h2 class=\"headline underline\">C\u00e2bles coaxiaux semi-flexibles<\/h2>\n<\/header>\n<h2 class=\"headline underline\"><img loading=\"lazy\" decoding=\"async\" class=\"size-full wp-image-6063 alignright\" src=\"https:\/\/blog.koax24.de\/wp-content\/uploads\/sites\/8\/2015\/04\/050208_002.png\" alt=\"\" width=\"247\" height=\"113\" \/><\/h2>\n<p style=\"text-align: justify\">Un <a href=\"https:\/\/www.koax24.de\/fr\/infos-de-produit\/cable-coaxial\/structure\/semi-flexible.html\">c\u00e2ble coaxial semi-flexible<\/a> est un c\u00e2ble \u00e0 gaine ondul\u00e9e avec des propri\u00e9t\u00e9s <a href=\"https:\/\/www.koax24.de\/fr\/infos-de-produit\/cable-coaxial\/structure\/cable-low-loss.html\">LowLoss<\/a>, utilis\u00e9 le plus souvent pour la transmission de la puissance d&rsquo;\u00e9mission vers une antenne. En raison de sa gaine de cuivre ondul\u00e9e, ce c\u00e2ble est uniquement recommand\u00e9 pour une pose fixe et non pour un mouvement permanent.<\/p>\n<p>En revanche, un c\u00e2ble coaxial semi-flexible surprend par ses valeurs techniques de premier ordre et ses pertes extr\u00eamement faibles.<\/p>\n<p>Un c\u00e2ble \u00e0 gaine ondul\u00e9e LowLoss comme le SCF14-50J poss\u00e8de un blindage ondul\u00e9 en cuivre massif, un di\u00e9lectrique en mousse PE et un conducteur interne en aluminium cuivr\u00e9.<\/p>\n<p><img decoding=\"async\" class=\"alignleft\" src=\"https:\/\/www.koax24.de\/fileadmin\/_migrated\/pics\/semi_flexibel_001_03.jpg\" alt=\"semi flexibel Koaxialkabel\" \/>Structure d&rsquo;un c\u00e2ble coaxial semi-flexible :<br \/>\n1 = Conducteur interne &#8211; ex\u00e9cution sous forme de fil massif<br \/>\n2 = di\u00e9lectrique \/ isolation<br \/>\n3 = Tube ondul\u00e9<br \/>\n4 = Gaine ext\u00e9rieure<\/p>\n<p>&nbsp;<\/p>\n<p>&nbsp;<\/p>\n<hr \/>\n<div>\n<h3><\/h3>\n<h3><strong>Confection de c\u00e2bles avec notre configurateur de c\u00e2bles:<\/strong><\/h3>\n<p>Choisissez la combinaison qui vous convient parmi plus de 200 <a href=\"https:\/\/www.koax24.de\/fr\/infos-de-produit\/connecteur\/vue-densemble.html\">fiches et prises<\/a> diff\u00e9rentes et plus de 80 <a href=\"https:\/\/www.koax24.de\/fr\/apercus\/galerie-dimages\/cables-coaxiaux-50-ohm.html\">types de c\u00e2bles<\/a>. Fabrication rapide gr\u00e2ce \u00e0 une grande capacit\u00e9 de stockage et une fabrication \u00e0 Karlsruhe ! Vous pouvez <strong>choisir facilement<\/strong> votre c\u00e2ble individuel \u00e0 l&rsquo;aide de notre<strong><a href=\"https:\/\/www.koax24.de\/fr\/configurateur\/configurateur-de-cables-du-cable-coaxial.html?kidgroup=401M322&amp;cHash=412955fd823780547f8b1179e76073e0\"> configurateur interactif pour les c\u00e2bles coaxiaux 50Ohm et 75Ohm<\/a><\/strong> \u00e0 l&rsquo;aide d&rsquo;images et d&rsquo;informations correspondantes &#8211; <strong>commander en ligne<\/strong> et il peut d\u00e9j\u00e0 \u00eatre chez vous le <a href=\"https:\/\/www.koax24.de\/fr\/informations\/delai-de-livraison.html\"><strong>lendemain<\/strong><\/a> !<br \/>\nNouveau : <a href=\"https:\/\/www.koax24.de\/fr\/cables-confectionnes\/bnc-male.html\">Confection de c\u00e2bles tri\u00e9e par connecteur et par c\u00e2ble !<\/a><\/p>\n<header>\n<h2><\/h2>\n<h3 class=\" headline underline\">C\u00e2bles coaxiaux:<\/h3>\n<\/header>\n<p><a class=\"link_home\" title=\"RG178 C\u00e2ble coaxial - ligne coaxiale\" href=\"https:\/\/www.koax24.de\/fr\/infos-de-produit\/cable-coaxial\/cable-coaxial-50-ohm\/15-21-mm-taille1\/rg178.html\">RG178<\/a>\u00a0|\u00a0RG196 A\/U\u00a0|\u00a0<a class=\"link_home\" title=\"RGL196 LowNoise c\u00e2ble coaxial - ligne coaxiale\" href=\"https:\/\/www.koax24.de\/fr\/infos-de-produit\/cable-coaxial\/cable-coaxial-50-ohm\/15-21-mm-taille1\/rgl196-lownoise.html\">RGL196 LowNoise<\/a>\u00a0|\u00a0<a class=\"link_home\" title=\"KAPTON 1.45mm C\u00c2BLE COAXIAL \/ 50 \u03a9\" href=\"https:\/\/www.koax24.de\/fr\/infos-de-produit\/cable-coaxial\/cable-coaxial-50-ohm\/15-21-mm-taille1\/kapton-145mm.html\">KAPTON 1.45mm<\/a>\u00a0|\u00a0<a class=\"link_home\" title=\"LN5001 LowNoise c\u00e2ble coaxial - ligne coaxiale\" href=\"https:\/\/www.koax24.de\/fr\/infos-de-produit\/cable-coaxial\/cable-coaxial-50-ohm\/15-21-mm-taille1\/ln5001-lownoise.html\">LN5001 LowNoise<\/a>\u00a0|\u00a0<a class=\"link_home\" title=\"Sucoform 86 c\u00e2bla coaxial - ligne coaxiale\" href=\"https:\/\/www.koax24.de\/fr\/infos-de-produit\/cable-coaxial\/cable-coaxial-50-ohm\/15-21-mm-taille1\/sucoform-86.html\">Sucoform 86<\/a>\u00a0|\u00a0<a class=\"link_home\" title=\"RG174 A\/U c\u00e2ble coaxial - ligne coaxiale\" href=\"https:\/\/www.koax24.de\/fr\/infos-de-produit\/cable-coaxial\/koaxialkabel-50-ohm\/24-32-mm-taille2\/rg174-au.html\">RG174 A\/U<\/a>\u00a0|\u00a0<a class=\"link_home\" title=\"RG174 LSNH c\u00e2ble coaxial - ligne coaxiale\" href=\"https:\/\/www.koax24.de\/fr\/infos-de-produit\/cable-coaxial\/koaxialkabel-50-ohm\/24-32-mm-taille2\/rg174-lsnh.html\">RG174 LSNH<\/a>\u00a0|\u00a0<a class=\"link_home\" title=\"RG188 A\/U\" href=\"https:\/\/www.koax24.de\/fr\/infos-de-produit\/cable-coaxial\/koaxialkabel-50-ohm\/24-32-mm-taille2\/rg188-au.html\">RG188 A\/U<\/a>\u00a0|\u00a0<a class=\"link_home\" title=\"RG316 \/C c\u00e2ble coaxial - ligne coaxiale\" href=\"https:\/\/www.koax24.de\/fr\/infos-de-produit\/cable-coaxial\/koaxialkabel-50-ohm\/24-32-mm-taille2\/rg316-c.html\">RG316 \/C<\/a>\u00a0|\u00a0<a class=\"link_home\" title=\"RG316 \/U c\u00e2ble coaxial - ligne coaxiale, RG316\" href=\"https:\/\/www.koax24.de\/fr\/infos-de-produit\/cable-coaxial\/cable-coaxial-50-ohm\/24-32-mm-taille2\/rg316-u.html\">RG316 \/U<\/a>\u00a0|\u00a0<a class=\"link_home\" title=\"RGL316 LowNoise c\u00e2ble coaxial - ligne coaxiale\" href=\"https:\/\/www.koax24.de\/fr\/infos-de-produit\/cable-coaxial\/koaxialkabel-50-ohm\/24-32-mm-taille2\/rgl316-lownoise.html\">RGL316 LowNoise<\/a>\u00a0|\u00a0<a class=\"link_home\" title=\"RG316D - RD316 c\u00e2ble coaxial - ligne coaxiale\" href=\"https:\/\/www.koax24.de\/fr\/infos-de-produit\/cable-coaxial\/koaxialkabel-50-ohm\/24-32-mm-taille2\/rg316d-rd316.html\">RG316D &#8211; RD316<\/a>\u00a0|\u00a0<a class=\"link_home\" title=\"C\u00e2ble coaxial- Ligne coaxiale ENVIROFLEX 316D\" href=\"https:\/\/www.koax24.de\/fr\/infos-de-produit\/cable-coaxial\/koaxialkabel-50-ohm\/24-32-mm-taille2\/enviroflex-316d.html\">ENVIROFLEX 316D<\/a>\u00a0|\u00a0<a class=\"link_home\" title=\"CLF100 c\u00e2ble coaxial - ligne coaxiale\" href=\"https:\/\/www.koax24.de\/fr\/infos-de-produit\/cable-coaxial\/koaxialkabel-50-ohm\/24-32-mm-taille2\/clf100.html\">CLF100<\/a>\u00a0|\u00a0<a class=\"link_home\" title=\"LMR 100A c\u00e2ble coaxial - ligne coaxiale\" href=\"https:\/\/www.koax24.de\/fr\/infos-de-produit\/cable-coaxial\/koaxialkabel-50-ohm\/24-32-mm-taille2\/lmr-100a.html\">LMR 100A<\/a>\u00a0|\u00a0<a class=\"link_home\" title=\"LMR 100A FR c\u00e2ble coaxial\" href=\"https:\/\/www.koax24.de\/fr\/infos-de-produit\/cable-coaxial\/koaxialkabel-50-ohm\/24-32-mm-taille2\/lmr-100a-1.html\">LMR 100A FR<\/a>\u00a0|\u00a0<a class=\"link_home\" title=\"C\u00e2ble coaxial LN5002 LowNoise, LN 5002\" href=\"https:\/\/www.koax24.de\/fr\/infos-de-produit\/cable-coaxial\/koaxialkabel-50-ohm\/24-32-mm-taille2\/ln5002-lownoise.html\">LN5002 LowNoise<\/a>\u00a0|\u00a0<a class=\"link_home\" title=\"C\u00e2ble coaxial - Ligne coaxiale BEDEA MXR 0.45\/1.4L LowNoi\" href=\"https:\/\/www.koax24.de\/fr\/infos-de-produit\/cable-coaxial\/koaxialkabel-50-ohm\/24-32-mm-taille2\/bedea-mxr-04514l-lownoise.html\">BEDEA MXR 0.45\/1.4L LowNoise<\/a>\u00a0|\u00a0<a class=\"link_home\" title=\"C\u00e2ble coaxial - ligne coaxial PE-P086,  PE-P086\" href=\"https:\/\/www.koax24.de\/fr\/infos-de-produit\/cable-coaxial\/koaxialkabel-50-ohm\/24-32-mm-taille2\/pe-p086.html\">PE-P086<\/a>\u00a0|\u00a0<a class=\"link_home\" title=\"C\u00e2ble coaxial Multiflex 86\" href=\"https:\/\/www.koax24.de\/fr\/infos-de-produit\/cable-coaxial\/koaxialkabel-50-ohm\/24-32-mm-taille2\/multiflex-86.html\">Multiflex 86<\/a>\u00a0|\u00a0<a class=\"link_home\" title=\"Sucoform 86 FEP c\u00e2bla coaxial - ligne coaxiale\" href=\"https:\/\/www.koax24.de\/fr\/infos-de-produit\/cable-coaxial\/koaxialkabel-50-ohm\/24-32-mm-taille2\/sucoform-86-fep.html\">Sucoform 86 FEP<\/a>\u00a0|\u00a0<a class=\"link_home\" title=\"Sucoform 86 LSFH c\u00e2bla coaxial - ligne coaxiale\" href=\"https:\/\/www.koax24.de\/fr\/infos-de-produit\/cable-coaxial\/koaxialkabel-50-ohm\/24-32-mm-taille2\/sucoform-86-lsfh.html\">Sucoform 86 LSFH<\/a>\u00a0|\u00a0<a class=\"link_home\" title=\"C\u00e2ble coaxial K02252D, Ligne coaxiale K02252D\" href=\"https:\/\/www.koax24.de\/fr\/infos-de-produit\/cable-coaxial\/koaxialkabel-50-ohm\/24-32-mm-taille2\/k-02252-d.html\">K_02252_D<\/a>\u00a0|\u00a0<a class=\"link_home\" title=\"C\u00e2ble coaxial - ligne coaxiale SS405\" href=\"https:\/\/www.koax24.de\/fr\/infos-de-produit\/cable-coaxial\/koaxialkabel-50-ohm\/24-32-mm-taille2\/ss405.html\">SS405<\/a>\u00a0|\u00a0<a class=\"link_home\" title=\"C\u00e2ble coaxial Multiflex 141\" href=\"https:\/\/www.koax24.de\/fr\/infos-de-produit\/cable-coaxial\/cable-coaxial-50-ohm\/32-39-mm-taille3\/multiflex-141.html\">Multiflex 141<\/a>\u00a0|\u00a0<a class=\"link_home\" title=\"C\u00e2ble coaxial - ligne coaxiale Sucoform 141\" href=\"https:\/\/www.koax24.de\/fr\/infos-de-produit\/cable-coaxial\/cable-coaxial-50-ohm\/32-39-mm-taille3\/sucoform-141.html\">Sucoform 141<\/a>\u00a0|\u00a0<a class=\"link_home\" title=\"C\u00e2ble coaxial Sucoform 141 FEP\" href=\"https:\/\/www.koax24.de\/fr\/infos-de-produit\/cable-coaxial\/cable-coaxial-50-ohm\/32-39-mm-taille3\/sucoform-141-fep.html\">Sucoform 141 FEP<\/a>\u00a0|\u00a0<a class=\"link_home\" title=\"C\u00e2ble coaxial - ligne coaxiale PE-P141, PE-P141\" href=\"https:\/\/www.koax24.de\/fr\/infos-de-produit\/cable-coaxial\/cable-coaxial-50-ohm\/32-39-mm-taille3\/pe-p141.html\">PE-P141<\/a>\u00a0|\u00a0<a class=\"link_home\" title=\"C\u00e2ble coaxial - ligne coaxiale  SS402\" href=\"https:\/\/www.koax24.de\/fr\/infos-de-produit\/cable-coaxial\/cable-coaxial-50-ohm\/32-39-mm-taille3\/ss402.html\">SS402<\/a>\u00a0|\u00a0<a class=\"link_home\" title=\"C\u00e2ble coaxial RG58, RG58\" href=\"https:\/\/www.koax24.de\/fr\/infos-de-produit\/cable-coaxial\/koaxialkabel-50-ohm\/49-61-mm-taille4\/rg58.html\">RG58<\/a>\u00a0|\u00a0<a class=\"link_home\" title=\"C\u00e2ble coaxial RG058, RG 058\" href=\"https:\/\/www.koax24.de\/fr\/infos-de-produit\/cable-coaxial\/koaxialkabel-50-ohm\/49-61-mm-taille4\/rg058.html\">RG058<\/a>\u00a0|\u00a0RG58 ALL\u00a0|\u00a0<a class=\"link_home\" title=\"C\u00e2ble coaxial arnoflex 58 LSNH\" href=\"https:\/\/www.koax24.de\/fr\/infos-de-produit\/cable-coaxial\/koaxialkabel-50-ohm\/49-61-mm-taille4\/cable-coaxial-arnoflex-58-lsnh.html\">arnoflex 58 LSNH<\/a>\u00a0|\u00a0<a class=\"link_home\" title=\"C\u00e2ble coaxial RG58 PUR, RG58 PUR\" href=\"https:\/\/www.koax24.de\/fr\/infos-de-produit\/cable-coaxial\/koaxialkabel-50-ohm\/49-61-mm-taille4\/rg58-pur.html\">RG58 PUR<\/a>\u00a0|\u00a0<a class=\"link_home\" title=\"C\u00e2ble coaxial Enviroflex 142\" href=\"https:\/\/www.koax24.de\/fr\/infos-de-produit\/cable-coaxial\/koaxialkabel-50-ohm\/49-61-mm-taille4\/enviroflex-142.html\">Enviroflex 142<\/a>\u00a0|\u00a0<a class=\"link_home\" title=\"C\u00e2bles coaxiaux RG142, RG142\" href=\"https:\/\/www.koax24.de\/fr\/infos-de-produit\/cable-coaxial\/koaxialkabel-50-ohm\/49-61-mm-taille4\/rg142.html\">RG142<\/a>\u00a0|\u00a0<a class=\"link_home\" title=\"C\u00e2ble coaxial LL142 STR Super LowLos\" href=\"https:\/\/www.koax24.de\/fr\/infos-de-produit\/cable-coaxial\/koaxialkabel-50-ohm\/49-61-mm-taille4\/ll142.html\">LL142<\/a>\u00a0|\u00a0<a class=\"link_home\" title=\"C\u00e2ble coaxial RG223, RG223\" href=\"https:\/\/www.koax24.de\/fr\/infos-de-produit\/cable-coaxial\/koaxialkabel-50-ohm\/49-61-mm-taille4\/rg223.html\">RG223<\/a>\u00a0|\u00a0<a class=\"link_home\" title=\"C\u00e2ble coaxial Enviroflex 400\" href=\"https:\/\/www.koax24.de\/fr\/infos-de-produit\/cable-coaxial\/koaxialkabel-50-ohm\/49-61-mm-taille4\/enviroflex-400.html\">Enviroflex 400<\/a>\u00a0|\u00a0<a class=\"link_home\" title=\"C\u00e2ble coaxial RG400, RG400\" href=\"https:\/\/www.koax24.de\/fr\/infos-de-produit\/cable-coaxial\/koaxialkabel-50-ohm\/49-61-mm-taille4\/rg400.html\">RG400<\/a>\u00a0|\u00a0<a class=\"link_home\" title=\"C\u00e2ble coaxial  H-155 PE,  H155\" href=\"https:\/\/www.koax24.de\/fr\/infos-de-produit\/cable-coaxial\/koaxialkabel-50-ohm\/49-61-mm-taille4\/h-155-pe.html\">H-155 PE<\/a>\u00a0|\u00a0<a class=\"link_home\" title=\"C\u00e2ble coaxial H-155 FRNC \/ LSNH, H-155\" href=\"https:\/\/www.koax24.de\/fr\/infos-de-produit\/cable-coaxial\/koaxialkabel-50-ohm\/49-61-mm-taille4\/h-155-frnc.html\">H-155 FRNC<\/a>\u00a0|\u00a0<a class=\"link_home\" title=\"C\u00e2ble coaxial H-155 PVC, H-155\" href=\"https:\/\/www.koax24.de\/fr\/infos-de-produit\/cable-coaxial\/koaxialkabel-50-ohm\/49-61-mm-taille4\/h-155-pvc.html\">H-155 PVC<\/a>\u00a0|\u00a0<a class=\"link_home\" title=\"C\u00e2ble coaxial WC-55 PE\" href=\"https:\/\/www.koax24.de\/fr\/infos-de-produit\/cable-coaxial\/koaxialkabel-50-ohm\/49-61-mm-taille4\/wc-55-pe.html\">WC-55 PE<\/a>\u00a0|\u00a0<a class=\"link_home\" title=\"HyperFlex 5\" href=\"https:\/\/www.koax24.de\/fr\/infos-de-produit\/cable-coaxial\/koaxialkabel-50-ohm\/49-61-mm-taille4\/hyperflex-5.html\">HyperFlex 5<\/a>\u00a0|\u00a0<a class=\"link_home\" title=\"C\u00e2ble coaxial CLF195, CLF195\" href=\"https:\/\/www.koax24.de\/fr\/infos-de-produit\/cable-coaxial\/koaxialkabel-50-ohm\/49-61-mm-taille4\/clf195.html\">CLF195<\/a>\u00a0|\u00a0<a class=\"link_home\" title=\"C\u00e2ble coaxial CLF200, CLF200\" href=\"https:\/\/www.koax24.de\/fr\/infos-de-produit\/cable-coaxial\/koaxialkabel-50-ohm\/49-61-mm-taille4\/clf200.html\">CLF200<\/a>\u00a0|\u00a0<a class=\"link_home\" title=\"C\u00e2ble coaxial CLF240,  CLF240\" href=\"https:\/\/www.koax24.de\/fr\/infos-de-produit\/cable-coaxial\/koaxialkabel-50-ohm\/49-61-mm-taille4\/clf240.html\">CLF240<\/a>\u00a0|\u00a0<a class=\"link_home\" title=\"C\u00e2ble coaxial LMR195, LMR195\" href=\"https:\/\/www.koax24.de\/fr\/infos-de-produit\/cable-coaxial\/koaxialkabel-50-ohm\/49-61-mm-taille4\/lmr195.html\">LMR195<\/a>\u00a0|\u00a0<a class=\"link_home\" title=\"C\u00e2ble coaxial LMR 195 UF\" href=\"https:\/\/www.koax24.de\/fr\/infos-de-produit\/cable-coaxial\/koaxialkabel-50-ohm\/49-61-mm-taille4\/lmr-195-uf.html\">LMR 195 UF<\/a>\u00a0|\u00a0<a class=\"link_home\" title=\"C\u00e2ble coaxial HF 195 ZH\" href=\"https:\/\/www.koax24.de\/fr\/infos-de-produit\/cable-coaxial\/koaxialkabel-50-ohm\/49-61-mm-taille4\/hf-195-zh.html\">HF 195 ZH<\/a>\u00a0|\u00a0<a class=\"link_home\" title=\"C\u00e2ble coaxial LMR200, LMR200\" href=\"https:\/\/www.koax24.de\/fr\/infos-de-produit\/cable-coaxial\/koaxialkabel-50-ohm\/49-61-mm-taille4\/lmr200.html\">LMR200<\/a>\u00a0|\u00a0<a class=\"link_home\" title=\"C\u00e2ble coaxial LMR 240\" href=\"https:\/\/www.koax24.de\/fr\/infos-de-produit\/cable-coaxial\/koaxialkabel-50-ohm\/49-61-mm-taille4\/lmr-240.html\">LMR 240<\/a>\u00a0|\u00a0<a class=\"link_home\" title=\"C\u00e2ble coaxial LMR 240 FR\" href=\"https:\/\/www.koax24.de\/fr\/infos-de-produit\/cable-coaxial\/koaxialkabel-50-ohm\/49-61-mm-taille4\/lmr-240-fr.html\">LMR 240 FR<\/a>\u00a0|\u00a0<a class=\"link_home\" title=\"C\u00e2ble coaxial LMR 240 UF\" href=\"https:\/\/www.koax24.de\/fr\/infos-de-produit\/cable-coaxial\/koaxialkabel-50-ohm\/49-61-mm-taille4\/lmr-240-uf.html\">LMR 240 UF<\/a>\u00a0|\u00a0<a class=\"link_home\" title=\"C\u00e2ble coaxial HF 240 ZH\" href=\"https:\/\/www.koax24.de\/fr\/infos-de-produit\/cable-coaxial\/koaxialkabel-50-ohm\/49-61-mm-taille4\/cable-coaxial-hf-240-zh.html\">HF 240 ZH<\/a>\u00a0|\u00a0<a class=\"link_home\" title=\"Airborne 5\" href=\"https:\/\/www.koax24.de\/fr\/infos-de-produit\/cable-coaxial\/koaxialkabel-50-ohm\/49-61-mm-taille4\/airborne-5.html\">Airborne 5<\/a>\u00a0|\u00a0<a class=\"link_home\" title=\"C\u00e2ble coaxial  Aircell 5\" href=\"https:\/\/www.koax24.de\/fr\/infos-de-produit\/cable-coaxial\/koaxialkabel-50-ohm\/49-61-mm-taille4\/aircell-5.html\">Aircell 5<\/a>\u00a0|\u00a0<a class=\"link_home\" title=\"C\u00e2ble coaxial  7806A\" href=\"https:\/\/www.koax24.de\/fr\/infos-de-produit\/cable-coaxial\/koaxialkabel-50-ohm\/49-61-mm-taille4\/7806a.html\">7806A<\/a>\u00a0|\u00a0<a class=\"link_home\" title=\"C\u00e2ble coaxial S_04212_B PUR, S_04212_B\" href=\"https:\/\/www.koax24.de\/fr\/infos-de-produit\/cable-coaxial\/koaxialkabel-50-ohm\/49-61-mm-taille4\/s-04212-b-pur.html\">S_04212_B PUR<\/a>\u00a0|\u00a0<a class=\"link_home\" title=\"C\u00e2ble coaxial S_04272_B PE, S_04272B\" href=\"https:\/\/www.koax24.de\/fr\/infos-de-produit\/cable-coaxial\/koaxialkabel-50-ohm\/49-61-mm-taille4\/s-04272-b-pe.html\">S_04272_B PE<\/a>\u00a0|\u00a0<a class=\"link_home\" title=\"SPUMA_240-FR-01\" href=\"https:\/\/www.koax24.de\/fr\/infos-de-produit\/cable-coaxial\/koaxialkabel-50-ohm\/49-62-mm-taille4\/spuma-240-fr-01.html\">SPUMA_240-FR-01<\/a>\u00a0|\u00a0<a class=\"link_home\" title=\"C\u00e2ble coaxial Aircell 7\" href=\"https:\/\/www.koax24.de\/fr\/infos-de-produit\/cable-coaxial\/koaxialkabel-50-ohm\/69-79-mm-taille5\/aircell-7.html\">Aircell 7<\/a>\u00a0|\u00a0<a class=\"link_home\" title=\"C\u00e2ble coaxial arnoflex 7 UF\" href=\"https:\/\/www.koax24.de\/fr\/infos-de-produit\/cable-coaxial\/koaxialkabel-50-ohm\/69-79-mm-taille5\/arnoflex-7-uf.html\">arnoflex 7 UF<\/a>\u00a0|\u00a0<a class=\"link_home\" title=\"HIGHFLEXX 7\" href=\"https:\/\/www.koax24.de\/fr\/infos-de-produit\/cable-coaxial\/koaxialkabel-50-ohm\/69-79-mm-taille5\/highflexx-7.html\">HIGHFLEXX 7<\/a>\u00a0|\u00a0<a class=\"link_home\" title=\"C\u00e2ble blindage ondul\u00e9 Cellflex\u00ae 1\/4\" href=\"https:\/\/www.koax24.de\/fr\/infos-de-produit\/cable-coaxial\/koaxialkabel-50-ohm\/69-79-mm-taille5\/scf14-50j.html\">SCF14-50J<\/a>\u00a0|\u00a0<a class=\"link_home\" title=\"C\u00e2ble coaxial  RG213 \/U\" href=\"https:\/\/www.koax24.de\/fr\/infos-de-produit\/cable-coaxial\/koaxialkabel-50-ohm\/100-110mm-taille6\/rg213-u.html\">RG213 \/U<\/a>\u00a0|\u00a0<a class=\"link_home\" title=\"CABLE COAXIAL RG214 \/U\" href=\"https:\/\/www.koax24.de\/fr\/infos-de-produit\/cable-coaxial\/koaxialkabel-50-ohm\/100-110mm-taille6\/rg214-u.html\">RG214 \/U<\/a>\u00a0|\u00a0<a class=\"link_home\" title=\"CABLE COAXIAL arnoflex 214 LSNH\" href=\"https:\/\/www.koax24.de\/fr\/infos-de-produit\/cable-coaxial\/koaxialkabel-50-ohm\/100-110mm-taille6\/cable-coaxial-arnoflex-214-lsnh.html\">arnoflex 214 LSNH<\/a>\u00a0|\u00a0<a class=\"link_home\" title=\"C\u00e2ble coaxial LMR 400\u00ae\" href=\"https:\/\/www.koax24.de\/fr\/infos-de-produit\/cable-coaxial\/koaxialkabel-50-ohm\/100-110mm-taille6\/lmr-400r.html\">LMR 400<sup>\u00ae<\/sup><\/a>\u00a0|\u00a0<a class=\"link_home\" title=\"C\u00e2ble coaxial LMR 400 UF\u00ae\" href=\"https:\/\/www.koax24.de\/fr\/infos-de-produit\/cable-coaxial\/koaxialkabel-50-ohm\/100-110mm-taille6\/lmr-400-ufr.html\">LMR 400 UF<sup>\u00ae<\/sup><\/a>\u00a0|\u00a0<a class=\"link_home\" title=\"C\u00e2ble coaxial HF 400 LSNH\" href=\"https:\/\/www.koax24.de\/fr\/infos-de-produit\/cable-coaxial\/koaxialkabel-50-ohm\/100-110mm-taille6\/hf-400-lsnh.html\">HF 400 LSNH<\/a>\u00a0|\u00a0<a class=\"link_home\" title=\"C\u00e2ble coaxial HyperFlex 10\" href=\"https:\/\/www.koax24.de\/fr\/infos-de-produit\/cable-coaxial\/koaxialkabel-50-ohm\/100-110mm-taille6\/hyperflex-10.html\">HyperFlex 10<\/a>\u00a0|\u00a0<a class=\"link_home\" title=\"C\u00e2ble coaxial Ecoflex 10\" href=\"https:\/\/www.koax24.de\/fr\/infos-de-produit\/cable-coaxial\/koaxialkabel-50-ohm\/100-110mm-taille6\/ecoflex-10.html\">Ecoflex 10<\/a>\u00a0|\u00a0<a class=\"link_home\" title=\"C\u00e2ble coaxial Ecoflex 10 Plus\" href=\"https:\/\/www.koax24.de\/fr\/infos-de-produit\/cable-coaxial\/koaxialkabel-50-ohm\/100-110mm-taille6\/ecoflex-10-plus.html\">Ecoflex 10 Plus<\/a>\u00a0|\u00a0<a class=\"link_home\" title=\"Aircom Premium\u00ae C\u00e2ble coaxial\" href=\"https:\/\/www.koax24.de\/fr\/infos-de-produit\/cable-coaxial\/cable-coaxial-50-ohm\/100-110mm-taille6\/aircom-premiumr.html\">Aircom Premium<sup>\u00ae<\/sup><\/a>\u00a0|\u00a0<a class=\"link_home\" title=\"C\u00e2ble coaxial Ecoflex 15, Ecoflex 15\" href=\"https:\/\/www.koax24.de\/fr\/infos-de-produit\/cable-coaxial\/koaxialkabel-50-ohm\/140-150mm-taille7\/ecoflex-15.html\">Ecoflex 15<\/a>\u00a0|\u00a0<a class=\"link_home\" title=\"C\u00e2ble coaxial Ecoflex 15 plus, Ecoflex 15 plus\" href=\"https:\/\/www.koax24.de\/fr\/infos-de-produit\/cable-coaxial\/koaxialkabel-50-ohm\/140-150mm-taille7\/ecoflex-15-plus.html\">Ecoflex 15 plus<\/a>\u00a0|\u00a0<a class=\"link_home\" title=\"LMR 600 C\u00e2ble coaxial\" href=\"https:\/\/www.koax24.de\/fr\/infos-de-produit\/cable-coaxial\/koaxialkabel-50-ohm\/140-150mm-taille7\/lmr-600.html\">LMR 600<\/a>\u00a0|\u00a0<a class=\"link_home\" title=\"LMR 600 FR C\u00e2ble coaxial\" href=\"https:\/\/www.koax24.de\/fr\/infos-de-produit\/cable-coaxial\/koaxialkabel-50-ohm\/140-150mm-taille7\/lmr-600-fr.html\">LMR 600 FR<\/a>\u00a0|<\/p>\n<p>&nbsp;<\/p>\n<div id=\"c33941\" class=\"frame frame-default frame-type-list frame-layout-0\">\n<div class=\"colored-box grey\">\n<hr \/>\n<\/div>\n<div>Gaines anti-pliage | <a href=\"https:\/\/www.koax24.de\/fr\/infos-de-produit\/connecteur\/zubehoer\/schrumpfschlauch.html\">Gaines thermor\u00e9tractables<\/a> | Codages Fakra | Identification de c\u00e2bles | Capuchons | Capuchons de protection<\/div>\n<\/div>\n<\/div>\n<div id=\"c25090\" class=\"frame frame-default frame-type-list frame-layout-0\">\n<div class=\"colored-box\">\n<div class=\"csc-frame mb\"><\/div>\n<\/div>\n<\/div>\n","protected":false},"excerpt":{"rendered":"<p>C\u00e2bles coaxiaux semi-flexibles Un c\u00e2ble coaxial semi-flexible est un c\u00e2ble \u00e0 gaine ondul\u00e9e avec des propri\u00e9t\u00e9s LowLoss, utilis\u00e9 le plus souvent pour la transmission de la puissance d&rsquo;\u00e9mission vers une antenne. En raison de sa gaine de cuivre ondul\u00e9e, ce c\u00e2ble est uniquement recommand\u00e9 pour une pose fixe et non pour un mouvement permanent. En [&hellip;]<\/p>\n","protected":false},"author":46,"featured_media":0,"parent":0,"menu_order":0,"comment_status":"closed","ping_status":"closed","template":"","meta":{"_et_pb_use_builder":"","_et_pb_old_content":"","_et_gb_content_width":"","footnotes":""},"class_list":["post-16769","page","type-page","status-publish","hentry"],"_links":{"self":[{"href":"https:\/\/blog.koax24.de\/fr\/wp-json\/wp\/v2\/pages\/16769","targetHints":{"allow":["GET"]}}],"collection":[{"href":"https:\/\/blog.koax24.de\/fr\/wp-json\/wp\/v2\/pages"}],"about":[{"href":"https:\/\/blog.koax24.de\/fr\/wp-json\/wp\/v2\/types\/page"}],"author":[{"embeddable":true,"href":"https:\/\/blog.koax24.de\/fr\/wp-json\/wp\/v2\/users\/46"}],"replies":[{"embeddable":true,"href":"https:\/\/blog.koax24.de\/fr\/wp-json\/wp\/v2\/comments?post=16769"}],"version-history":[{"count":7,"href":"https:\/\/blog.koax24.de\/fr\/wp-json\/wp\/v2\/pages\/16769\/revisions"}],"predecessor-version":[{"id":19437,"href":"https:\/\/blog.koax24.de\/fr\/wp-json\/wp\/v2\/pages\/16769\/revisions\/19437"}],"wp:attachment":[{"href":"https:\/\/blog.koax24.de\/fr\/wp-json\/wp\/v2\/media?parent=16769"}],"curies":[{"name":"wp","href":"https:\/\/api.w.org\/{rel}","templated":true}]}}