{"id":16586,"date":"2022-02-18T17:10:33","date_gmt":"2022-02-18T16:10:33","guid":{"rendered":"https:\/\/blog.koax24.de\/boite-de-signalisation-avec-bnc\/"},"modified":"2022-04-25T10:28:57","modified_gmt":"2022-04-25T09:28:57","slug":"boite-de-signalisation-avec-bnc","status":"publish","type":"page","link":"https:\/\/blog.koax24.de\/fr\/boite-de-signalisation-avec-bnc\/","title":{"rendered":"Bo\u00eete de signalisation avec BNC"},"content":{"rendered":"<p>Notre <strong>bo\u00eetier de raccordement de signaux BNC<\/strong> poss\u00e8de un bo\u00eetier l\u00e9ger mais robuste en aluminium et est con\u00e7u pour \u00eatre utilis\u00e9 sur des machines, des postes de travail en laboratoire ou dans l&rsquo;industrie automobile pour la transmission de signaux de mesure.<br \/>\nElle est disponible en standard avec <strong>4, 6, 8 ou 10 prises BNC<\/strong>, mais aussi avec tout autre nombre de prises sur demande. Vous pouvez \u00e9galement choisir librement la longueur du c\u00e2ble d&rsquo;alimentation et les connecteurs ou opter pour des longueurs propos\u00e9es par nos soins.<\/p>\n<p>&nbsp;<\/p>\n<table class=\"arno-table full-width sticky mb\">\n<thead>\n<tr>\n<th class=\"table_manufactor_first_row_pic\" width=\"150\">Image<\/th>\n<th class=\"table_manufactor_first_row_long\">Description<\/th>\n<th class=\"table_search_first_row\">Article<\/th>\n<th class=\"table_search_first_row_data\">Fiche technique<\/th>\n<th class=\"table_manufactor_first_row_price\" width=\"80\">Prix \u00e0 partir de<\/th>\n<th class=\"\"><\/th>\n<\/tr>\n<\/thead>\n<tbody>\n<tr>\n<td>\n<div><\/div>\n<\/td>\n<td>\n<div class=\"padding-left\">\n<div>Bo\u00eete de connexion avec 10x BNC femelles, RG174, 30 m<br \/>\nC\u00e2ble avec 10x BNC m\u00e2les, \u00e9tiquet\u00e9s<\/div>\n<div><\/div>\n<\/div>\n<\/td>\n<td><a class=\"internal-link\" href=\"https:\/\/www.koax24.de\/fr\/shop\/article\/anschlussbox-mit-10x-bnc-buchse-rg174-30-m-kabel-mit-10x-bnc-stecker-beschriftet-810193.html\">810193<\/a><\/td>\n<td><\/td>\n<td>\n<div class=\"text-right price\">523,188 EUR<\/div>\n<\/td>\n<\/tr>\n<tr>\n<td>\n<div><\/div>\n<\/td>\n<td>\n<div class=\"padding-left\">\n<div>Bo\u00eete de connexion avec 4x BNC femelles, RG174, 10 m<br \/>\nC\u00e2ble avec 4x BNC m\u00e2les, \u00e9tiquet\u00e9s<\/div>\n<div><\/div>\n<\/div>\n<\/td>\n<td><a class=\"internal-link\" href=\"https:\/\/www.koax24.de\/fr\/shop\/article\/anschlussbox-mit-4x-bnc-buchse-rg174-10-m-kabel-mit-4x-bnc-stecker-beschriftet-810140.html\">810140<\/a><\/td>\n<td><i class=\"fal fa-file-pdf\"><\/i><span class=\"button-label\">471KB<\/span><\/td>\n<td>\n<div class=\"text-right price\">292,500 EUR<\/div>\n<\/td>\n<\/tr>\n<tr>\n<td>\n<div><\/div>\n<\/td>\n<td>\n<div class=\"padding-left\">\n<div>Bo\u00eete de connexion avec 4x BNC femelles, RG174, 2,5 m<br \/>\nC\u00e2ble avec 4x BNC m\u00e2les, \u00e9tiquet\u00e9s<\/div>\n<div><\/div>\n<\/div>\n<\/td>\n<td><a class=\"internal-link\" href=\"https:\/\/www.koax24.de\/fr\/shop\/article\/anschlussbox-mit-4x-bnc-buchse-rg174-25-m-kabel-mit-4x-bnc-stecker-beschriftet-810142.html\">810142<\/a><\/td>\n<td><i class=\"fal fa-file-pdf\"><\/i><span class=\"button-label\">471KB<\/span><\/td>\n<td>\n<div class=\"text-right price\">260,298 EUR<\/div>\n<\/td>\n<\/tr>\n<tr>\n<td>\n<div><\/div>\n<\/td>\n<td>\n<div class=\"padding-left\">\n<div>Bo\u00eete de connexion avec 4x BNC femelles, RG174, 5 m<br \/>\nC\u00e2ble avec 4x BNC m\u00e2les, \u00e9tiquet\u00e9s<\/div>\n<div><\/div>\n<\/div>\n<\/td>\n<td><a class=\"internal-link\" href=\"https:\/\/www.koax24.de\/fr\/shop\/article\/anschlussbox-mit-4x-bnc-buchse-rg174-5-m-kabel-mit-4x-bnc-stecker-beschriftet-810141.html\">810141<\/a><\/td>\n<td><i class=\"fal fa-file-pdf\"><\/i><span class=\"button-label\">471KB<\/span><\/td>\n<td>\n<div class=\"text-right price\">266,382 EUR<\/div>\n<\/td>\n<\/tr>\n<tr>\n<td>\n<div><\/div>\n<\/td>\n<td>\n<div class=\"padding-left\">\n<div>Bo\u00eete de connexion avec 5x BNC femelles, RG174, 20 m<br \/>\nC\u00e2ble avec 5x BNC m\u00e2les, \u00e9tiquet\u00e9s<\/div>\n<\/div>\n<\/td>\n<td><a class=\"internal-link\" href=\"https:\/\/www.koax24.de\/fr\/shop\/article\/anschlussbox-mit-5x-bnc-buchse-rg174-20-m-kabel-mit-5x-bnc-stecker-beschriftet-810186.html\">810186<\/a><\/td>\n<td><\/td>\n<td>\n<div class=\"text-right price\">335,727 EUR<\/div>\n<\/td>\n<\/tr>\n<tr>\n<td>\n<div><\/div>\n<\/td>\n<td>\n<div class=\"padding-left\">\n<div>Bo\u00eete de connexion avec 5x BNC femelles, RG174, 30 m<br \/>\nC\u00e2ble avec 5x BNC m\u00e2les, \u00e9tiquet\u00e9s<\/div>\n<div><\/div>\n<\/div>\n<\/td>\n<td><a class=\"internal-link\" href=\"https:\/\/www.koax24.de\/fr\/shop\/article\/anschlussbox-mit-5x-bnc-buchse-rg174-30-m-kabel-mit-5x-bnc-stecker-beschriftet-810192.html\">810192<\/a><\/td>\n<td><i class=\"fal fa-file-pdf\"><\/i><span class=\"button-label\">471KB<\/span><\/td>\n<td>\n<div class=\"text-right price\">370,800 EUR<\/div>\n<\/td>\n<\/tr>\n<tr>\n<td>\n<div><\/div>\n<\/td>\n<td>\n<div class=\"padding-left\">\n<div>Bo\u00eete de connexion avec 8x BNC femelles, RG174, 10 m<br \/>\nC\u00e2ble avec 8x BNC m\u00e2les, \u00e9tiquet\u00e9s<\/div>\n<div><\/div>\n<\/div>\n<\/td>\n<td><a class=\"internal-link\" href=\"https:\/\/www.koax24.de\/fr\/shop\/article\/anschlussbox-mit-8x-bnc-buchse-rg174-10-m-kabel-mit-8x-bnc-stecker-beschriftet-810180.html\">810180<\/a><\/td>\n<td><i class=\"fal fa-file-pdf\"><\/i><span class=\"button-label\">471KB<\/span><\/td>\n<td>\n<div class=\"text-right price\">402,669 EUR<\/div>\n<\/td>\n<\/tr>\n<tr>\n<td>\n<div><\/div>\n<\/td>\n<td>\n<div class=\"padding-left\">\n<div>Bo\u00eete de connexion avec 8x BNC femelles, RG174, 2,5 m<br \/>\nC\u00e2ble avec 8x BNC m\u00e2les, \u00e9tiquet\u00e9s<\/div>\n<div><\/div>\n<\/div>\n<\/td>\n<td><a class=\"internal-link\" href=\"https:\/\/www.koax24.de\/fr\/shop\/article\/anschlussbox-mit-8x-bnc-buchse-rg174-25-m-kabel-mit-8x-bnc-stecker-beschriftet-810182.html\">810182<\/a><\/td>\n<td><i class=\"fal fa-file-pdf\"><\/i><span class=\"button-label\">471KB<\/span><\/td>\n<td>\n<div class=\"text-right price\">385,245 EUR<\/div>\n<\/td>\n<\/tr>\n<tr>\n<td>\n<div><\/div>\n<\/td>\n<td>\n<div class=\"padding-left\">\n<div>Bo\u00eete de connexion avec 8x BNC femelles, RG174, 30 m<br \/>\nC\u00e2ble avec 8x BNC m\u00e2les, \u00e9tiquet\u00e9s<\/div>\n<div><\/div>\n<\/div>\n<\/td>\n<td><a class=\"internal-link\" href=\"https:\/\/www.koax24.de\/fr\/shop\/article\/anschlussbox-mit-8x-bnc-buchse-rg174-30-m-kabel-mit-8x-bnc-stecker-beschriftet-810191.html\">810191<\/a><\/td>\n<td><i class=\"fal fa-file-pdf\"><\/i><span class=\"button-label\">471KB<\/span><\/td>\n<td>\n<div class=\"text-right price\">509,229 EUR<\/div>\n<\/td>\n<\/tr>\n<tr>\n<td>\n<div><\/div>\n<\/td>\n<td>\n<div class=\"padding-left\">\n<div>Bo\u00eete de connexion avec 8x BNC femelles, RG58 C\/U, 2,5 m<br \/>\nC\u00e2ble avec 8x BNC m\u00e2les, \u00e9tiquet\u00e9s<\/div>\n<div><\/div>\n<\/div>\n<\/td>\n<td><a class=\"internal-link\" href=\"https:\/\/www.koax24.de\/fr\/shop\/article\/anschlussbox-mit-8x-bnc-buchse-rg58-cu-25-m-kabel-mit-8x-bnc-stecker-beschriftet-810199.html\">810199<\/a><\/td>\n<td><\/td>\n<td>\n<div class=\"text-right price\">&#8212; EUR<\/div>\n<\/td>\n<\/tr>\n<\/tbody>\n<thead>\n<tr>\n<th class=\"table_manufactor_first_row_pic\" width=\"150\">Image<\/th>\n<th class=\"table_manufactor_first_row_long\">Description<\/th>\n<th class=\"table_search_first_row\">Article<\/th>\n<th class=\"table_search_first_row_data\">Fiche technique<\/th>\n<th class=\"table_manufactor_first_row_price\" width=\"80\">Prix \u00e0 partir de<\/th>\n<th class=\"\"><\/th>\n<\/tr>\n<\/thead>\n<tbody>\n<tr>\n<td>\n<div><\/div>\n<\/td>\n<td>\n<div class=\"padding-left\">\n<div>Bo\u00eete de connexion avec 8x BNC femelles, RG174, 10 m<br \/>\nC\u00e2ble avec 8x SMA femelle, \u00e9tiquet\u00e9<\/div>\n<div><\/div>\n<\/div>\n<\/td>\n<td><a class=\"internal-link\" href=\"https:\/\/www.koax24.de\/fr\/shop\/article\/anschlussbox-mit-8x-bnc-buchse-rg174-10-m-kabel-mit-8x-sma-buchse-beschriftet-810093.html\">810093<\/a><\/td>\n<td><\/td>\n<td>\n<div class=\"text-right price\">378,000 EUR<\/div>\n<\/td>\n<\/tr>\n<tr>\n<td>\n<div><\/div>\n<\/td>\n<td>\n<div class=\"padding-left\">\n<div>Bo\u00eete de connexion avec 8x BNC femelles, RG174, 10 m<br \/>\nC\u00e2ble avec 8x connecteur SMA, \u00e9tiquet\u00e9<\/div>\n<\/div>\n<\/td>\n<td><a class=\"internal-link\" href=\"https:\/\/www.koax24.de\/fr\/shop\/article\/anschlussbox-mit-8x-bnc-buchse-rg174-10-m-kabel-mit-8x-sma-stecker-beschriftet-810095.html\">810095<\/a><\/td>\n<td><\/td>\n<td>\n<div class=\"text-right price\">409,725 EUR<\/div>\n<\/td>\n<\/tr>\n<tr>\n<td>\n<div><\/div>\n<\/td>\n<td>\n<div class=\"padding-left\">\n<div>Bo\u00eete de connexion avec 8x BNC femelles, RG174, 7,5 m<br \/>\nC\u00e2ble avec 8x SMA femelle, \u00e9tiquet\u00e9<\/div>\n<div><\/div>\n<\/div>\n<\/td>\n<td><a class=\"internal-link\" href=\"https:\/\/www.koax24.de\/fr\/shop\/article\/anschlussbox-mit-8x-bnc-buchse-rg174-75-m-kabel-mit-8x-sma-buchse-beschriftet-810090.html\">810090<\/a><\/td>\n<td><\/td>\n<td>\n<div class=\"text-right price\">351,000 EUR<\/div>\n<\/td>\n<\/tr>\n<tr>\n<td>\n<div><\/div>\n<\/td>\n<td>\n<div class=\"padding-left\">\n<div>Bo\u00eete de connexion avec 8x BNC femelles, RG174, 7,5 m<br \/>\nC\u00e2ble avec 8x connecteur SMA, \u00e9tiquet\u00e9<\/div>\n<div><\/div>\n<\/div>\n<\/td>\n<td><a class=\"internal-link\" href=\"https:\/\/www.koax24.de\/fr\/shop\/article\/anschlussbox-mit-8x-bnc-buchse-rg174-75-m-kabel-mit-8x-sma-stecker-beschriftet-810091.html\">810091<\/a><\/td>\n<td><\/td>\n<td>\n<div class=\"text-right price\">397,557 EUR<\/div>\n<\/td>\n<\/tr>\n<\/tbody>\n<thead>\n<tr>\n<th class=\"table_manufactor_first_row_pic\" width=\"150\">Image<\/th>\n<th class=\"table_manufactor_first_row_long\">Description<\/th>\n<th class=\"table_search_first_row\">Article<\/th>\n<th class=\"table_search_first_row_data\">Fiche technique<\/th>\n<th class=\"table_manufactor_first_row_price\" width=\"80\">Prix \u00e0 partir de<\/th>\n<th class=\"\"><\/th>\n<\/tr>\n<\/thead>\n<tbody>\n<tr>\n<td>\n<div><\/div>\n<\/td>\n<td>\n<div class=\"padding-left\">\n<div>Bo\u00eete de connexion avec 4x BNC femelles, RG174, 10 m<br \/>\nC\u00e2ble avec 4x SMB femelle, \u00e9tiquet\u00e9<\/div>\n<div><\/div>\n<\/div>\n<\/td>\n<td><a class=\"internal-link\" href=\"https:\/\/www.koax24.de\/shop\/article\/anschlussbox-mit-4x-bnc-buchse-rg174-10-m-kabel-mit-4x-smb-buchse-beschriftet-810040.html\">810040<\/a><\/td>\n<td><\/td>\n<td>\n<div class=\"text-right price\">292,500 EUR<\/div>\n<\/td>\n<\/tr>\n<tr>\n<td>\n<div><\/div>\n<\/td>\n<td>\n<div class=\"padding-left\">\n<div>Bo\u00eete de connexion avec 4x BNC femelles, RG174, 2,5 m<br \/>\nC\u00e2ble avec 4x SMB femelle, \u00e9tiquet\u00e9<\/div>\n<div><\/div>\n<\/div>\n<\/td>\n<td><a class=\"internal-link\" href=\"https:\/\/www.koax24.de\/fr\/shop\/article\/anschlussbox-mit-4x-bnc-buchse-rg174-25-m-kabel-mit-4x-smb-buchse-beschriftet-810042.html\">810042<\/a><\/td>\n<td><\/td>\n<td>\n<div class=\"text-right price\">261,000 EUR<\/div>\n<\/td>\n<\/tr>\n<tr>\n<td>\n<div><\/div>\n<\/td>\n<td>\n<div class=\"padding-left\">\n<div>Bo\u00eete de connexion avec 4x BNC femelles, RG174, 5 m<br \/>\nC\u00e2ble avec 4x SMB femelle, \u00e9tiquet\u00e9<\/div>\n<div><\/div>\n<\/div>\n<\/td>\n<td><a class=\"internal-link\" href=\"https:\/\/www.koax24.de\/fr\/shop\/article\/anschlussbox-mit-4x-bnc-buchse-rg174-5-m-kabel-mit-4x-smb-buchse-beschriftet-810041.html\">810041<\/a><\/td>\n<td><\/td>\n<td>\n<div class=\"text-right price\">274,500 EUR<\/div>\n<\/td>\n<\/tr>\n<tr>\n<td>\n<div><\/div>\n<\/td>\n<td>\n<div class=\"padding-left\">\n<div>Bo\u00eete de jonction avec 8x BNC femelles, LMR100A, 10 m<br \/>\nC\u00e2ble avec 8x BNC m\u00e2les, \u00e9tiquet\u00e9s<\/div>\n<\/div>\n<\/td>\n<td><a class=\"internal-link\" href=\"https:\/\/www.koax24.de\/fr\/shop\/article\/anschlussbox-mit-8x-bnc-buchse-lmr100a-10-m-kabel-mit-8x-bnc-stecker-beschriftet-810085.html\">810085<\/a><\/td>\n<td><\/td>\n<td>\n<div class=\"text-right price\">513,000 EUR<\/div>\n<\/td>\n<\/tr>\n<tr>\n<td>\n<div><\/div>\n<\/td>\n<td>\n<div class=\"padding-left\">\n<div>Bo\u00eete de connexion avec 8x BNC femelles, RG174, 10 m<br \/>\nC\u00e2ble avec 8x SMB femelle, \u00e9tiquet\u00e9<\/div>\n<div><\/div>\n<\/div>\n<\/td>\n<td><a class=\"internal-link\" href=\"https:\/\/www.koax24.de\/shop\/article\/anschlussbox-mit-8x-bnc-buchse-rg174-10-m-kabel-mit-8x-smb-buchse-beschriftet-810080.html\">810080<\/a><\/td>\n<td><\/td>\n<td>\n<div class=\"text-right price\">378,000 EUR<\/div>\n<\/td>\n<\/tr>\n<tr>\n<td>\n<div><\/div>\n<\/td>\n<td>\n<div class=\"padding-left\">\n<div>Bo\u00eete de raccordement avec 8x BNC femelles, RG174, 2,5 m<br \/>\nC\u00e2ble avec 8x SMB femelle, \u00e9tiquet\u00e9<\/div>\n<div><\/div>\n<\/div>\n<\/td>\n<td><a class=\"internal-link\" href=\"https:\/\/www.koax24.de\/fr\/shop\/article\/anschlussbox-mit-8x-bnc-buchse-rg174-25-m-kabel-mit-8x-smb-buchse-beschriftet-810082.html\">810082<\/a><\/td>\n<td><\/td>\n<td>\n<div class=\"text-right price\">333,000 EUR<\/div>\n<\/td>\n<\/tr>\n<tr>\n<td>\n<div><\/div>\n<\/td>\n<td>\n<div class=\"padding-left\">\n<div>Bo\u00eete de connexion avec 8x BNC femelles, RG174, 5 m<br \/>\nC\u00e2ble avec 8x SMB femelle, \u00e9tiquet\u00e9<\/div>\n<div><\/div>\n<\/div>\n<\/td>\n<td><a class=\"internal-link\" href=\"https:\/\/www.koax24.de\/fr\/shop\/article\/anschlussbox-mit-8x-bnc-buchse-rg174-5-m-kabel-mit-8x-smb-buchse-beschriftet-810081.html\">810081<\/a><\/td>\n<td><\/td>\n<td>\n<div class=\"text-right price\">351,000 EUR<\/div>\n<\/td>\n<\/tr>\n<\/tbody>\n<\/table>\n","protected":false},"excerpt":{"rendered":"<p>Notre bo\u00eetier de raccordement de signaux BNC poss\u00e8de un bo\u00eetier l\u00e9ger mais robuste en aluminium et est con\u00e7u pour \u00eatre utilis\u00e9 sur des machines, des postes de travail en laboratoire ou dans l&rsquo;industrie automobile pour la transmission de signaux de mesure. Elle est disponible en standard avec 4, 6, 8 ou 10 prises BNC, mais [&hellip;]<\/p>\n","protected":false},"author":26,"featured_media":0,"parent":0,"menu_order":0,"comment_status":"closed","ping_status":"closed","template":"","meta":{"_et_pb_use_builder":"","_et_pb_old_content":"","_et_gb_content_width":"","footnotes":""},"class_list":["post-16586","page","type-page","status-publish","hentry"],"_links":{"self":[{"href":"https:\/\/blog.koax24.de\/fr\/wp-json\/wp\/v2\/pages\/16586","targetHints":{"allow":["GET"]}}],"collection":[{"href":"https:\/\/blog.koax24.de\/fr\/wp-json\/wp\/v2\/pages"}],"about":[{"href":"https:\/\/blog.koax24.de\/fr\/wp-json\/wp\/v2\/types\/page"}],"author":[{"embeddable":true,"href":"https:\/\/blog.koax24.de\/fr\/wp-json\/wp\/v2\/users\/26"}],"replies":[{"embeddable":true,"href":"https:\/\/blog.koax24.de\/fr\/wp-json\/wp\/v2\/comments?post=16586"}],"version-history":[{"count":7,"href":"https:\/\/blog.koax24.de\/fr\/wp-json\/wp\/v2\/pages\/16586\/revisions"}],"predecessor-version":[{"id":16722,"href":"https:\/\/blog.koax24.de\/fr\/wp-json\/wp\/v2\/pages\/16586\/revisions\/16722"}],"wp:attachment":[{"href":"https:\/\/blog.koax24.de\/fr\/wp-json\/wp\/v2\/media?parent=16586"}],"curies":[{"name":"wp","href":"https:\/\/api.w.org\/{rel}","templated":true}]}}