{"id":16584,"date":"2022-02-18T16:21:01","date_gmt":"2022-02-18T15:21:01","guid":{"rendered":"https:\/\/blog.koax24.de\/cable-video-0-8-3-7\/"},"modified":"2023-02-08T15:36:04","modified_gmt":"2023-02-08T14:36:04","slug":"cable-video-0-8-3-7","status":"publish","type":"page","link":"https:\/\/blog.koax24.de\/fr\/cable-video-0-8-3-7\/","title":{"rendered":"C\u00e2ble vid\u00e9o 0.8\/3.7"},"content":{"rendered":"<h1 class=\"pagetitle\">C\u00e2ble 0.8\/3.7 AF FRNC<\/h1>\n<div class=\"entry_wrap fix\">\n<div class=\"entry_content\">\n<p>**************************************<\/p>\n<h3>C\u00e2bles et lignes 0.8\/3.7 AF FRNC DRAKA \/ 75\u03a9 <a title=\"Koaxiales Kabel\" href=\"https:\/\/www.kabelwissen.de\/glossar_stichwortverzeichnis\/kabelaufbau\/koaxiales-kabel\/\">c\u00e2ble coaxial<\/a><\/h3>\n<p>Le <strong>0.8\/3.7 AF FRNC Draka<\/strong> est parfaitement adapt\u00e9 aux applications de studio et \u00e0 la transmission d&rsquo;informations d&rsquo;images. Pour la transmission de signaux analogiques et num\u00e9riques comme pour les\u00a0<a title=\"SDI\" href=\"https:\/\/www.kabelwissen.de\/glossar_stichwortverzeichnis\/kabelaufbau\/sdi\/\">SDI<\/a>, SDV,\u00a0<a title=\"SDTI\" href=\"https:\/\/www.kabelwissen.de\/glossar_stichwortverzeichnis\/kabelaufbau\/sdti\/\">SDTI<\/a>,\u00a0<a title=\"HDTV\" href=\"https:\/\/www.kabelwissen.de\/glossar_stichwortverzeichnis\/kabelaufbau\/hdtv\/\">HDTV<\/a>.<\/p>\n<p>Conforme \u00e0 : IEC 60332-1, IEC 60332-1, IEC 60754, IEC 61034<\/p>\n<p><strong>0.8\/3.7 AF FRNC DRAKA<\/strong> : couleur de la <a href=\"https:\/\/www.kabelwissen.de\/glossar_stichwortverzeichnis\/kabelaufbau\/mantel\/\">gaine<\/a> verte, 75 \u03a9 \/\/ DRAKA &#8211; 0.8\/3.7 AF FRNC-C HDT &#8211; 75R \u00b1 1% &#8211; <a href=\"https:\/\/www.kabelwissen.de\/glossar_stichwortverzeichnis\/materialien\/frnc\/\">HDTVFRNC<\/a><br \/>\nNum\u00e9ro : 1002206 \/ 60011525<\/p>\n<table class=\"link_extern\" align=\"left\">\n<tbody>\n<tr>\n<td rowspan=\"2\" align=\"left\" valign=\"middle\"><\/td>\n<td width=\"35%\"><a href=\"https:\/\/www.koax24.de\/shop\/article\/0837-af-frnc-draka-gruen-videokabel-0837-af-frnc-draka-050212.html\" target=\"_blank\" rel=\"noopener noreferrer\"><strong>Kabel 75 Ohm bestellen<\/strong><\/a><\/td>\n<td><a href=\"https:\/\/www.koax24.de\/shop\/article\/0837-af-frnc-draka-gruen-videokabel-0837-af-frnc-draka-050212.html\" target=\"_blank\" rel=\"noopener noreferrer\"><\/a><\/td>\n<\/tr>\n<tr>\n<td width=\"35%\"><strong>Kabelkonfektion mit 0.8\/3.7 AF FRNC<\/strong><\/td>\n<td><\/td>\n<\/tr>\n<\/tbody>\n<\/table>\n<p>&nbsp;<\/p>\n<table border=\"0\" cellspacing=\"1\" cellpadding=\"2\" bgcolor=\"#b0b0b0\">\n<tbody>\n<tr>\n<td width=\"120\"><\/td>\n<td width=\"160\">Mat\u00e9riel<\/td>\n<td width=\"120\">Diam\u00e8tre<\/td>\n<\/tr>\n<tr>\n<td bgcolor=\"#ffffff\">Conducteur int\u00e9rieur<\/td>\n<td bgcolor=\"#ffffff\">Cu solide, brillant<\/td>\n<td bgcolor=\"#ffffff\">0.80 mm<\/td>\n<\/tr>\n<tr>\n<td bgcolor=\"#ffffff\">Di\u00e9lektrique<\/td>\n<td bgcolor=\"#ffffff\">PE<\/td>\n<td bgcolor=\"#ffffff\">3.70 mm<\/td>\n<\/tr>\n<tr>\n<td bgcolor=\"#ffffff\">Gaine<\/td>\n<td bgcolor=\"#ffffff\">Al Feuille, Cu tressage<\/td>\n<td bgcolor=\"#ffffff\">4.50 mm<\/td>\n<\/tr>\n<tr>\n<td bgcolor=\"#ffffff\">Gaine de c\u00e2ble<\/td>\n<td bgcolor=\"#ffffff\">FRNC, vert<\/td>\n<td bgcolor=\"#ffffff\">5.90 mm<\/td>\n<\/tr>\n<\/tbody>\n<\/table>\n<p class=\"csc-firstHeader\"><strong><br \/>\nC\u00e2ble de raccordement vid\u00e9o confectionn\u00e9<br \/>\n<\/strong>Chez nous, vous pouvez \u00e9galement obtenir des c\u00e2bles confectionn\u00e9s 75 ohms pour la transmission de signaux vid\u00e9o pour <a href=\"https:\/\/www.kabelwissen.de\/glossar_stichwortverzeichnis\/kabelaufbau\/hdtv\/\">HDTV<\/a>, UltraHD ou 4K, et <a href=\"https:\/\/www.kabelwissen.de\/glossar_stichwortverzeichnis\/kabelaufbau\/sdi\/\">SDI<\/a>.<br \/>\nPour vos c\u00e2bles, vous avez le choix entre 10 gaines antiflambage de couleurs diff\u00e9rentes.<br \/>\nGr\u00e2ce \u00e0 leur <a href=\"https:\/\/www.kabelwissen.de\/glossar_stichwortverzeichnis\/elektrischen-eigenschaften\/wellenwiderstand\/\">imp\u00e9dance caract\u00e9ristique<\/a> de 75R, tous les c\u00e2bles sont parfaitement adapt\u00e9s \u00e0 la technique de la t\u00e9l\u00e9vision et de la radio.<\/p>\n<table border=\"0\" cellspacing=\"1\" cellpadding=\"4\" bgcolor=\"#b0b0b0\">\n<tbody>\n<tr>\n<td bgcolor=\"#c7c7c7\" width=\"250\">Description<\/td>\n<td bgcolor=\"#c7c7c7\" width=\"85\">Format<\/td>\n<td bgcolor=\"#c7c7c7\">Taille<\/td>\n<td bgcolor=\"#c7c7c7\" width=\"95\">T\u00e9l\u00e9chargement<\/td>\n<\/tr>\n<tr>\n<td bgcolor=\"#ffffff\">0.8\/3.7 AF FRNC Draka c\u00e2ble \u2013 Fiche technique<\/td>\n<td align=\"center\" bgcolor=\"#ffffff\"><img decoding=\"async\" src=\"http:\/\/koax24.de\/gfx\/adobe_grey_small.gif\" alt=\"\" \/>\u00a0PDF<\/td>\n<td bgcolor=\"#ffffff\">124 kB<\/td>\n<td align=\"center\" bgcolor=\"#ffffff\"><a href=\"https:\/\/www.koax24.de\/storage\/datasheet\/de\/050212_Datenblatt_08-37_AF_Draka.pdf\">cliquez ici<\/a><\/td>\n<\/tr>\n<\/tbody>\n<\/table>\n<p>Il suffit de nous laisser confectionner les c\u00e2bles ! <a href=\"https:\/\/www.koax24.de\/konfigurator\/kabelkonfigurator.html\">plus sous &gt;&gt;&gt;<\/a><\/p>\n<\/div>\n<\/div>\n","protected":false},"excerpt":{"rendered":"<p>C\u00e2ble 0.8\/3.7 AF FRNC ************************************** C\u00e2bles et lignes 0.8\/3.7 AF FRNC DRAKA \/ 75\u03a9 c\u00e2ble coaxial Le 0.8\/3.7 AF FRNC Draka est parfaitement adapt\u00e9 aux applications de studio et \u00e0 la transmission d&rsquo;informations d&rsquo;images. Pour la transmission de signaux analogiques et num\u00e9riques comme pour les\u00a0SDI, SDV,\u00a0SDTI,\u00a0HDTV. Conforme \u00e0 : IEC 60332-1, IEC 60332-1, IEC 60754, [&hellip;]<\/p>\n","protected":false},"author":26,"featured_media":0,"parent":0,"menu_order":0,"comment_status":"closed","ping_status":"closed","template":"","meta":{"_et_pb_use_builder":"","_et_pb_old_content":"","_et_gb_content_width":"","footnotes":""},"class_list":["post-16584","page","type-page","status-publish","hentry"],"_links":{"self":[{"href":"https:\/\/blog.koax24.de\/fr\/wp-json\/wp\/v2\/pages\/16584","targetHints":{"allow":["GET"]}}],"collection":[{"href":"https:\/\/blog.koax24.de\/fr\/wp-json\/wp\/v2\/pages"}],"about":[{"href":"https:\/\/blog.koax24.de\/fr\/wp-json\/wp\/v2\/types\/page"}],"author":[{"embeddable":true,"href":"https:\/\/blog.koax24.de\/fr\/wp-json\/wp\/v2\/users\/26"}],"replies":[{"embeddable":true,"href":"https:\/\/blog.koax24.de\/fr\/wp-json\/wp\/v2\/comments?post=16584"}],"version-history":[{"count":4,"href":"https:\/\/blog.koax24.de\/fr\/wp-json\/wp\/v2\/pages\/16584\/revisions"}],"predecessor-version":[{"id":17387,"href":"https:\/\/blog.koax24.de\/fr\/wp-json\/wp\/v2\/pages\/16584\/revisions\/17387"}],"wp:attachment":[{"href":"https:\/\/blog.koax24.de\/fr\/wp-json\/wp\/v2\/media?parent=16584"}],"curies":[{"name":"wp","href":"https:\/\/api.w.org\/{rel}","templated":true}]}}