{"id":16580,"date":"2022-02-18T15:31:18","date_gmt":"2022-02-18T14:31:18","guid":{"rendered":"https:\/\/blog.koax24.de\/fouet-a-cable-avec-connecteur-d-sub\/"},"modified":"2024-07-17T12:27:16","modified_gmt":"2024-07-17T11:27:16","slug":"fouet-a-cable-avec-connecteur-d-sub","status":"publish","type":"page","link":"https:\/\/blog.koax24.de\/fr\/fouet-a-cable-avec-connecteur-d-sub\/","title":{"rendered":"Fouet \u00e0 c\u00e2ble avec connecteur D-Sub"},"content":{"rendered":"<p><img loading=\"lazy\" decoding=\"async\" class=\"alignleft\" src=\"https:\/\/www.koax24.de\/fileadmin\/_migrated\/media\/Kabelpeitsche_D_SUB_WZ.jpg\" alt=\"Kabelpreitsche auf dsub\" width=\"220\" height=\"220\" \/><\/p>\n<p>Un <a href=\"https:\/\/www.koax24.de\/fr\/infos-de-produit\/boitier-de-connexion\/le-fouet-du-cable-avec-d-sub.html\">fouet de c\u00e2ble<\/a> est un type d&rsquo;adaptateur compos\u00e9 d&rsquo;un connecteur multipolaire qui permet de r\u00e9partir un signal sur plusieurs c\u00e2bles, chacun avec son propre <a href=\"https:\/\/www.koax24.de\/fr\/infos-de-produit\/connecteur\/vue-densemble.html\">connecteur<\/a>. Nos fouets de c\u00e2bles avec connecteurs D-Sub sont des produits compl\u00e9mentaires adapt\u00e9s \u00e0 nos <a href=\"https:\/\/www.koax24.de\/fr\/infos-de-produit\/boitier-de-connexion\/bnc-sur-d-sub.html\">bo\u00eetiers de d\u00e9rivation avec connexion D-Sub<\/a>.<\/p>\n<p>Le nombre possible de <a href=\"https:\/\/www.koax24.de\/fr\/cable-coaxial-50-ohm.html\">c\u00e2bles<\/a> est limit\u00e9 par le peu de place disponible sur les connecteurs D-Sub. Nous proposons en standard de 2 \u00e0 10 connexions, mais dans des cas particuliers, il peut y en avoir plus. La longueur et l&rsquo;\u00e9quipement des diff\u00e9rents connecteurs d\u00e9pendent enti\u00e8rement des souhaits de nos clients, car ils peuvent \u00eatre fabriqu\u00e9s \u00e0 partir d&rsquo;une seule pi\u00e8ce par notre \u00e9quipe exp\u00e9riment\u00e9e de <a href=\"https:\/\/www.koax24.de\/fr\/configurateur\/configurateur-de-cables-du-cable-coaxial.html?kidgroup=459M242&amp;cHash=05ab62c72d43a683f9451e2dd30ab0c9\">confectionneurs de c\u00e2bles<\/a>.<\/p>\n<p>Les connecteurs D-Sub sont disponibles en version standard dans les versions <strong>DB9, DB15, DB25 et DB37<\/strong>.<\/p>\n<p><strong>D\u00e9finition:<\/strong> prise femelle \u00e0 9 p\u00f4les = BU Female, prise m\u00e2le \u00e0 9 p\u00f4les = ST Stift (male).<\/p>\n<p>&nbsp;<\/p>\n<h3><\/h3>\n<h3><strong>Distribution optimale de votre signal de mesure gr\u00e2ce \u00e0 une solution sur circuit imprim\u00e9<\/strong><\/h3>\n<p><img loading=\"lazy\" decoding=\"async\" class=\"alignright\" src=\"https:\/\/www.koax24.de\/fileadmin\/_migrated\/media\/Stecker_D-sub_400x400_WZ.jpg\" alt=\"Innenansicht mehrpoliger Steckverbinder\" width=\"221\" height=\"221\" \/><\/p>\n<p>En r\u00e8gle g\u00e9n\u00e9rale, la distribution du signal au connecteur D-Sub ou \u00e0 la prise D-Sub est r\u00e9alis\u00e9e par un circuit imprim\u00e9 appropri\u00e9. Le circuit imprim\u00e9 appropri\u00e9 est \u00e9quip\u00e9 du plus grand nombre possible de connexions, de sorte que l&rsquo;omission de connexions ne pose aucun probl\u00e8me. La solution du circuit imprim\u00e9 est optimis\u00e9e pour obtenir un espacement maximal entre les diff\u00e9rents contacts, ce qui garantit une qualit\u00e9 constante.<\/p>\n<p>Notre kit est \u00e9quip\u00e9 de connecteurs et de bo\u00eetiers de haute qualit\u00e9. Il comprend toujours une gaine thermor\u00e9tractable adapt\u00e9e avec un adh\u00e9sif int\u00e9rieur pour la sortie du c\u00e2ble dans le bo\u00eetier.<\/p>\n<p>Dans le tableau suivant, vous trouverez des circuits imprim\u00e9s d\u00e9j\u00e0 r\u00e9alis\u00e9s par nos soins avec une affectation des broches sp\u00e9cifique au client, \u00e0 l&rsquo;exemple d&rsquo;un connecteur D-Sub \u00e0 25 p\u00f4les :<\/p>\n<p><img loading=\"lazy\" decoding=\"async\" class=\"aligncenter\" src=\"https:\/\/www.koax24.de\/fileadmin\/templates\/images\/konfektion\/Dsub\/Dsub-25pol.jpg\" alt=\"Pinbelegung 25pol. D-Sub Buchse und 25pol. D-Sub Stecker\" width=\"163\" height=\"351\" \/><\/p>\n<table class=\"ce-table ce-table-colored-header\" style=\"height: 924px\" width=\"752\">\n<thead>\n<tr>\n<th>Affectation<\/th>\n<th>D-Sub 25 pol.<\/th>\n<th>D-Sub 25 pol.<\/th>\n<th>D-Sub 25 pol.<\/th>\n<th>D-Sub 25 pol.<\/th>\n<\/tr>\n<\/thead>\n<tbody>\n<tr>\n<td>Num\u00e9ro d&rsquo;article<\/td>\n<td>122346<\/td>\n<td>122346<\/td>\n<td>122346<\/td>\n<td>122398<\/td>\n<\/tr>\n<tr>\n<td><\/td>\n<td><\/td>\n<td>Convient pour\u00a0D-Sub Box<\/td>\n<td><\/td>\n<td><\/td>\n<\/tr>\n<tr>\n<td>Type (Abb.)<\/td>\n<td>femelle (A)<\/td>\n<td>m\u00e2le (B)<\/td>\n<td>m\u00e2le (B)<\/td>\n<td>m\u00e2le (B)<\/td>\n<\/tr>\n<tr>\n<td><\/td>\n<td>IN \/ gaine<\/td>\n<td>IN \/ gaine<\/td>\n<td>IN \/ gaine<\/td>\n<td>IN \/ gaine<\/td>\n<\/tr>\n<tr>\n<td>CH1<\/td>\n<td>13 \/ 25<\/td>\n<td>1 \/ 14<\/td>\n<td><\/td>\n<td>24 \/ 25+12<\/td>\n<\/tr>\n<tr>\n<td>CH2<\/td>\n<td>12 \/ 24<\/td>\n<td>2 \/ 15<\/td>\n<td><\/td>\n<td>10 \/ 23+11<\/td>\n<\/tr>\n<tr>\n<td>CH3<\/td>\n<td>11 \/ 23<\/td>\n<td>3 \/ 16<\/td>\n<td><\/td>\n<td>21 \/ 22+9<\/td>\n<\/tr>\n<tr>\n<td>CH4<\/td>\n<td>10 \/ 22<\/td>\n<td>4 \/ 17<\/td>\n<td><\/td>\n<td>7 \/ 20+8<\/td>\n<\/tr>\n<tr>\n<td>CH5<\/td>\n<td>9 \/ 21<\/td>\n<td>5 \/ 18<\/td>\n<td><\/td>\n<td>18 \/ 19+6<\/td>\n<\/tr>\n<tr>\n<td>CH6<\/td>\n<td>8 \/ 10<\/td>\n<td>6 \/ 19<\/td>\n<td><\/td>\n<td>4 \/ 17+5<\/td>\n<\/tr>\n<tr>\n<td>CH7<\/td>\n<td>7 \/ 19<\/td>\n<td>7 \/ 20<\/td>\n<td><\/td>\n<td>15 \/ 16+3<\/td>\n<\/tr>\n<tr>\n<td>CH8<\/td>\n<td>6 \/ 18<\/td>\n<td>8 \/ 21<\/td>\n<td><\/td>\n<td>1 \/ 14+2<\/td>\n<\/tr>\n<tr>\n<td>CH9<\/td>\n<td>5 \/ 17<\/td>\n<td>9 \/ 22<\/td>\n<td><\/td>\n<td><\/td>\n<\/tr>\n<tr>\n<td>CH10<\/td>\n<td>4 \/ 16<\/td>\n<td>10 \/ 23<\/td>\n<td><\/td>\n<td><\/td>\n<\/tr>\n<tr>\n<td>CH11<\/td>\n<td>3 \/ 15<\/td>\n<td>11 \/ 24<\/td>\n<td><\/td>\n<td><\/td>\n<\/tr>\n<tr>\n<td>CH12<\/td>\n<td>2 \/ 14<\/td>\n<td>12 \/ 25<\/td>\n<\/tr>\n<\/tbody>\n<\/table>\n<p>&nbsp;<\/p>\n<p>Nous proposons \u00e9galement un grand nombre de <a href=\"https:\/\/www.koax24.de\/fr\/infos-de-produit\/boitier-de-connexion\/vue-densemble.html\">bo\u00eetes de connexion<\/a> sp\u00e9cifiques aux clients, adapt\u00e9es \u00e0 nos fouets de c\u00e2bles, avec des <a href=\"https:\/\/www.koax24.de\/fr\/infos-de-produit\/boitier-de-connexion\/bnc-sur-d-sub.html\">connecteurs D-Sub<\/a> sur demande.<\/p>\n<p>&nbsp;<\/p>\n<p>&nbsp;<\/p>\n<p>_________________________________________________________________________________________<\/p>\n<h3>Confection de c\u00e2bles avec notre configurateur de c\u00e2bles :<\/h3>\n<p>Choisissez la combinaison qui vous convient parmi plus de 200 <a href=\"https:\/\/www.koax24.de\/fr\/infos-de-produit\/connecteur\/vue-densemble.html\">fiches et prises<\/a> diff\u00e9rentes et plus de 80 <a href=\"https:\/\/www.koax24.de\/fr\/apercus\/galerie-dimages\/cables-coaxiaux-50-ohm.html\">types de c\u00e2bles<\/a>. Fabrication rapide gr\u00e2ce \u00e0 une grande capacit\u00e9 de stockage et une fabrication \u00e0 Karlsruhe ! Gr\u00e2ce \u00e0 notre <strong>configurateur <\/strong>interactif<strong> pour les c\u00e2bles coaxiaux <a href=\"https:\/\/www.koax24.de\/fr\/configurateur\/configurateur-de-cables-du-cable-coaxial.html\">50Ohm et 75Ohm<\/a><\/strong>, vous pouvez <strong>choisir tr\u00e8s facilement<\/strong> votre c\u00e2ble individuel \u00e0 l&rsquo;aide d&rsquo;images et d&rsquo;informations correspondantes &#8211; <strong>commandez en ligne<\/strong> et il peut d\u00e9j\u00e0 \u00eatre chez vous le <a href=\"https:\/\/www.koax24.de\/fr\/informations\/delai-de-livraison.html\"><strong>lendemain<\/strong><\/a> !<br \/>\nNouveau : <a href=\"https:\/\/www.koax24.de\/fr\/cables-confectionnes\/bnc-male.html\">Confection de c\u00e2bles tri\u00e9e par connecteur et par c\u00e2ble !<\/a><\/p>\n<header>\n<h2><\/h2>\n<h3 class=\" headline underline\">C\u00e2bles coaxiaux:<\/h3>\n<\/header>\n<p><a class=\"link_home\" title=\"RG178 C\u00e2ble coaxial - ligne coaxiale\" href=\"https:\/\/www.koax24.de\/fr\/infos-de-produit\/cable-coaxial\/cable-coaxial-50-ohm\/15-21-mm-taille1\/rg178.html\">RG178<\/a>\u00a0|\u00a0RG196 A\/U\u00a0|\u00a0<a class=\"link_home\" title=\"RGL196 LowNoise c\u00e2ble coaxial - ligne coaxiale\" href=\"https:\/\/www.koax24.de\/fr\/infos-de-produit\/cable-coaxial\/cable-coaxial-50-ohm\/15-21-mm-taille1\/rgl196-lownoise.html\">RGL196 LowNoise<\/a>\u00a0|\u00a0<a class=\"link_home\" title=\"KAPTON 1.45mm C\u00c2BLE COAXIAL \/ 50 \u03a9\" href=\"https:\/\/www.koax24.de\/fr\/infos-de-produit\/cable-coaxial\/cable-coaxial-50-ohm\/15-21-mm-taille1\/kapton-145mm.html\">KAPTON 1.45mm<\/a>\u00a0|\u00a0<a class=\"link_home\" title=\"LN5001 LowNoise c\u00e2ble coaxial - ligne coaxiale\" href=\"https:\/\/www.koax24.de\/fr\/infos-de-produit\/cable-coaxial\/cable-coaxial-50-ohm\/15-21-mm-taille1\/ln5001-lownoise.html\">LN5001 LowNoise<\/a>\u00a0|\u00a0<a class=\"link_home\" title=\"Sucoform 86 c\u00e2bla coaxial - ligne coaxiale\" href=\"https:\/\/www.koax24.de\/fr\/infos-de-produit\/cable-coaxial\/cable-coaxial-50-ohm\/15-21-mm-taille1\/sucoform-86.html\">Sucoform 86<\/a>\u00a0|\u00a0<a class=\"link_home\" title=\"RG174 A\/U c\u00e2ble coaxial - ligne coaxiale\" href=\"https:\/\/www.koax24.de\/fr\/infos-de-produit\/cable-coaxial\/koaxialkabel-50-ohm\/24-32-mm-taille2\/rg174-au.html\">RG174 A\/U<\/a>\u00a0|\u00a0<a class=\"link_home\" title=\"RG174 LSNH c\u00e2ble coaxial - ligne coaxiale\" href=\"https:\/\/www.koax24.de\/fr\/infos-de-produit\/cable-coaxial\/koaxialkabel-50-ohm\/24-32-mm-taille2\/rg174-lsnh.html\">RG174 LSNH<\/a>\u00a0|\u00a0<a class=\"link_home\" title=\"RG188 A\/U\" href=\"https:\/\/www.koax24.de\/fr\/infos-de-produit\/cable-coaxial\/koaxialkabel-50-ohm\/24-32-mm-taille2\/rg188-au.html\">RG188 A\/U<\/a>\u00a0|\u00a0<a class=\"link_home\" title=\"RG316 \/C c\u00e2ble coaxial - ligne coaxiale\" href=\"https:\/\/www.koax24.de\/fr\/infos-de-produit\/cable-coaxial\/koaxialkabel-50-ohm\/24-32-mm-taille2\/rg316-c.html\">RG316 \/C<\/a>\u00a0|\u00a0<a class=\"link_home\" title=\"RG316 \/U c\u00e2ble coaxial - ligne coaxiale, RG316\" href=\"https:\/\/www.koax24.de\/fr\/infos-de-produit\/cable-coaxial\/cable-coaxial-50-ohm\/24-32-mm-taille2\/rg316-u.html\">RG316 \/U<\/a>\u00a0|\u00a0<a class=\"link_home\" title=\"RGL316 LowNoise c\u00e2ble coaxial - ligne coaxiale\" href=\"https:\/\/www.koax24.de\/fr\/infos-de-produit\/cable-coaxial\/koaxialkabel-50-ohm\/24-32-mm-taille2\/rgl316-lownoise.html\">RGL316 LowNoise<\/a>\u00a0|\u00a0<a class=\"link_home\" title=\"RG316D - RD316 c\u00e2ble coaxial - ligne coaxiale\" href=\"https:\/\/www.koax24.de\/fr\/infos-de-produit\/cable-coaxial\/koaxialkabel-50-ohm\/24-32-mm-taille2\/rg316d-rd316.html\">RG316D &#8211; RD316<\/a>\u00a0|\u00a0<a class=\"link_home\" title=\"C\u00e2ble coaxial- Ligne coaxiale ENVIROFLEX 316D\" href=\"https:\/\/www.koax24.de\/fr\/infos-de-produit\/cable-coaxial\/koaxialkabel-50-ohm\/24-32-mm-taille2\/enviroflex-316d.html\">ENVIROFLEX 316D<\/a>\u00a0|\u00a0<a class=\"link_home\" title=\"CLF100 c\u00e2ble coaxial - ligne coaxiale\" href=\"https:\/\/www.koax24.de\/fr\/infos-de-produit\/cable-coaxial\/koaxialkabel-50-ohm\/24-32-mm-taille2\/clf100.html\">CLF100<\/a>\u00a0|\u00a0<a class=\"link_home\" title=\"LMR 100A c\u00e2ble coaxial - ligne coaxiale\" href=\"https:\/\/www.koax24.de\/fr\/infos-de-produit\/cable-coaxial\/koaxialkabel-50-ohm\/24-32-mm-taille2\/lmr-100a.html\">LMR 100A<\/a>\u00a0|\u00a0<a class=\"link_home\" title=\"C\u00e2ble coaxial LN5002 LowNoise, LN 5002\" href=\"https:\/\/www.koax24.de\/fr\/infos-de-produit\/cable-coaxial\/koaxialkabel-50-ohm\/24-32-mm-taille2\/ln5002-lownoise.html\">LN5002 LowNoise<\/a>\u00a0|\u00a0<a class=\"link_home\" title=\"C\u00e2ble coaxial - Ligne coaxiale BEDEA MXR 0.45\/1.4L LowNoi\" href=\"https:\/\/www.koax24.de\/fr\/infos-de-produit\/cable-coaxial\/koaxialkabel-50-ohm\/24-32-mm-taille2\/bedea-mxr-04514l-lownoise.html\">BEDEA MXR 0.45\/1.4L LowNoise<\/a>\u00a0|\u00a0<a class=\"link_home\" title=\"C\u00e2ble coaxial - ligne coaxial PE-P086, PE-P086\" href=\"https:\/\/www.koax24.de\/fr\/infos-de-produit\/cable-coaxial\/koaxialkabel-50-ohm\/24-32-mm-taille2\/pe-p086.html\">PE-P086<\/a>\u00a0|\u00a0<a class=\"link_home\" title=\"C\u00e2ble coaxial Multiflex 86\" href=\"https:\/\/www.koax24.de\/fr\/infos-de-produit\/cable-coaxial\/koaxialkabel-50-ohm\/24-32-mm-taille2\/multiflex-86.html\">Multiflex 86<\/a>\u00a0|\u00a0<a class=\"link_home\" title=\"Sucoform 86 FEP c\u00e2bla coaxial - ligne coaxiale\" href=\"https:\/\/www.koax24.de\/fr\/infos-de-produit\/cable-coaxial\/koaxialkabel-50-ohm\/24-32-mm-taille2\/sucoform-86-fep.html\">Sucoform 86 FEP<\/a>\u00a0|\u00a0<a class=\"link_home\" title=\"Sucoform 86 LSFH c\u00e2bla coaxial - ligne coaxiale\" href=\"https:\/\/www.koax24.de\/fr\/infos-de-produit\/cable-coaxial\/koaxialkabel-50-ohm\/24-32-mm-taille2\/sucoform-86-lsfh.html\">Sucoform 86 LSFH<\/a>\u00a0|\u00a0<a class=\"link_home\" title=\"C\u00e2ble coaxial K02252D, Ligne coaxiale K02252D\" href=\"https:\/\/www.koax24.de\/fr\/infos-de-produit\/cable-coaxial\/koaxialkabel-50-ohm\/24-32-mm-taille2\/k-02252-d.html\">K_02252_D<\/a>\u00a0|\u00a0<a class=\"link_home\" title=\"C\u00e2ble coaxial - ligne coaxiale SS405\" href=\"https:\/\/www.koax24.de\/fr\/infos-de-produit\/cable-coaxial\/koaxialkabel-50-ohm\/24-32-mm-taille2\/ss405.html\">SS405<\/a>\u00a0|\u00a0<a class=\"link_home\" title=\"C\u00e2ble coaxial Multiflex 141\" href=\"https:\/\/www.koax24.de\/fr\/infos-de-produit\/cable-coaxial\/cable-coaxial-50-ohm\/32-39-mm-taille3\/multiflex-141.html\">Multiflex 141<\/a>\u00a0|\u00a0<a class=\"link_home\" title=\"C\u00e2ble coaxial - ligne coaxiale Sucoform 141\" href=\"https:\/\/www.koax24.de\/fr\/infos-de-produit\/cable-coaxial\/cable-coaxial-50-ohm\/32-39-mm-taille3\/sucoform-141.html\">Sucoform 141<\/a>\u00a0|\u00a0<a class=\"link_home\" title=\"C\u00e2ble coaxial Sucoform 141 FEP\" href=\"https:\/\/www.koax24.de\/fr\/infos-de-produit\/cable-coaxial\/cable-coaxial-50-ohm\/32-39-mm-taille3\/sucoform-141-fep.html\">Sucoform 141 FEP<\/a>\u00a0|\u00a0<a class=\"link_home\" title=\"C\u00e2ble coaxial - ligne coaxiale PE-P141, PE-P141\" href=\"https:\/\/www.koax24.de\/fr\/infos-de-produit\/cable-coaxial\/cable-coaxial-50-ohm\/32-39-mm-taille3\/pe-p141.html\">PE-P141<\/a>\u00a0|\u00a0<a class=\"link_home\" title=\"C\u00e2ble coaxial - ligne coaxiale SS402\" href=\"https:\/\/www.koax24.de\/fr\/infos-de-produit\/cable-coaxial\/cable-coaxial-50-ohm\/32-39-mm-taille3\/ss402.html\">SS402<\/a>\u00a0|\u00a0<a class=\"link_home\" title=\"C\u00e2ble coaxial RG58, RG58\" href=\"https:\/\/www.koax24.de\/fr\/infos-de-produit\/cable-coaxial\/koaxialkabel-50-ohm\/49-61-mm-taille4\/rg58.html\">RG58<\/a>\u00a0|\u00a0<a class=\"link_home\" title=\"C\u00e2ble coaxial RG058, RG 058\" href=\"https:\/\/www.koax24.de\/fr\/infos-de-produit\/cable-coaxial\/koaxialkabel-50-ohm\/49-61-mm-taille4\/rg058.html\">RG058<\/a>\u00a0|\u00a0RG58 ALL\u00a0|\u00a0<a class=\"link_home\" title=\"C\u00e2ble coaxial arnoflex 58 LSNH\" href=\"https:\/\/www.koax24.de\/fr\/infos-de-produit\/cable-coaxial\/koaxialkabel-50-ohm\/49-61-mm-taille4\/cable-coaxial-arnoflex-58-lsnh.html\">arnoflex 58 LSNH<\/a>\u00a0|\u00a0<a class=\"link_home\" title=\"C\u00e2ble coaxial RG58 PUR, RG58 PUR\" href=\"https:\/\/www.koax24.de\/fr\/infos-de-produit\/cable-coaxial\/koaxialkabel-50-ohm\/49-61-mm-taille4\/rg58-pur.html\">RG58 PUR<\/a>\u00a0|\u00a0<a class=\"link_home\" title=\"C\u00e2ble coaxial Enviroflex 142\" href=\"https:\/\/www.koax24.de\/fr\/infos-de-produit\/cable-coaxial\/koaxialkabel-50-ohm\/49-61-mm-taille4\/enviroflex-142.html\">Enviroflex 142<\/a>\u00a0|\u00a0<a class=\"link_home\" title=\"C\u00e2bles coaxiaux RG142, RG142\" href=\"https:\/\/www.koax24.de\/fr\/infos-de-produit\/cable-coaxial\/koaxialkabel-50-ohm\/49-61-mm-taille4\/rg142.html\">RG142<\/a>\u00a0|\u00a0<a class=\"link_home\" title=\"C\u00e2ble coaxial LL142 STR Super LowLos\" href=\"https:\/\/www.koax24.de\/fr\/infos-de-produit\/cable-coaxial\/koaxialkabel-50-ohm\/49-61-mm-taille4\/ll142.html\">LL142<\/a>\u00a0|\u00a0<a class=\"link_home\" title=\"C\u00e2ble coaxial RG223, RG223\" href=\"https:\/\/www.koax24.de\/fr\/infos-de-produit\/cable-coaxial\/koaxialkabel-50-ohm\/49-61-mm-taille4\/rg223.html\">RG223<\/a>\u00a0|\u00a0<a class=\"link_home\" title=\"C\u00e2ble coaxial Enviroflex 400\" href=\"https:\/\/www.koax24.de\/fr\/infos-de-produit\/cable-coaxial\/koaxialkabel-50-ohm\/49-61-mm-taille4\/enviroflex-400.html\">Enviroflex 400<\/a>\u00a0|\u00a0<a class=\"link_home\" title=\"C\u00e2ble coaxial RG400, RG400\" href=\"https:\/\/www.koax24.de\/fr\/infos-de-produit\/cable-coaxial\/koaxialkabel-50-ohm\/49-61-mm-taille4\/rg400.html\">RG400<\/a>\u00a0|\u00a0<a class=\"link_home\" title=\"C\u00e2ble coaxial H-155 PE, H155\" href=\"https:\/\/www.koax24.de\/fr\/infos-de-produit\/cable-coaxial\/koaxialkabel-50-ohm\/49-61-mm-taille4\/h-155-pe.html\">H-155 PE<\/a>\u00a0|\u00a0<a class=\"link_home\" title=\"C\u00e2ble coaxial H-155 FRNC \/ LSNH, H-155\" href=\"https:\/\/www.koax24.de\/fr\/infos-de-produit\/cable-coaxial\/koaxialkabel-50-ohm\/49-61-mm-taille4\/h-155-frnc.html\">H-155 FRNC<\/a>\u00a0|\u00a0<a class=\"link_home\" title=\"C\u00e2ble coaxial H-155 PVC, H-155\" href=\"https:\/\/www.koax24.de\/fr\/infos-de-produit\/cable-coaxial\/koaxialkabel-50-ohm\/49-61-mm-taille4\/h-155-pvc.html\">H-155 PVC<\/a>\u00a0|\u00a0<a class=\"link_home\" title=\"C\u00e2ble coaxial WC-55 PE\" href=\"https:\/\/www.koax24.de\/fr\/infos-de-produit\/cable-coaxial\/koaxialkabel-50-ohm\/49-61-mm-taille4\/wc-55-pe.html\">WC-55 PE<\/a>\u00a0|\u00a0<a class=\"link_home\" title=\"HyperFlex 5\" href=\"https:\/\/www.koax24.de\/fr\/infos-de-produit\/cable-coaxial\/koaxialkabel-50-ohm\/49-61-mm-taille4\/hyperflex-5.html\">HyperFlex 5<\/a>\u00a0|\u00a0<a class=\"link_home\" title=\"C\u00e2ble coaxial CLF195, CLF195\" href=\"https:\/\/www.koax24.de\/fr\/infos-de-produit\/cable-coaxial\/koaxialkabel-50-ohm\/49-61-mm-taille4\/clf195.html\">CLF195<\/a>\u00a0|\u00a0<a class=\"link_home\" title=\"C\u00e2ble coaxial CLF200, CLF200\" href=\"https:\/\/www.koax24.de\/fr\/infos-de-produit\/cable-coaxial\/koaxialkabel-50-ohm\/49-61-mm-taille4\/clf200.html\">CLF200<\/a>\u00a0|\u00a0<a class=\"link_home\" title=\"C\u00e2ble coaxial CLF240, CLF240\" href=\"https:\/\/www.koax24.de\/fr\/infos-de-produit\/cable-coaxial\/koaxialkabel-50-ohm\/49-61-mm-taille4\/clf240.html\">CLF240<\/a>\u00a0|\u00a0<a class=\"link_home\" title=\"C\u00e2ble coaxial LMR195, LMR195\" href=\"https:\/\/www.koax24.de\/fr\/infos-de-produit\/cable-coaxial\/koaxialkabel-50-ohm\/49-61-mm-taille4\/lmr195.html\">LMR195<\/a>\u00a0|\u00a0<a class=\"link_home\" title=\"C\u00e2ble coaxial LMR 195 UF\" href=\"https:\/\/www.koax24.de\/fr\/infos-de-produit\/cable-coaxial\/koaxialkabel-50-ohm\/49-61-mm-taille4\/lmr-195-uf.html\">LMR 195 UF<\/a>\u00a0|\u00a0<a class=\"link_home\" title=\"C\u00e2ble coaxial HF 195 ZH\" href=\"https:\/\/www.koax24.de\/fr\/infos-de-produit\/cable-coaxial\/koaxialkabel-50-ohm\/49-61-mm-taille4\/hf-195-zh.html\">HF 195 ZH<\/a>\u00a0|\u00a0<a class=\"link_home\" title=\"C\u00e2ble coaxial LMR200, LMR200\" href=\"https:\/\/www.koax24.de\/fr\/infos-de-produit\/cable-coaxial\/koaxialkabel-50-ohm\/49-61-mm-taille4\/lmr200.html\">LMR200<\/a>\u00a0|\u00a0<a class=\"link_home\" title=\"C\u00e2ble coaxial LMR 240\" href=\"https:\/\/www.koax24.de\/fr\/infos-de-produit\/cable-coaxial\/koaxialkabel-50-ohm\/49-61-mm-taille4\/lmr-240.html\">LMR 240<\/a>\u00a0|\u00a0<a class=\"link_home\" title=\"C\u00e2ble coaxial LMR 240 UF\" href=\"https:\/\/www.koax24.de\/fr\/infos-de-produit\/cable-coaxial\/koaxialkabel-50-ohm\/49-61-mm-taille4\/lmr-240-uf.html\">LMR 240 UF<\/a>\u00a0|\u00a0<a class=\"link_home\" title=\"C\u00e2ble coaxial HF 240 ZH\" href=\"https:\/\/www.koax24.de\/fr\/infos-de-produit\/cable-coaxial\/koaxialkabel-50-ohm\/49-61-mm-taille4\/cable-coaxial-hf-240-zh.html\">HF 240 ZH<\/a>\u00a0|\u00a0<a class=\"link_home\" title=\"Airborne 5\" href=\"https:\/\/www.koax24.de\/fr\/infos-de-produit\/cable-coaxial\/koaxialkabel-50-ohm\/49-61-mm-taille4\/airborne-5.html\">Airborne 5<\/a>\u00a0|\u00a0<a class=\"link_home\" title=\"C\u00e2ble coaxial Aircell 5\" href=\"https:\/\/www.koax24.de\/fr\/infos-de-produit\/cable-coaxial\/koaxialkabel-50-ohm\/49-61-mm-taille4\/aircell-5.html\">Aircell 5<\/a>\u00a0|\u00a0<a class=\"link_home\" title=\"C\u00e2ble coaxial 7806A\" href=\"https:\/\/www.koax24.de\/fr\/infos-de-produit\/cable-coaxial\/koaxialkabel-50-ohm\/49-61-mm-taille4\/7806a.html\">7806A<\/a>\u00a0|\u00a0<a class=\"link_home\" title=\"C\u00e2ble coaxial S_04212_B PUR, S_04212_B\" href=\"https:\/\/www.koax24.de\/fr\/infos-de-produit\/cable-coaxial\/koaxialkabel-50-ohm\/49-61-mm-taille4\/s-04212-b-pur.html\">S_04212_B PUR<\/a>\u00a0|\u00a0<a class=\"link_home\" title=\"C\u00e2ble coaxial S_04272_B PE, S_04272B\" href=\"https:\/\/www.koax24.de\/fr\/infos-de-produit\/cable-coaxial\/koaxialkabel-50-ohm\/49-61-mm-taille4\/s-04272-b-pe.html\">S_04272_B PE<\/a>\u00a0|\u00a0<a class=\"link_home\" title=\"SPUMA_240-FR-01\" href=\"https:\/\/www.koax24.de\/fr\/infos-de-produit\/cable-coaxial\/koaxialkabel-50-ohm\/49-62-mm-taille4\/spuma-240-fr-01.html\">SPUMA_240-FR-01<\/a>\u00a0|\u00a0<a class=\"link_home\" title=\"C\u00e2ble coaxial Aircell 7\" href=\"https:\/\/www.koax24.de\/fr\/infos-de-produit\/cable-coaxial\/koaxialkabel-50-ohm\/69-79-mm-taille5\/aircell-7.html\">Aircell 7<\/a>\u00a0|\u00a0<a class=\"link_home\" title=\"C\u00e2ble coaxial arnoflex 7 UF\" href=\"https:\/\/www.koax24.de\/fr\/infos-de-produit\/cable-coaxial\/koaxialkabel-50-ohm\/69-79-mm-taille5\/arnoflex-7-uf.html\">arnoflex 7 UF<\/a>\u00a0|\u00a0<a class=\"link_home\" title=\"HIGHFLEXX 7\" href=\"https:\/\/www.koax24.de\/fr\/infos-de-produit\/cable-coaxial\/koaxialkabel-50-ohm\/69-79-mm-taille5\/highflexx-7.html\">HIGHFLEXX 7<\/a>\u00a0|\u00a0<a class=\"link_home\" title=\"C\u00e2ble blindage ondul\u00e9 Cellflex\u00ae 1\/4\" href=\"https:\/\/www.koax24.de\/fr\/infos-de-produit\/cable-coaxial\/koaxialkabel-50-ohm\/69-79-mm-taille5\/scf14-50j.html\">SCF14-50J<\/a>\u00a0|\u00a0<a class=\"link_home\" title=\"C\u00e2ble coaxial RG213 \/U\" href=\"https:\/\/www.koax24.de\/fr\/infos-de-produit\/cable-coaxial\/koaxialkabel-50-ohm\/100-110mm-taille6\/rg213-u.html\">RG213 \/U<\/a>\u00a0|\u00a0<a class=\"link_home\" title=\"CABLE COAXIAL RG214 \/U\" href=\"https:\/\/www.koax24.de\/fr\/infos-de-produit\/cable-coaxial\/koaxialkabel-50-ohm\/100-110mm-taille6\/rg214-u.html\">RG214 \/U<\/a>\u00a0|\u00a0<a class=\"link_home\" title=\"CABLE COAXIAL arnoflex 214 LSNH\" href=\"https:\/\/www.koax24.de\/fr\/infos-de-produit\/cable-coaxial\/koaxialkabel-50-ohm\/100-110mm-taille6\/cable-coaxial-arnoflex-214-lsnh.html\">arnoflex 214 LSNH<\/a>\u00a0|\u00a0<a class=\"link_home\" title=\"C\u00e2ble coaxial LMR 400\u00ae\" href=\"https:\/\/www.koax24.de\/fr\/infos-de-produit\/cable-coaxial\/koaxialkabel-50-ohm\/100-110mm-taille6\/lmr-400r.html\">LMR 400<sup>\u00ae<\/sup><\/a>\u00a0|\u00a0<a class=\"link_home\" title=\"C\u00e2ble coaxial LMR 400 UF\u00ae\" href=\"https:\/\/www.koax24.de\/fr\/infos-de-produit\/cable-coaxial\/koaxialkabel-50-ohm\/100-110mm-taille6\/lmr-400-ufr.html\">LMR 400 UF<sup>\u00ae<\/sup><\/a>\u00a0|\u00a0<a class=\"link_home\" title=\"C\u00e2ble coaxial HF 400 LSNH\" href=\"https:\/\/www.koax24.de\/fr\/infos-de-produit\/cable-coaxial\/koaxialkabel-50-ohm\/100-110mm-taille6\/hf-400-lsnh.html\">HF 400 LSNH<\/a>\u00a0|\u00a0<a class=\"link_home\" title=\"C\u00e2ble coaxial HyperFlex 10\" href=\"https:\/\/www.koax24.de\/fr\/infos-de-produit\/cable-coaxial\/koaxialkabel-50-ohm\/100-110mm-taille6\/hyperflex-10.html\">HyperFlex 10<\/a>\u00a0|\u00a0<a class=\"link_home\" title=\"C\u00e2ble coaxial Ecoflex 10\" href=\"https:\/\/www.koax24.de\/fr\/infos-de-produit\/cable-coaxial\/koaxialkabel-50-ohm\/100-110mm-taille6\/ecoflex-10.html\">Ecoflex 10<\/a>\u00a0|\u00a0<a class=\"link_home\" title=\"C\u00e2ble coaxial Ecoflex 10 Plus\" href=\"https:\/\/www.koax24.de\/fr\/infos-de-produit\/cable-coaxial\/koaxialkabel-50-ohm\/100-110mm-taille6\/ecoflex-10-plus.html\">Ecoflex 10 Plus<\/a>\u00a0|\u00a0<a class=\"link_home\" title=\"Aircom Premium\u00ae C\u00e2ble coaxial\" href=\"https:\/\/www.koax24.de\/fr\/infos-de-produit\/cable-coaxial\/cable-coaxial-50-ohm\/100-110mm-taille6\/aircom-premiumr.html\">Aircom Premium<sup>\u00ae<\/sup><\/a>\u00a0|\u00a0<a class=\"link_home\" title=\"C\u00e2ble coaxial Ecoflex 15, Ecoflex 15\" href=\"https:\/\/www.koax24.de\/fr\/infos-de-produit\/cable-coaxial\/koaxialkabel-50-ohm\/140-150mm-taille7\/ecoflex-15.html\">Ecoflex 15<\/a>\u00a0|\u00a0<a class=\"link_home\" title=\"C\u00e2ble coaxial Ecoflex 15 plus, Ecoflex 15 plus\" href=\"https:\/\/www.koax24.de\/fr\/infos-de-produit\/cable-coaxial\/koaxialkabel-50-ohm\/140-150mm-taille7\/ecoflex-15-plus.html\">Ecoflex 15 plus<\/a>\u00a0|\u00a0<a class=\"link_home\" title=\"LMR 600 C\u00e2ble coaxial\" href=\"https:\/\/www.koax24.de\/fr\/infos-de-produit\/cable-coaxial\/koaxialkabel-50-ohm\/140-150mm-taille7\/lmr-600.html\">LMR 600<\/a>\u00a0|\u00a0<a class=\"link_home\" title=\"LMR 600 FR C\u00e2ble coaxial\" href=\"https:\/\/www.koax24.de\/fr\/infos-de-produit\/cable-coaxial\/koaxialkabel-50-ohm\/140-150mm-taille7\/lmr-600-fr.html\">LMR 600 FR<\/a>\u00a0|<\/p>\n<p>&nbsp;<\/p>\n<hr \/>\n<div id=\"c33941\" class=\"frame frame-default frame-type-list frame-layout-0\">\n<div class=\"colored-box grey\">\n<p class=\"headline underline\">Protection contre les courbures | <a href=\"https:\/\/www.koax24.de\/fr\/infos-de-produit\/connecteur\/zubehoer\/schrumpfschlauch.html\">Gaines thermor\u00e9tractables<\/a>| Codage Fakra | Marquage des cables | Caches pour les connecteurs |Capuchons de protection<\/p>\n<\/div>\n<\/div>\n<p>&nbsp;<\/p>\n","protected":false},"excerpt":{"rendered":"<p>Un fouet de c\u00e2ble est un type d&rsquo;adaptateur compos\u00e9 d&rsquo;un connecteur multipolaire qui permet de r\u00e9partir un signal sur plusieurs c\u00e2bles, chacun avec son propre connecteur. Nos fouets de c\u00e2bles avec connecteurs D-Sub sont des produits compl\u00e9mentaires adapt\u00e9s \u00e0 nos bo\u00eetiers de d\u00e9rivation avec connexion D-Sub. Le nombre possible de c\u00e2bles est limit\u00e9 par le [&hellip;]<\/p>\n","protected":false},"author":46,"featured_media":0,"parent":0,"menu_order":0,"comment_status":"closed","ping_status":"closed","template":"","meta":{"_et_pb_use_builder":"","_et_pb_old_content":"","_et_gb_content_width":"","footnotes":""},"class_list":["post-16580","page","type-page","status-publish","hentry"],"_links":{"self":[{"href":"https:\/\/blog.koax24.de\/fr\/wp-json\/wp\/v2\/pages\/16580","targetHints":{"allow":["GET"]}}],"collection":[{"href":"https:\/\/blog.koax24.de\/fr\/wp-json\/wp\/v2\/pages"}],"about":[{"href":"https:\/\/blog.koax24.de\/fr\/wp-json\/wp\/v2\/types\/page"}],"author":[{"embeddable":true,"href":"https:\/\/blog.koax24.de\/fr\/wp-json\/wp\/v2\/users\/46"}],"replies":[{"embeddable":true,"href":"https:\/\/blog.koax24.de\/fr\/wp-json\/wp\/v2\/comments?post=16580"}],"version-history":[{"count":8,"href":"https:\/\/blog.koax24.de\/fr\/wp-json\/wp\/v2\/pages\/16580\/revisions"}],"predecessor-version":[{"id":19434,"href":"https:\/\/blog.koax24.de\/fr\/wp-json\/wp\/v2\/pages\/16580\/revisions\/19434"}],"wp:attachment":[{"href":"https:\/\/blog.koax24.de\/fr\/wp-json\/wp\/v2\/media?parent=16580"}],"curies":[{"name":"wp","href":"https:\/\/api.w.org\/{rel}","templated":true}]}}