{"id":16533,"date":"2022-02-17T15:38:52","date_gmt":"2022-02-17T14:38:52","guid":{"rendered":"https:\/\/blog.koax24.de\/rg174-lsnh-cable-haute-frequence-sans-hologene\/"},"modified":"2022-02-17T15:38:53","modified_gmt":"2022-02-17T14:38:53","slug":"rg174-lsnh-cable-haute-frequence-sans-hologene","status":"publish","type":"page","link":"https:\/\/blog.koax24.de\/fr\/rg174-lsnh-cable-haute-frequence-sans-hologene\/","title":{"rendered":"RG174 LSNH &#8211; c\u00e2ble haute fr\u00e9quence sans holog\u00e8ne"},"content":{"rendered":"\n<h3 class=\"wp-block-heading\">C\u00c2BLE COAXIAL RG174 LSNH &#8211; Sans halog\u00e8ne<\/h3>\n\n<figure class=\"wp-block-image\"><img decoding=\"async\" src=\"https:\/\/www.koax24.de\/fileadmin\/templates\/images\/koaxialkabel\/RG_174_LSNH.jpg\" alt=\"RG174 A\/U LSNH\" \/><\/figure>\n\n<p>Le RG174 LSNH est un c\u00e2ble coaxial tr\u00e8s flexible, fin et \u00e9conomique pour de nombreuses applications, en version sans halog\u00e8ne. Notre c\u00e2ble d\u00e9passe la norme UL MIL C 17.<\/p>\n\n<p><strong>RG174<\/strong> LSNH : (couleur de la gaine : noir) 50\u03a9 Plage de temp\u00e9rature de<strong> -30\u00b0C \u00e0 +70\u00b0C<\/strong><\/p>\n\n<table class=\"wp-block-table\"><thead><tr><th>DESCRIPTION<\/th><th>ARTICLE<\/th><th>FORMAT<\/th><th>TAILLE<\/th><th>T\u00c9L\u00c9CHARGEMENT<\/th><th>PRIX<\/th><\/tr><\/thead><tbody><tr><td>RG 174 AU LSNH<\/td><td>050278<\/td><td>PDF<\/td><td>108 KB<\/td><td><a href=\"https:\/\/www.koax24.de\/storage\/datasheet\/de\/050278_Datenblatt_RG174LSNH.pdf\">Fiche technique <\/a><\/td><td><strong>de 0,28 \u00e0 0,47 \u20ac.<\/strong>&#013;\nTVA en sus<\/td><\/tr><\/tbody><\/table>\n\n<p><a href=\"https:\/\/www.koax24.de\/fr\/shop\/article\/rg174-au-lsnh-koaxialkabel-d-280-mm-lsnh-temp-40c-bis-80-c-050278.html\"> C\u00e2bles pr\u00e9-confectionn\u00e9s pour la boutique en ligne<\/a><\/p>\n\n<table class=\"wp-block-table\"><thead><tr><th>50 \u03a9 C\u00c2BLE COAXIAL<\/th><th>MATERIEL<\/th><th>DIAMETRE<\/th><\/tr><\/thead><tbody><tr><td>DIRECTEUR INTERNE<\/td><td>Toron de cuivre en acier<\/td><td>0.48 mm<\/td><\/tr><tr><td>DIELECTRIQUE<\/td><td>PE<\/td><td>1.50 mm<\/td><\/tr><tr><td>BLINDAGE<\/td><td>Tresse de cuivre, \u00e9tam\u00e9e<\/td><\/tr><tr><td>GAINE DE CABLE<\/td><td>LSNH<\/td><td>2.80 mm<\/td><\/tr><\/tbody><\/table>\n\n<h2 class=\"wp-block-heading\">C\u00c2BLE ALTERNATIF<\/h2>\n\n<table class=\"wp-block-table\"><thead><tr><th>DESCRIPTION<\/th><th>ARTICLE<\/th><th>FORMAT<\/th><th>TAILLE<\/th><th>T\u00c9L\u00c9CHARGEMENT<\/th><th>PRIX<\/th><\/tr><\/thead><tbody><tr><td>RG 174 AU<\/td><td>050239<\/td><td>PDF<\/td><td>32 KB<\/td><td>Fiche technique<\/td><td><strong>de 0,25 \u00e0 0,41 \u20ac.<\/strong>&#013;\nTVA en sus<\/td><\/tr><\/tbody><\/table>\n\n<p><a href=\"https:\/\/www.koax24.de\/fr\/shop\/article\/rg174-au-koaxialkabel-d-280-mm-pvc-temp-30c-bis-70-c-050239.html\"> C\u00e2bles pr\u00e9-confectionn\u00e9s pour la boutique en ligne<\/a><\/p>\n\n<h2 class=\"wp-block-heading\">DIFF\u00c9RENCE ENTRE C\u00c2BLE COAXIAL ET LIGNE NORMALE :<\/h2>\n\n<p class=\"has-small-font-size\">Le <strong>RG174 LSN<\/strong>H est un c\u00e2ble haute fr\u00e9quence <strong>sans halog\u00e8ne<\/strong> de 2,80 mm d&rsquo;\u00e9paisseur. Simplement blind\u00e9, il convient \u00e0 la plupart des applications.&#013;\n<strong>Conseil :<\/strong> pour les applications WLAN, nous recommandons le RG316.&#013;\nComparaison du RG174 A\/U et du RG174 LSNH avec d&rsquo;autres c\u00e2bles de diam\u00e8tre similaire : <a href=\"https:\/\/www.koax24.de\/fr\/apercus\/comparaison.html\">lien<\/a><\/p>\n","protected":false},"excerpt":{"rendered":"<p>C\u00c2BLE COAXIAL RG174 LSNH &#8211; Sans halog\u00e8ne Le RG174 LSNH est un c\u00e2ble coaxial tr\u00e8s flexible, fin et \u00e9conomique pour de nombreuses applications, en version sans halog\u00e8ne. Notre c\u00e2ble d\u00e9passe la norme UL MIL C 17. RG174 LSNH : (couleur de la gaine : noir) 50\u03a9 Plage de temp\u00e9rature de -30\u00b0C \u00e0 +70\u00b0C DESCRIPTION ARTICLE [&hellip;]<\/p>\n","protected":false},"author":26,"featured_media":0,"parent":0,"menu_order":0,"comment_status":"closed","ping_status":"closed","template":"","meta":{"_et_pb_use_builder":"","_et_pb_old_content":"","_et_gb_content_width":"","footnotes":""},"class_list":["post-16533","page","type-page","status-publish","hentry"],"_links":{"self":[{"href":"https:\/\/blog.koax24.de\/fr\/wp-json\/wp\/v2\/pages\/16533","targetHints":{"allow":["GET"]}}],"collection":[{"href":"https:\/\/blog.koax24.de\/fr\/wp-json\/wp\/v2\/pages"}],"about":[{"href":"https:\/\/blog.koax24.de\/fr\/wp-json\/wp\/v2\/types\/page"}],"author":[{"embeddable":true,"href":"https:\/\/blog.koax24.de\/fr\/wp-json\/wp\/v2\/users\/26"}],"replies":[{"embeddable":true,"href":"https:\/\/blog.koax24.de\/fr\/wp-json\/wp\/v2\/comments?post=16533"}],"version-history":[{"count":1,"href":"https:\/\/blog.koax24.de\/fr\/wp-json\/wp\/v2\/pages\/16533\/revisions"}],"predecessor-version":[{"id":16534,"href":"https:\/\/blog.koax24.de\/fr\/wp-json\/wp\/v2\/pages\/16533\/revisions\/16534"}],"wp:attachment":[{"href":"https:\/\/blog.koax24.de\/fr\/wp-json\/wp\/v2\/media?parent=16533"}],"curies":[{"name":"wp","href":"https:\/\/api.w.org\/{rel}","templated":true}]}}