{"id":16529,"date":"2022-02-17T14:55:54","date_gmt":"2022-02-17T13:55:54","guid":{"rendered":"https:\/\/blog.koax24.de\/les-bases-du-cable-coaxial\/"},"modified":"2022-02-17T14:55:54","modified_gmt":"2022-02-17T13:55:54","slug":"les-bases-du-cable-coaxial","status":"publish","type":"page","link":"https:\/\/blog.koax24.de\/fr\/les-bases-du-cable-coaxial\/","title":{"rendered":"Les bases du c\u00e2ble coaxial"},"content":{"rendered":"<p>Le monde des c\u00e2bles coaxiaux suscite chez beaucoup une confusion justifi\u00e9e. Il faut tenir compte d&rsquo;innombrables types de connecteurs, de c\u00e2bles, de mat\u00e9riaux et de bien d&rsquo;autres choses encore avant de pouvoir attribuer avec certitude les c\u00e2bles appropri\u00e9s \u00e0 son application. Chez koax24.de, nous nous sommes donn\u00e9 pour mission d&rsquo;expliquer de mani\u00e8re claire et compr\u00e9hensible les principes de base des c\u00e2bles coaxiaux afin de fournir aux n\u00e9ophytes comme aux professionnels exp\u00e9riment\u00e9s un guide qui puisse les prot\u00e9ger de la frustration lors de la recherche et d&rsquo;\u00e9ventuelles commandes erron\u00e9es.<\/p>\n<p><img loading=\"lazy\" decoding=\"async\" class=\"size-full wp-image-8219 alignright\" src=\"https:\/\/blog.koax24.de\/wp-content\/uploads\/sites\/8\/2016\/11\/BNC_farbig_konfektion.jpg\" alt=\"Kabelkonfektionen\" width=\"247\" height=\"149\" \/>Dans les articles suivants, nous vous pr\u00e9sentons les bases du <a href=\"https:\/\/blog.koax24.de\/fr\/les-bases-du-cable-coaxial\/selection-de-connecteurs-adaptes-aux-cables-coaxiaux\/\">choix des connecteurs<\/a>, de la <a href=\"https:\/\/blog.koax24.de\/fr\/les-bases-du-cable-coaxial\/selection-du-cable-coaxial-approprie\/\">s\u00e9lection des c\u00e2bles<\/a> et du choix du bon <a href=\"https:\/\/blog.koax24.de\/fr\/les-bases-du-cable-coaxial\/materiau-de-gaine-pour-cable-coaxial\/\">mat\u00e9riau<\/a> pour la gaine du c\u00e2ble, tout sp\u00e9cialement adapt\u00e9 \u00e0 votre application.<\/p>\n","protected":false},"excerpt":{"rendered":"<p>Le monde des c\u00e2bles coaxiaux suscite chez beaucoup une confusion justifi\u00e9e. Il faut tenir compte d&rsquo;innombrables types de connecteurs, de c\u00e2bles, de mat\u00e9riaux et de bien d&rsquo;autres choses encore avant de pouvoir attribuer avec certitude les c\u00e2bles appropri\u00e9s \u00e0 son application. Chez koax24.de, nous nous sommes donn\u00e9 pour mission d&rsquo;expliquer de mani\u00e8re claire et compr\u00e9hensible [&hellip;]<\/p>\n","protected":false},"author":46,"featured_media":18993,"parent":0,"menu_order":0,"comment_status":"closed","ping_status":"closed","template":"","meta":{"_et_pb_use_builder":"","_et_pb_old_content":"","_et_gb_content_width":"","footnotes":""},"class_list":["post-16529","page","type-page","status-publish","has-post-thumbnail","hentry"],"_links":{"self":[{"href":"https:\/\/blog.koax24.de\/fr\/wp-json\/wp\/v2\/pages\/16529","targetHints":{"allow":["GET"]}}],"collection":[{"href":"https:\/\/blog.koax24.de\/fr\/wp-json\/wp\/v2\/pages"}],"about":[{"href":"https:\/\/blog.koax24.de\/fr\/wp-json\/wp\/v2\/types\/page"}],"author":[{"embeddable":true,"href":"https:\/\/blog.koax24.de\/fr\/wp-json\/wp\/v2\/users\/46"}],"replies":[{"embeddable":true,"href":"https:\/\/blog.koax24.de\/fr\/wp-json\/wp\/v2\/comments?post=16529"}],"version-history":[{"count":0,"href":"https:\/\/blog.koax24.de\/fr\/wp-json\/wp\/v2\/pages\/16529\/revisions"}],"wp:featuredmedia":[{"embeddable":true,"href":"https:\/\/blog.koax24.de\/fr\/wp-json\/wp\/v2\/media\/18993"}],"wp:attachment":[{"href":"https:\/\/blog.koax24.de\/fr\/wp-json\/wp\/v2\/media?parent=16529"}],"curies":[{"name":"wp","href":"https:\/\/api.w.org\/{rel}","templated":true}]}}