{"id":16523,"date":"2022-02-17T13:54:27","date_gmt":"2022-02-17T12:54:27","guid":{"rendered":"https:\/\/blog.koax24.de\/affectation-des-connecteurs-d-sub\/"},"modified":"2022-02-17T13:54:27","modified_gmt":"2022-02-17T12:54:27","slug":"affectation-des-connecteurs-d-sub","status":"publish","type":"page","link":"https:\/\/blog.koax24.de\/fr\/affectation-des-connecteurs-d-sub\/","title":{"rendered":"Affectation des connecteurs D-Sub"},"content":{"rendered":"<p>Le connecteur D-Sub est tr\u00e8s r\u00e9pandu et signifie en anglais <strong>\u00ab\u00a0D-Subminiature\u00a0\u00bb<\/strong>.<\/p>\n<p>Il est notamment utilis\u00e9 dans le domaine des syst\u00e8mes informatiques et du traitement des donn\u00e9es. Il peut \u00e9galement \u00eatre utilis\u00e9 pour la transmission de signaux \u00e0 basse fr\u00e9quence.<br \/>\nL&rsquo;un des grands avantages est le verrouillage m\u00e9canique du connecteur. Cela est r\u00e9alis\u00e9 par deux raccords \u00e0 vis lat\u00e9raux. Les filetages habituels sont soit le filetage m\u00e9trique M3, soit UNC 4-40. Veillez \u00e0 ce que la prise et la fiche soient \u00e9quip\u00e9es du m\u00eame type de filetage.<\/p>\n<p>En r\u00e8gle g\u00e9n\u00e9rale, il s&rsquo;agit de la variante D-Sub avec le nombre de contacts de <strong>9, 15, 25, 37 ou 50 p\u00f4les<\/strong>.<\/p>\n<h2>Affectation des connecteurs D-Sub<\/h2>\n<div id=\"attachment_16501\" style=\"width: 265px\" class=\"wp-caption alignnone\"><img loading=\"lazy\" decoding=\"async\" aria-describedby=\"caption-attachment-16501\" class=\"wp-image-16501 size-medium\" src=\"https:\/\/blog.koax24.de\/wp-content\/uploads\/sites\/8\/2022\/02\/Dsub-9pol-255x300.jpg\" alt=\"9-polig Sub-D Stecker und Buchse in der \u00dcbersicht\" width=\"255\" height=\"300\" srcset=\"https:\/\/blog.koax24.de\/wp-content\/uploads\/sites\/8\/2022\/02\/Dsub-9pol-255x300.jpg 255w, https:\/\/blog.koax24.de\/wp-content\/uploads\/sites\/8\/2022\/02\/Dsub-9pol.jpg 400w\" sizes=\"(max-width: 255px) 100vw, 255px\" \/><p id=\"caption-attachment-16501\" class=\"wp-caption-text\">Vue d&rsquo;ensemble de la fiche et de la prise Sub-D \u00e0 9 p\u00f4les<br \/>Sub 9 broches m\u00e2le et femelle Affectation des broches (A = femelle, B= m\u00e2le)<\/p><\/div>\n<hr \/>\n<div id=\"c51553\" class=\"frame frame-default frame-type-text frame-layout-0 frame-space-after-medium\">\n<header>\n<h2 class=\"headline underline\">C\u00e2ble coaxial avec connecteur D-Sub<\/h2>\n<\/header>\n<p>Nous cr\u00e9ons un fouet de c\u00e2ble ou une distribution de c\u00e2ble du connecteur D-Sub au c\u00e2ble coaxial avec le connecteur appropri\u00e9 de votre choix. Vous trouverez des exemples ci-dessous.<br \/>\nEn r\u00e8gle g\u00e9n\u00e9rale, la distribution du signal sur le connecteur D-Sub ou sur le connecteur D-Sub est r\u00e9alis\u00e9e \u00e0 l&rsquo;aide d&rsquo;un circuit imprim\u00e9 appropri\u00e9. Cela garantit une qualit\u00e9 constante et optimise l&rsquo;espacement de la connexion \u00e0 un niveau optimal.<\/p>\n<p>Ce type de connecteur est disponible sur demande.<\/p>\n<\/div>\n","protected":false},"excerpt":{"rendered":"<p>Le connecteur D-Sub est tr\u00e8s r\u00e9pandu et signifie en anglais \u00ab\u00a0D-Subminiature\u00a0\u00bb. Il est notamment utilis\u00e9 dans le domaine des syst\u00e8mes informatiques et du traitement des donn\u00e9es. Il peut \u00e9galement \u00eatre utilis\u00e9 pour la transmission de signaux \u00e0 basse fr\u00e9quence. L&rsquo;un des grands avantages est le verrouillage m\u00e9canique du connecteur. Cela est r\u00e9alis\u00e9 par deux raccords [&hellip;]<\/p>\n","protected":false},"author":26,"featured_media":16501,"parent":0,"menu_order":0,"comment_status":"closed","ping_status":"closed","template":"","meta":{"_et_pb_use_builder":"","_et_pb_old_content":"","_et_gb_content_width":"","footnotes":""},"class_list":["post-16523","page","type-page","status-publish","has-post-thumbnail","hentry"],"_links":{"self":[{"href":"https:\/\/blog.koax24.de\/fr\/wp-json\/wp\/v2\/pages\/16523","targetHints":{"allow":["GET"]}}],"collection":[{"href":"https:\/\/blog.koax24.de\/fr\/wp-json\/wp\/v2\/pages"}],"about":[{"href":"https:\/\/blog.koax24.de\/fr\/wp-json\/wp\/v2\/types\/page"}],"author":[{"embeddable":true,"href":"https:\/\/blog.koax24.de\/fr\/wp-json\/wp\/v2\/users\/26"}],"replies":[{"embeddable":true,"href":"https:\/\/blog.koax24.de\/fr\/wp-json\/wp\/v2\/comments?post=16523"}],"version-history":[{"count":0,"href":"https:\/\/blog.koax24.de\/fr\/wp-json\/wp\/v2\/pages\/16523\/revisions"}],"wp:featuredmedia":[{"embeddable":true,"href":"https:\/\/blog.koax24.de\/fr\/wp-json\/wp\/v2\/media\/16501"}],"wp:attachment":[{"href":"https:\/\/blog.koax24.de\/fr\/wp-json\/wp\/v2\/media?parent=16523"}],"curies":[{"name":"wp","href":"https:\/\/api.w.org\/{rel}","templated":true}]}}