{"id":16476,"date":"2022-02-11T14:19:08","date_gmt":"2022-02-11T13:19:08","guid":{"rendered":"https:\/\/blog.koax24.de\/arnoflex-cable-coaxial\/"},"modified":"2022-02-11T14:19:08","modified_gmt":"2022-02-11T13:19:08","slug":"arnoflex-cable-coaxial","status":"publish","type":"page","link":"https:\/\/blog.koax24.de\/fr\/arnoflex-cable-coaxial\/","title":{"rendered":"Arnoflex c\u00e2ble coaxial"},"content":{"rendered":"<h2>arnoflex<\/h2>\n<p>Avec arnoflex, la propre marque de c\u00e2bles d&rsquo;arnotec, nous avons compos\u00e9 des c\u00e2bles r\u00e9pondant \u00e0 des normes de qualit\u00e9 \u00e9lev\u00e9es et \u00e0 un prix avantageux.<br \/>\nProduite par notre fabricant europ\u00e9en fiable, notre propre marque est une v\u00e9ritable alternative aux marques d\u00e9j\u00e0 connues.<\/p>\n<p>Gr\u00e2ce \u00e0 leur absence d&rsquo;halog\u00e8ne, les c\u00e2bles<strong> arnoflex 58 LSNH, 214 LSNH et 59 LSNH<\/strong> sont en outre <strong>autoris\u00e9s<\/strong> pour une utilisation <strong>dans le domaine ferroviaire et maritime.<\/strong><br \/>\nIls correspondent aux variantes RG de m\u00eame nom et sont donc \u00e9galement compatibles avec les m\u00eames fiches et prises.<\/p>\n<p>Vous avez besoin de c\u00e2bles de haute qualit\u00e9 de fabrication europ\u00e9enne \u00e0 un prix raisonnable ?<br \/>\nAlors nos c\u00e2bles arnoflex sont le bon choix pour vous.<\/p>\n<h3 class=\"\">C\u00e2ble coaxial avec 50R et 75R<\/h3>\n<table>\n<tbody>\n<tr>\n<th>D\u00e9signation<\/th>\n<th>Ext\u00e9rieur<\/th>\n<th><strong>Fr\u00e9q.<br \/>\nmax.<\/strong><\/th>\n<th><span style=\"font-weight: 400\"><strong>Att\u00e9nuation<\/strong><br \/>\n<strong>pour<\/strong>\u00a01GHz<\/span><\/th>\n<th>Rayon de courbure<\/th>\n<th>Donn\u00e9es fiche d&rsquo;information<\/th>\n<th><strong>Prix<\/strong><\/th>\n<th><strong>Lien<\/strong><\/th>\n<\/tr>\n<tr>\n<td>Type<\/td>\n<td>[\u00d8\/mm]<\/td>\n<td>[Ghz]<\/td>\n<td>[dB\/m]<\/td>\n<td>[mm]<\/td>\n<td>[pdf]<\/td>\n<td>[en \u20ac\/m]<\/td>\n<td>[Shop]<\/td>\n<\/tr>\n<tr>\n<td>arnoflex 58 LSNH<\/td>\n<td>\n<div class=\"padding-left\">\u00d8 5 mm<\/div>\n<\/td>\n<td>\n<div class=\"padding-left\">3<\/div>\n<\/td>\n<td>\n<div class=\"padding-left\">0.48<\/div>\n<\/td>\n<td>\n<div class=\"padding-left\">25<\/div>\n<\/td>\n<td><a class=\"arno-button text\" href=\"https:\/\/www.koax24.de\/storage\/datasheet\/de\/050310_Datenblatt_arnoflex58LSNH.pdf\" target=\"_blank\" rel=\"noopener noreferrer\"><span style=\"color: #333333\"><span class=\"button-label\">74KB<\/span><\/span><\/a><\/td>\n<td>\n<div class=\"price\">0,527 EUR<\/div>\n<\/td>\n<td><a class=\"internal-link\" href=\"https:\/\/www.koax24.de\/fr\/shop\/article\/arnoflex-58-lsnh-koaxialkabel-halogenfrei-d-500-mm-lsnh-temp-30c-bis-70c-050310.html\">050310<\/a><\/td>\n<\/tr>\n<tr>\n<td>arnoflex 59 LSNH<\/td>\n<td>\n<div class=\"padding-left\">\u00d8 6.2 mm<\/div>\n<\/td>\n<td>\n<div class=\"padding-left\">3<\/div>\n<\/td>\n<td>\n<div class=\"padding-left\">0.36<\/div>\n<\/td>\n<td>\n<div class=\"padding-left\">31<\/div>\n<\/td>\n<td><a class=\"arno-button text\" href=\"https:\/\/www.koax24.de\/storage\/datasheet\/de\/050312_Datenblatt_arnoflex59LSNH.pdf\" target=\"_blank\" rel=\"noopener noreferrer\"><span style=\"color: #333333\"><span class=\"button-label\">74KB<\/span><\/span><\/a><\/td>\n<td>\n<div class=\"price\">0,696 EUR<\/div>\n<\/td>\n<td><a class=\"internal-link\" href=\"https:\/\/www.koax24.de\/fr\/shop\/article\/arnoflex-59-lsnh-koaxialkabel-halogenfrei-d-620-mm-lsnh-temp-30c-bis-70c-050312.html\">050312<\/a><\/td>\n<\/tr>\n<tr>\n<td>arnoflex 7 UF<\/td>\n<td>\n<div class=\"padding-left\">\u00d8 7.3 mm<\/div>\n<\/td>\n<td>\n<div class=\"padding-left\">3<\/div>\n<\/td>\n<td>\n<div class=\"padding-left\">0.23<\/div>\n<\/td>\n<td>\n<div class=\"padding-left\">36.5<\/div>\n<\/td>\n<td><a class=\"arno-button text\" href=\"https:\/\/www.koax24.de\/storage\/datasheet\/de\/050284_Datenblatt_arnoflex7UF.pdf\" target=\"_blank\" rel=\"noopener noreferrer\"><span style=\"color: #333333\"><span class=\"button-label\">74KB<\/span><\/span><\/a><\/td>\n<td>\n<div class=\"price\">0,711 EUR<\/div>\n<\/td>\n<td><a class=\"internal-link\" href=\"https:\/\/www.koax24.de\/fr\/shop\/article\/arnoflex-7-uf-koaxialkabel-halogenfrei-d-730-mm-pvc-temp-30c-bis-70c-050284.html\">050284<\/a><\/td>\n<\/tr>\n<tr>\n<td>arnoflex 214 LSNH<\/td>\n<td>\n<div class=\"padding-left\">\u00d8 10.8 mm<\/div>\n<\/td>\n<td>\n<div class=\"padding-left\">3<\/div>\n<\/td>\n<td>\n<div class=\"padding-left\">0.2<\/div>\n<\/td>\n<td>\n<div class=\"padding-left\">54<\/div>\n<\/td>\n<td><a class=\"arno-button text\" href=\"https:\/\/www.koax24.de\/storage\/datasheet\/de\/050311_Datenblatt_arnoflex214LSNH.pdf\" target=\"_blank\" rel=\"noopener noreferrer\"><span style=\"color: #333333\"><span class=\"button-label\">74KB<\/span><\/span><\/a><\/td>\n<td>\n<div class=\"price\">3,818 EUR<\/div>\n<\/td>\n<td><a class=\"internal-link\" href=\"https:\/\/www.koax24.de\/fr\/shop\/article\/arnoflex-214-lsnh-koaxialkabel-halogenfrei-d-1080-mm-lsnh-temp-30c-bis-70c-050311.html\">050311<\/a><\/td>\n<\/tr>\n<tr>\n<td>arnoflex 0.4\/1.9<\/td>\n<td>\n<div class=\"padding-left\">\u00d8 3.5 mm<\/div>\n<\/td>\n<td>\n<div class=\"padding-left\">3<\/div>\n<\/td>\n<td>\n<div class=\"padding-left\">0.5<\/div>\n<\/td>\n<td>\n<div class=\"padding-left\">17.5<\/div>\n<\/td>\n<td><a class=\"arno-button text\" href=\"https:\/\/www.koax24.de\/storage\/datasheet\/de\/050280_Datenblatt_arnoflex0419.pdf\" target=\"_blank\" rel=\"noopener noreferrer\"><span style=\"color: #333333\"><span class=\"button-label\">74KB<\/span><\/span><\/a><\/td>\n<td>\n<div class=\"price\">0,497 EUR<\/div>\n<\/td>\n<td><a class=\"internal-link\" href=\"https:\/\/www.koax24.de\/fr\/shop\/article\/arnoflex-0419-koaxialkabel-d-350-mm-plsf-temp-25c-bis-80c-050280.html\">050280<\/a><\/td>\n<\/tr>\n<tr>\n<td>arnoflex 0.6\/2.8<\/td>\n<td>\n<div class=\"padding-left\">\u00d8 4.5 mm<\/div>\n<\/td>\n<td>\n<div class=\"padding-left\">3<\/div>\n<\/td>\n<td>\n<div class=\"padding-left\">0.33<\/div>\n<\/td>\n<td>\n<div class=\"padding-left\">22.5<\/div>\n<\/td>\n<td><a class=\"arno-button text\" href=\"https:\/\/www.koax24.de\/storage\/datasheet\/de\/050281_Datenblatt_arnoflex0628.pdf\" target=\"_blank\" rel=\"noopener noreferrer\"><span style=\"color: #333333\"><span class=\"button-label\">74KB<\/span><\/span><\/a><\/td>\n<td>\n<div class=\"price\">0,587 EUR<\/div>\n<\/td>\n<td><a class=\"internal-link\" href=\"https:\/\/www.koax24.de\/fr\/shop\/article\/arnoflex-0628-koaxialkabel-halogenfrei-d-450-mm-lsnh-temp-30c-bis-70c-050281.html\">050281<\/a><\/td>\n<\/tr>\n<tr>\n<td>arnoflex 0.8\/3.6<\/td>\n<td>\n<div class=\"padding-left\">\u00d8 5.9 mm<\/div>\n<\/td>\n<td>\n<div class=\"padding-left\">3<\/div>\n<\/td>\n<td>\n<div class=\"padding-left\">0.25<\/div>\n<\/td>\n<td>\n<div class=\"padding-left\">29.5<\/div>\n<\/td>\n<td><a class=\"arno-button text\" href=\"https:\/\/www.koax24.de\/storage\/datasheet\/de\/050282_Datenblatt_arnoflex0836.pdf\" target=\"_blank\" rel=\"noopener noreferrer\"><span style=\"color: #333333\"><span class=\"button-label\">74KB<\/span><\/span><\/a><\/td>\n<td>\n<div class=\"price\">0,772 EUR<\/div>\n<\/td>\n<td><a href=\"https:\/\/www.koax24.de\/fr\/shop\/article\/arnoflex-0836-koaxialkabel-d-590-mm-plsf-temp-25c-bis-80c-050282.html\">050282<\/a><\/td>\n<\/tr>\n<tr>\n<td>arnoflex 1.0\/4.6<\/td>\n<td>\n<div class=\"padding-left\">\u00d8 6.95 mm<\/div>\n<\/td>\n<td>\n<div class=\"padding-left\">3<\/div>\n<\/td>\n<td>\n<div class=\"padding-left\">0.2<\/div>\n<\/td>\n<td>\n<div class=\"padding-left\">35<\/div>\n<\/td>\n<td><a class=\"arno-button text\" href=\"https:\/\/www.koax24.de\/storage\/datasheet\/de\/050283_Datenblatt_arnoflex1046.pdf\" target=\"_blank\" rel=\"noopener noreferrer\"><span style=\"color: #333333\"><span class=\"button-label\">74KB<\/span><\/span><\/a><\/td>\n<td>\n<div class=\"price\">1,052 EUR<\/div>\n<\/td>\n<td>050283<\/td>\n<\/tr>\n<\/tbody>\n<\/table>\n","protected":false},"excerpt":{"rendered":"<p>arnoflex Avec arnoflex, la propre marque de c\u00e2bles d&rsquo;arnotec, nous avons compos\u00e9 des c\u00e2bles r\u00e9pondant \u00e0 des normes de qualit\u00e9 \u00e9lev\u00e9es et \u00e0 un prix avantageux. Produite par notre fabricant europ\u00e9en fiable, notre propre marque est une v\u00e9ritable alternative aux marques d\u00e9j\u00e0 connues. Gr\u00e2ce \u00e0 leur absence d&rsquo;halog\u00e8ne, les c\u00e2bles arnoflex 58 LSNH, 214 LSNH [&hellip;]<\/p>\n","protected":false},"author":26,"featured_media":0,"parent":0,"menu_order":0,"comment_status":"closed","ping_status":"closed","template":"","meta":{"_et_pb_use_builder":"","_et_pb_old_content":"","_et_gb_content_width":"","footnotes":""},"class_list":["post-16476","page","type-page","status-publish","hentry"],"_links":{"self":[{"href":"https:\/\/blog.koax24.de\/fr\/wp-json\/wp\/v2\/pages\/16476","targetHints":{"allow":["GET"]}}],"collection":[{"href":"https:\/\/blog.koax24.de\/fr\/wp-json\/wp\/v2\/pages"}],"about":[{"href":"https:\/\/blog.koax24.de\/fr\/wp-json\/wp\/v2\/types\/page"}],"author":[{"embeddable":true,"href":"https:\/\/blog.koax24.de\/fr\/wp-json\/wp\/v2\/users\/26"}],"replies":[{"embeddable":true,"href":"https:\/\/blog.koax24.de\/fr\/wp-json\/wp\/v2\/comments?post=16476"}],"version-history":[{"count":0,"href":"https:\/\/blog.koax24.de\/fr\/wp-json\/wp\/v2\/pages\/16476\/revisions"}],"wp:attachment":[{"href":"https:\/\/blog.koax24.de\/fr\/wp-json\/wp\/v2\/media?parent=16476"}],"curies":[{"name":"wp","href":"https:\/\/api.w.org\/{rel}","templated":true}]}}