{"id":16383,"date":"2022-01-05T14:36:20","date_gmt":"2022-01-05T13:36:20","guid":{"rendered":"https:\/\/blog.koax24.de\/?page_id=16383"},"modified":"2022-02-10T16:32:15","modified_gmt":"2022-02-10T15:32:15","slug":"16383-2","status":"publish","type":"page","link":"https:\/\/blog.koax24.de\/fr\/16383-2\/","title":{"rendered":"Mentions l\u00e9gales"},"content":{"rendered":"<p><strong>arnotec GmbH<br \/>\nGr\u00fcnhutstra\u00dfe 7<br \/>\nD-76187 Karlsruhe<br \/>\nAllemagne<\/strong><\/p>\n<p>T\u00e9l\u00e9phone +49 721 605710-41<br \/>\nFax +49 721 605710-39<\/p>\n<p>E-mail \u00a0 <a class=\"mail\" title=\"\u00d6ffnet ein Fenster zum Versenden der E-Mail\" href=\"mailto:info@arnotec.de\">info@arnotec.de<\/a><br \/>\nInternet\u00a0 <a href=\"http:\/\/www.arnotec.de\" target=\"_blank\" rel=\"noopener\">www.arnotec.de<\/a><\/p>\n<p>Tribunal d&rsquo;enregistrement : tribunal local de Mannheim HRB 109227<br \/>\nNum\u00e9ro d&rsquo;identification TVA : DE202996237<br \/>\nNum\u00e9ro d&rsquo;enregistrement WEEE DE62865168<\/p>\n<p>Repr\u00e9sentant autoris\u00e9 : Frank Arnold (voir adresse ci-dessus)<\/p>\n<p>R\u00e9solution des litiges : la Commission europ\u00e9enne met \u00e0 disposition une plateforme de r\u00e9solution extrajudiciaire des litiges en ligne (OS) :\u00a0<a href=\"https:\/\/ec.europa.eu\/consumers\/odr\" target=\"_blank\" rel=\"noopener noreferrer\">https:\/\/ec.europa.eu\/consumers\/o<\/a>dr<br \/>\nVous trouverez notre adresse \u00e9lectronique dans l&rsquo;impressum ci-dessus.<\/p>\n<p>Nous ne sommes pas dispos\u00e9s ou oblig\u00e9s de participer \u00e0 une proc\u00e9dure de r\u00e8glement des litiges devant une commission d&rsquo;arbitrage des consommateurs.<\/p>\n<h2 class=\"headline underline\">Responsabilit\u00e9<\/h2>\n<p>Malgr\u00e9 une v\u00e9rification soigneuse, nous n&rsquo;assumons aucune responsabilit\u00e9<br \/>\npour le contenue des liens externes. La responsabilit\u00e9 pour les contenus de pages liens est exclusivement aux op\u00e9rateurs de ces pages. Les solutions list\u00e9es par la S.A.R.L. arnotec sur Internet ou dans des autres m\u00e9dia comme\u00a0 tous les autres produits ne constituent pas une offre de vente. Ce n&rsquo;est qu&rsquo;une information pour les clients qui peuvent quand m\u00eame passer une demande d&rsquo;achat \u00e0 la base de ces informations (invitatio ad offerendum).<\/p>\n<h2 class=\"headline underline\">Cr\u00e9dits photographiques<\/h2>\n<p>Page d&rsquo;accueil: \u00a9 fotolia.com, \u00a9 DragonImages, \u00a9 Igor Mojzes<\/p>\n<h2 class=\"headline underline\">Directives<\/h2>\n<p>Tous les noms de marques sont une propri\u00e9t\u00e9 du fabriquant respectif &#8211; sous r\u00e9serve d&rsquo;erreurs &#8211; tous droits r\u00e9serv\u00e9s. Tous les textes, images, graphiques et des fichiers mulitm\u00e9dia ainsi comme la mise en page sont prot\u00e9g\u00e9s par le droit de l&rsquo;auteur et autres lois relatives \u00e0 la protection de la propri\u00e9t\u00e9 intellectuelle.<br \/>\nToute r\u00e9utilisation n\u00e9cessite l&rsquo;autorisation formelle de la S.A.R.L. arnotec.<\/p>\n<p>Toutes les offres sont sans engagement. Sous r\u00e9serve d&rsquo;erreurs.<\/p>\n","protected":false},"excerpt":{"rendered":"<p>arnotec GmbH Gr\u00fcnhutstra\u00dfe 7 D-76187 Karlsruhe Allemagne T\u00e9l\u00e9phone +49 721 605710-41 Fax +49 721 605710-39 E-mail \u00a0 info@arnotec.de Internet\u00a0 www.arnotec.de Tribunal d&rsquo;enregistrement : tribunal local de Mannheim HRB 109227 Num\u00e9ro d&rsquo;identification TVA : DE202996237 Num\u00e9ro d&rsquo;enregistrement WEEE DE62865168 Repr\u00e9sentant autoris\u00e9 : Frank Arnold (voir adresse ci-dessus) R\u00e9solution des litiges : la Commission europ\u00e9enne met \u00e0 [&hellip;]<\/p>\n","protected":false},"author":1,"featured_media":0,"parent":0,"menu_order":0,"comment_status":"closed","ping_status":"closed","template":"","meta":{"_et_pb_use_builder":"on","_et_pb_old_content":"","_et_gb_content_width":"","footnotes":""},"class_list":["post-16383","page","type-page","status-publish","hentry"],"_links":{"self":[{"href":"https:\/\/blog.koax24.de\/fr\/wp-json\/wp\/v2\/pages\/16383","targetHints":{"allow":["GET"]}}],"collection":[{"href":"https:\/\/blog.koax24.de\/fr\/wp-json\/wp\/v2\/pages"}],"about":[{"href":"https:\/\/blog.koax24.de\/fr\/wp-json\/wp\/v2\/types\/page"}],"author":[{"embeddable":true,"href":"https:\/\/blog.koax24.de\/fr\/wp-json\/wp\/v2\/users\/1"}],"replies":[{"embeddable":true,"href":"https:\/\/blog.koax24.de\/fr\/wp-json\/wp\/v2\/comments?post=16383"}],"version-history":[{"count":3,"href":"https:\/\/blog.koax24.de\/fr\/wp-json\/wp\/v2\/pages\/16383\/revisions"}],"predecessor-version":[{"id":16463,"href":"https:\/\/blog.koax24.de\/fr\/wp-json\/wp\/v2\/pages\/16383\/revisions\/16463"}],"wp:attachment":[{"href":"https:\/\/blog.koax24.de\/fr\/wp-json\/wp\/v2\/media?parent=16383"}],"curies":[{"name":"wp","href":"https:\/\/api.w.org\/{rel}","templated":true}]}}