{"id":16375,"date":"2022-01-05T14:11:37","date_gmt":"2022-01-05T13:11:37","guid":{"rendered":"https:\/\/blog.koax24.de\/?page_id=16375"},"modified":"2025-12-03T15:02:56","modified_gmt":"2025-12-03T14:02:56","slug":"note-sur-la-protection-des-donnees","status":"publish","type":"page","link":"https:\/\/blog.koax24.de\/fr\/note-sur-la-protection-des-donnees\/","title":{"rendered":"D\u00e9claration de protection des donn\u00e9es"},"content":{"rendered":"\r\n<p>Wir nehmen Ihre Privatsph\u00e4re sehr ernst und beschr\u00e4nken uns auf das Wesentliche, damit wir Ihnen weiterhin einen guten Service auf der Website bieten k\u00f6nnen.<br \/>Was wir speichern und auswerten, erfahren Sie im folgenden pdf.<\/p>\r\n\r\n\r\n\r\n<h2 class=\"wp-block-heading\">Datenschutzbestimmungen f\u00fcr unsere Website<\/h2>\r\n\r\n\r\n\r\n<p><a href=\"https:\/\/blog.koax24.de\/wp-content\/uploads\/sites\/8\/2025\/12\/Datenschutzerklaerung_fr.pdf\">Datenschutzerkl\u00e4rung zum Ausdrucken<\/a><\/p>\r\n\r\n\r\n<p>[borlabs-cookie type=\u00a0\u00bbbtn-cookie-preference\u00a0\u00bb title=\u00a0\u00bbCookie Einstellungen \u00e4ndern\u00a0\u00bb element=\u00a0\u00bblink\u00a0\u00bb\/]<\/p>\n","protected":false},"excerpt":{"rendered":"<p>Wir nehmen Ihre Privatsph\u00e4re sehr ernst und beschr\u00e4nken uns auf das Wesentliche, damit wir Ihnen weiterhin einen guten Service auf der Website bieten k\u00f6nnen.Was wir speichern und auswerten, erfahren Sie im folgenden pdf. Datenschutzbestimmungen f\u00fcr unsere Website Datenschutzerkl\u00e4rung zum Ausdrucken<\/p>\n","protected":false},"author":26,"featured_media":0,"parent":0,"menu_order":0,"comment_status":"closed","ping_status":"closed","template":"","meta":{"_et_pb_use_builder":"","_et_pb_old_content":"","_et_gb_content_width":"","footnotes":""},"class_list":["post-16375","page","type-page","status-publish","hentry"],"_links":{"self":[{"href":"https:\/\/blog.koax24.de\/fr\/wp-json\/wp\/v2\/pages\/16375","targetHints":{"allow":["GET"]}}],"collection":[{"href":"https:\/\/blog.koax24.de\/fr\/wp-json\/wp\/v2\/pages"}],"about":[{"href":"https:\/\/blog.koax24.de\/fr\/wp-json\/wp\/v2\/types\/page"}],"author":[{"embeddable":true,"href":"https:\/\/blog.koax24.de\/fr\/wp-json\/wp\/v2\/users\/26"}],"replies":[{"embeddable":true,"href":"https:\/\/blog.koax24.de\/fr\/wp-json\/wp\/v2\/comments?post=16375"}],"version-history":[{"count":9,"href":"https:\/\/blog.koax24.de\/fr\/wp-json\/wp\/v2\/pages\/16375\/revisions"}],"predecessor-version":[{"id":21225,"href":"https:\/\/blog.koax24.de\/fr\/wp-json\/wp\/v2\/pages\/16375\/revisions\/21225"}],"wp:attachment":[{"href":"https:\/\/blog.koax24.de\/fr\/wp-json\/wp\/v2\/media?parent=16375"}],"curies":[{"name":"wp","href":"https:\/\/api.w.org\/{rel}","templated":true}]}}