{"id":16594,"date":"2022-02-24T14:00:36","date_gmt":"2022-02-24T13:00:36","guid":{"rendered":"https:\/\/blog.koax24.de\/caja-de-conexiones-con-bnc\/"},"modified":"2022-04-25T10:28:57","modified_gmt":"2022-04-25T09:28:57","slug":"caja-de-conexiones-con-bnc","status":"publish","type":"page","link":"https:\/\/blog.koax24.de\/es\/caja-de-conexiones-con-bnc\/","title":{"rendered":"Caja de conexiones con BNC"},"content":{"rendered":"<p>Nuestra <strong>caja de conexi\u00f3n de se\u00f1ales BNC<\/strong> tiene una carcasa de aluminio ligera pero robusta y est\u00e1 dise\u00f1ada para su uso en m\u00e1quinas, estaciones de trabajo de laboratorio o en la industria del autom\u00f3vil para el env\u00edo de se\u00f1ales de medici\u00f3n.<br \/>\nEst\u00e1 disponible con <strong>4, 6, 8 o 10 tomas BNC de serie<\/strong>, pero con cualquier otro n\u00famero de tomas bajo pedido. Tambi\u00e9n puede elegir libremente la longitud del cable de la l\u00ednea de alimentaci\u00f3n y los conectores u optar por las longitudes sugeridas por nosotros.<\/p>\n<table class=\"arno-table full-width sticky mb\">\n<thead>\n<tr>\n<th class=\"table_manufactor_first_row_pic\" width=\"150\">Imagen<\/th>\n<th class=\"table_manufactor_first_row_long\">Descripci\u00f3n<\/th>\n<th class=\"table_search_first_row\">Art\u00edculo<\/th>\n<th class=\"table_search_first_row_data\">Ficha t\u00e9cnica<\/th>\n<th class=\"table_manufactor_first_row_price\" width=\"80\">Precio desde<\/th>\n<th class=\"\"><\/th>\n<\/tr>\n<\/thead>\n<tbody>\n<tr>\n<td>\n<div><\/div>\n<\/td>\n<td>\n<div class=\"padding-left\">\n<div>Caja de conexiones con 10 tomas BNC, RG174, 30 m<br \/>\nCable con 10 conectores BNC, etiquetado<\/div>\n<div><\/div>\n<\/div>\n<\/td>\n<td><a class=\"internal-link\" href=\"https:\/\/www.koax24.de\/es\/shop\/article\/anschlussbox-mit-10x-bnc-buchse-rg174-30-m-kabel-mit-10x-bnc-stecker-beschriftet-810193.html\">810193<\/a><\/td>\n<td><\/td>\n<td>\n<div class=\"text-right price\">523,188 EUR<\/div>\n<\/td>\n<\/tr>\n<tr>\n<td>\n<div><\/div>\n<\/td>\n<td>\n<div class=\"padding-left\">\n<div>Caja de conexiones con 4 tomas BNC, RG174, 10 m<br \/>\nCable con 4 conectores BNC, etiquetado<\/div>\n<div><\/div>\n<\/div>\n<\/td>\n<td><a class=\"internal-link\" href=\"https:\/\/www.koax24.de\/es\/shop\/article\/anschlussbox-mit-4x-bnc-buchse-rg174-10-m-kabel-mit-4x-bnc-stecker-beschriftet-810140.html\">810140<\/a><\/td>\n<td><i class=\"fal fa-file-pdf\"><\/i><span class=\"button-label\">471KB<\/span><\/td>\n<td>\n<div class=\"text-right price\">292,500 EUR<\/div>\n<\/td>\n<\/tr>\n<tr>\n<td>\n<div><\/div>\n<\/td>\n<td>\n<div class=\"padding-left\">\n<div>Caja de conexiones con 4 tomas BNC, RG174, 2,5 m<br \/>\nCable con 4 conectores BNC, etiquetado<\/div>\n<div><\/div>\n<\/div>\n<\/td>\n<td><a class=\"internal-link\" href=\"https:\/\/www.koax24.de\/es\/shop\/article\/anschlussbox-mit-4x-bnc-buchse-rg174-25-m-kabel-mit-4x-bnc-stecker-beschriftet-810142.html\">810142<\/a><\/td>\n<td><i class=\"fal fa-file-pdf\"><\/i><span class=\"button-label\">471KB<\/span><\/td>\n<td>\n<div class=\"text-right price\">260,298 EUR<\/div>\n<\/td>\n<\/tr>\n<tr>\n<td>\n<div><\/div>\n<\/td>\n<td>\n<div class=\"padding-left\">\n<div>Caja de conexiones con 4 tomas BNC, RG174, 5 m<br \/>\nCable con 4 conectores BNC, etiquetado<\/div>\n<div><\/div>\n<\/div>\n<\/td>\n<td><a class=\"internal-link\" href=\"https:\/\/www.koax24.de\/es\/shop\/article\/anschlussbox-mit-4x-bnc-buchse-rg174-5-m-kabel-mit-4x-bnc-stecker-beschriftet-810141.html\">810141<\/a><\/td>\n<td><i class=\"fal fa-file-pdf\"><\/i><span class=\"button-label\">471KB<\/span><\/td>\n<td>\n<div class=\"text-right price\">266,382 EUR<\/div>\n<\/td>\n<\/tr>\n<tr>\n<td>\n<div><\/div>\n<\/td>\n<td>\n<div class=\"padding-left\">\n<div>Caja de conexiones con 5 tomas BNC, RG174, 20 m<br \/>\nCable con 5 conectores BNC, etiquetado<\/div>\n<\/div>\n<\/td>\n<td><a class=\"internal-link\" href=\"https:\/\/www.koax24.de\/es\/shop\/article\/anschlussbox-mit-5x-bnc-buchse-rg174-20-m-kabel-mit-5x-bnc-stecker-beschriftet-810186.html\">810186<\/a><\/td>\n<td><\/td>\n<td>\n<div class=\"text-right price\">335,727 EUR<\/div>\n<\/td>\n<\/tr>\n<tr>\n<td>\n<div><\/div>\n<\/td>\n<td>\n<div class=\"padding-left\">\n<div>Caja de conexiones con 5 tomas BNC, RG174, 30 m<br \/>\nCable con 5 conectores BNC, etiquetado<\/div>\n<div><\/div>\n<\/div>\n<\/td>\n<td><a class=\"internal-link\" href=\"https:\/\/www.koax24.de\/es\/shop\/article\/anschlussbox-mit-5x-bnc-buchse-rg174-30-m-kabel-mit-5x-bnc-stecker-beschriftet-810192.html\">810192<\/a><\/td>\n<td><i class=\"fal fa-file-pdf\"><\/i><span class=\"button-label\">471KB<\/span><\/td>\n<td>\n<div class=\"text-right price\">370,800 EUR<\/div>\n<\/td>\n<\/tr>\n<tr>\n<td>\n<div><\/div>\n<\/td>\n<td>\n<div class=\"padding-left\">\n<div>Caja de conexiones con 8 tomas BNC, RG174, 10 m<br \/>\nCable con 8 conectores BNC, etiquetado<\/div>\n<div><\/div>\n<\/div>\n<\/td>\n<td><a class=\"internal-link\" href=\"https:\/\/www.koax24.de\/es\/shop\/article\/anschlussbox-mit-8x-bnc-buchse-rg174-10-m-kabel-mit-8x-bnc-stecker-beschriftet-810180.html\">810180<\/a><\/td>\n<td><i class=\"fal fa-file-pdf\"><\/i><span class=\"button-label\">471KB<\/span><\/td>\n<td>\n<div class=\"text-right price\">402,669 EUR<\/div>\n<\/td>\n<\/tr>\n<tr>\n<td>\n<div><\/div>\n<\/td>\n<td>\n<div class=\"padding-left\">\n<div>Caja de conexiones con 8 tomas BNC, RG174, 2,5 m<br \/>\nCable con 8 conectores BNC, etiquetado<\/div>\n<\/div>\n<\/td>\n<td><a class=\"internal-link\" href=\"https:\/\/www.koax24.de\/es\/shop\/article\/anschlussbox-mit-8x-bnc-buchse-rg174-25-m-kabel-mit-8x-bnc-stecker-beschriftet-810182.html\">810182<\/a><\/td>\n<td><i class=\"fal fa-file-pdf\"><\/i><span class=\"button-label\">471KB<\/span><\/td>\n<td>\n<div class=\"text-right price\">385,245 EUR<\/div>\n<\/td>\n<\/tr>\n<tr>\n<td>\n<div><\/div>\n<\/td>\n<td>\n<div class=\"padding-left\">\n<div>Caja de conexiones con 8 tomas BNC, RG174, 30 m<br \/>\nCable con 8 conectores BNC, etiquetado<\/div>\n<div><\/div>\n<\/div>\n<\/td>\n<td><a class=\"internal-link\" href=\"https:\/\/www.koax24.de\/es\/shop\/article\/anschlussbox-mit-8x-bnc-buchse-rg174-30-m-kabel-mit-8x-bnc-stecker-beschriftet-810191.html\">810191<\/a><\/td>\n<td><i class=\"fal fa-file-pdf\"><\/i><span class=\"button-label\">471KB<\/span><\/td>\n<td>\n<div class=\"text-right price\">509,229 EUR<\/div>\n<\/td>\n<\/tr>\n<tr>\n<td>\n<div><\/div>\n<\/td>\n<td>\n<div class=\"padding-left\">\n<div>Caja de conexiones con 8 tomas BNC, RG58 C\/U, 2,5 m<br \/>\nCable con 8 conectores BNC, etiquetado<\/div>\n<div><\/div>\n<\/div>\n<\/td>\n<td><a class=\"internal-link\" href=\"https:\/\/www.koax24.de\/es\/shop\/article\/anschlussbox-mit-8x-bnc-buchse-rg58-cu-25-m-kabel-mit-8x-bnc-stecker-beschriftet-810199.html\">810199<\/a><\/td>\n<td><\/td>\n<td>\n<div class=\"text-right price\">&#8212; EUR<\/div>\n<\/td>\n<\/tr>\n<\/tbody>\n<thead>\n<tr>\n<th class=\"table_manufactor_first_row_pic\" width=\"150\">Imagen<\/th>\n<th class=\"table_manufactor_first_row_long\">Descripci\u00f3n<\/th>\n<th class=\"table_search_first_row\">Art\u00edculo<\/th>\n<th class=\"table_search_first_row_data\">Ficha t\u00e9cnica<\/th>\n<th class=\"table_manufactor_first_row_price\" width=\"80\">Precio desde<\/th>\n<th class=\"\"><\/th>\n<\/tr>\n<\/thead>\n<tbody>\n<tr>\n<td>\n<div><\/div>\n<\/td>\n<td>\n<div class=\"padding-left\">\n<div>Caja de conexiones con 8 tomas BNC, RG174, 10 m<br \/>\nCable con 8 tomas SMA, etiquetado<\/div>\n<div><\/div>\n<\/div>\n<\/td>\n<td><a class=\"internal-link\" href=\"https:\/\/www.koax24.de\/es\/shop\/article\/anschlussbox-mit-8x-bnc-buchse-rg174-10-m-kabel-mit-8x-sma-buchse-beschriftet-810093.html\">810093<\/a><\/td>\n<td><\/td>\n<td>\n<div class=\"text-right price\">378,000 EUR<\/div>\n<\/td>\n<\/tr>\n<tr>\n<td>\n<div><\/div>\n<\/td>\n<td>\n<div class=\"padding-left\">\n<div>Caja de conexiones con 8 tomas BNC, RG174, 10 m<br \/>\nCable con 8 conectores SMA, etiquetado<\/div>\n<div><\/div>\n<\/div>\n<\/td>\n<td><a class=\"internal-link\" href=\"https:\/\/www.koax24.de\/es\/shop\/article\/anschlussbox-mit-8x-bnc-buchse-rg174-10-m-kabel-mit-8x-sma-stecker-beschriftet-810095.html\">810095<\/a><\/td>\n<td><\/td>\n<td>\n<div class=\"text-right price\">409,725 EUR<\/div>\n<\/td>\n<\/tr>\n<tr>\n<td>\n<div><\/div>\n<\/td>\n<td>\n<div class=\"padding-left\">\n<div>Caja de conexiones con 8 tomas BNC, RG174, 7,5 m<br \/>\nCable con 8 tomas SMA, etiquetado<\/div>\n<div><\/div>\n<\/div>\n<\/td>\n<td><a class=\"internal-link\" href=\"https:\/\/www.koax24.de\/es\/shop\/article\/anschlussbox-mit-8x-bnc-buchse-rg174-75-m-kabel-mit-8x-sma-buchse-beschriftet-810090.html\">810090<\/a><\/td>\n<td><\/td>\n<td>\n<div class=\"text-right price\">351,000 EUR<\/div>\n<\/td>\n<\/tr>\n<tr>\n<td>\n<div><\/div>\n<\/td>\n<td>\n<div class=\"padding-left\">\n<div>Caja de conexiones con 8 tomas BNC, RG174, 7,5 m<br \/>\nCable con 8 conectores SMA, etiquetado<\/div>\n<div><\/div>\n<\/div>\n<\/td>\n<td><a class=\"internal-link\" href=\"https:\/\/www.koax24.de\/es\/shop\/article\/anschlussbox-mit-8x-bnc-buchse-rg174-75-m-kabel-mit-8x-sma-stecker-beschriftet-810091.html\">810091<\/a><\/td>\n<td><\/td>\n<td>\n<div class=\"text-right price\">397,557 EUR<\/div>\n<\/td>\n<\/tr>\n<\/tbody>\n<thead>\n<tr>\n<th class=\"table_manufactor_first_row_pic\" width=\"150\">Imagen<\/th>\n<th class=\"table_manufactor_first_row_long\">Descripci\u00f3n<\/th>\n<th class=\"table_search_first_row\">Art\u00edculo<\/th>\n<th class=\"table_search_first_row_data\">Ficha t\u00e9cnica<\/th>\n<th class=\"table_manufactor_first_row_price\" width=\"80\">Precio desde<\/th>\n<th class=\"\"><\/th>\n<\/tr>\n<\/thead>\n<tbody>\n<tr>\n<td>\n<div><\/div>\n<\/td>\n<td>\n<div class=\"padding-left\">\n<div>Caja de conexiones con 4 tomas BNC, RG174, 10 m<br \/>\nCable con 4 tomas SMB, etiquetado<\/div>\n<div><\/div>\n<\/div>\n<\/td>\n<td><a class=\"internal-link\" href=\"https:\/\/www.koax24.de\/shop\/article\/anschlussbox-mit-4x-bnc-buchse-rg174-10-m-kabel-mit-4x-smb-buchse-beschriftet-810040.html\">810040<\/a><\/td>\n<td><\/td>\n<td>\n<div class=\"text-right price\">292,500 EUR<\/div>\n<\/td>\n<\/tr>\n<tr>\n<td>\n<div><\/div>\n<\/td>\n<td>\n<div class=\"padding-left\">\n<div>Caja de conexiones con 4 tomas BNC, RG174, 2,5 m<br \/>\nCable con 4 tomas SMB, etiquetado<\/div>\n<\/div>\n<\/td>\n<td><a class=\"internal-link\" href=\"https:\/\/www.koax24.de\/es\/shop\/article\/anschlussbox-mit-4x-bnc-buchse-rg174-25-m-kabel-mit-4x-smb-buchse-beschriftet-810042.html\">810042<\/a><\/td>\n<td><\/td>\n<td>\n<div class=\"text-right price\">261,000 EUR<\/div>\n<\/td>\n<\/tr>\n<tr>\n<td>\n<div><\/div>\n<\/td>\n<td>\n<div class=\"padding-left\">\n<div>Caja de conexiones con 4 tomas BNC, RG174, 5 m<br \/>\nCable con 4 tomas SMB, etiquetado<\/div>\n<div><\/div>\n<\/div>\n<\/td>\n<td><a class=\"internal-link\" href=\"https:\/\/www.koax24.de\/es\/shop\/article\/anschlussbox-mit-4x-bnc-buchse-rg174-5-m-kabel-mit-4x-smb-buchse-beschriftet-810041.html\">810041<\/a><\/td>\n<td><\/td>\n<td>\n<div class=\"text-right price\">274,500 EUR<\/div>\n<\/td>\n<\/tr>\n<tr>\n<td>\n<div><\/div>\n<\/td>\n<td>\n<div class=\"padding-left\">\n<div>Caja de conexiones con 8 tomas BNC, LMR100A, 10 m<br \/>\nCable con 8 conectores BNC, etiquetado<\/div>\n<div><\/div>\n<\/div>\n<\/td>\n<td><a class=\"internal-link\" href=\"https:\/\/www.koax24.de\/es\/shop\/article\/anschlussbox-mit-8x-bnc-buchse-lmr100a-10-m-kabel-mit-8x-bnc-stecker-beschriftet-810085.html\">810085<\/a><\/td>\n<td><\/td>\n<td>\n<div class=\"text-right price\">513,000 EUR<\/div>\n<\/td>\n<\/tr>\n<tr>\n<td>\n<div><\/div>\n<\/td>\n<td>\n<div class=\"padding-left\">\n<div>Caja de conexiones con 8 tomas BNC, RG174, 10 m<br \/>\nCable con 8 tomas SMB, etiquetado<\/div>\n<div><\/div>\n<\/div>\n<\/td>\n<td><a class=\"internal-link\" href=\"https:\/\/www.koax24.de\/shop\/article\/anschlussbox-mit-8x-bnc-buchse-rg174-10-m-kabel-mit-8x-smb-buchse-beschriftet-810080.html\">810080<\/a><\/td>\n<td><\/td>\n<td>\n<div class=\"text-right price\">378,000 EUR<\/div>\n<\/td>\n<\/tr>\n<tr>\n<td>\n<div><\/div>\n<\/td>\n<td>\n<div class=\"padding-left\">\n<div>Caja de conexiones con 8 tomas BNC, RG174, 2,5 m<br \/>\nCable con 8 tomas SMB, etiquetado<\/div>\n<div><\/div>\n<\/div>\n<\/td>\n<td><a class=\"internal-link\" href=\"https:\/\/www.koax24.de\/es\/shop\/article\/anschlussbox-mit-8x-bnc-buchse-rg174-25-m-kabel-mit-8x-smb-buchse-beschriftet-810082.html\">810082<\/a><\/td>\n<td><\/td>\n<td>\n<div class=\"text-right price\">333,000 EUR<\/div>\n<\/td>\n<\/tr>\n<tr>\n<td>\n<div><\/div>\n<\/td>\n<td>\n<div class=\"padding-left\">\n<div>Caja de conexiones con 8 tomas BNC, RG174, 5 m<br \/>\nCable con 8 tomas SMB, etiquetado<\/div>\n<\/div>\n<\/td>\n<td><a class=\"internal-link\" href=\"https:\/\/www.koax24.de\/es\/shop\/article\/anschlussbox-mit-8x-bnc-buchse-rg174-5-m-kabel-mit-8x-smb-buchse-beschriftet-810081.html\">810081<\/a><\/td>\n<td><\/td>\n<td>\n<div class=\"text-right price\">351,000 EUR<\/div>\n<\/td>\n<\/tr>\n<\/tbody>\n<\/table>\n","protected":false},"excerpt":{"rendered":"<p>Nuestra caja de conexi\u00f3n de se\u00f1ales BNC tiene una carcasa de aluminio ligera pero robusta y est\u00e1 dise\u00f1ada para su uso en m\u00e1quinas, estaciones de trabajo de laboratorio o en la industria del autom\u00f3vil para el env\u00edo de se\u00f1ales de medici\u00f3n. Est\u00e1 disponible con 4, 6, 8 o 10 tomas BNC de serie, pero con [&hellip;]<\/p>\n","protected":false},"author":26,"featured_media":0,"parent":0,"menu_order":0,"comment_status":"closed","ping_status":"closed","template":"","meta":{"_et_pb_use_builder":"","_et_pb_old_content":"","_et_gb_content_width":"","footnotes":""},"class_list":["post-16594","page","type-page","status-publish","hentry"],"_links":{"self":[{"href":"https:\/\/blog.koax24.de\/es\/wp-json\/wp\/v2\/pages\/16594","targetHints":{"allow":["GET"]}}],"collection":[{"href":"https:\/\/blog.koax24.de\/es\/wp-json\/wp\/v2\/pages"}],"about":[{"href":"https:\/\/blog.koax24.de\/es\/wp-json\/wp\/v2\/types\/page"}],"author":[{"embeddable":true,"href":"https:\/\/blog.koax24.de\/es\/wp-json\/wp\/v2\/users\/26"}],"replies":[{"embeddable":true,"href":"https:\/\/blog.koax24.de\/es\/wp-json\/wp\/v2\/comments?post=16594"}],"version-history":[{"count":8,"href":"https:\/\/blog.koax24.de\/es\/wp-json\/wp\/v2\/pages\/16594\/revisions"}],"predecessor-version":[{"id":16723,"href":"https:\/\/blog.koax24.de\/es\/wp-json\/wp\/v2\/pages\/16594\/revisions\/16723"}],"wp:attachment":[{"href":"https:\/\/blog.koax24.de\/es\/wp-json\/wp\/v2\/media?parent=16594"}],"curies":[{"name":"wp","href":"https:\/\/api.w.org\/{rel}","templated":true}]}}