{"id":16585,"date":"2022-02-18T16:33:10","date_gmt":"2022-02-18T15:33:10","guid":{"rendered":"https:\/\/blog.koax24.de\/cable-de-video-08-37\/"},"modified":"2023-02-08T15:36:05","modified_gmt":"2023-02-08T14:36:05","slug":"cable-de-video-08-37","status":"publish","type":"page","link":"https:\/\/blog.koax24.de\/es\/cable-de-video-08-37\/","title":{"rendered":"Cable de v\u00eddeo 0,8\/3,7"},"content":{"rendered":"<h1 class=\"pagetitle\">Cable 0.8\/3.7 AF FRNC<\/h1>\n<div class=\"entry_wrap fix\">\n<div class=\"entry_content\">\n<p>**************************************<\/p>\n<h3>Cables y conducciones 0.8\/3.7 AF FRNC DRAKA \/ 75\u03a9 <a title=\"Koaxiales Kabel\" href=\"https:\/\/www.kabelwissen.de\/glossar_stichwortverzeichnis\/kabelaufbau\/koaxiales-kabel\/\">cables coaxiales<\/a><\/h3>\n<p>La <strong>Draka 0,8\/3,7 AF FRNC<\/strong> es ideal para aplicaciones de estudio y transmisi\u00f3n de informaci\u00f3n de im\u00e1genes. Para la transmisi\u00f3n de se\u00f1ales anal\u00f3gicas y digitales como con\u00a0<a title=\"SDI\" href=\"https:\/\/www.kabelwissen.de\/glossar_stichwortverzeichnis\/kabelaufbau\/sdi\/\">SDI<\/a>, SDV,\u00a0<a title=\"SDTI\" href=\"https:\/\/www.kabelwissen.de\/glossar_stichwortverzeichnis\/kabelaufbau\/sdti\/\">SDTI<\/a>,\u00a0<a title=\"HDTV\" href=\"https:\/\/www.kabelwissen.de\/glossar_stichwortverzeichnis\/kabelaufbau\/hdtv\/\">HDTV<\/a>.<\/p>\n<p>Cumple con: IEC 60332-1, IEC 60332-1, IEC 60754, IEC 61034<\/p>\n<p><strong>0,8\/3,7 AF FRNC DRAKA<\/strong>: color de la <a href=\"https:\/\/www.kabelwissen.de\/glossar_stichwortverzeichnis\/kabelaufbau\/mantel\/\">cubierta<\/a> verde, 75 \u03a9 \/\/ DRAKA &#8211; 0,8\/3,7 AF FRNC-C HDT &#8211; 75R \u00b1 1% &#8211; <a href=\"https:\/\/www.kabelwissen.de\/glossar_stichwortverzeichnis\/materialien\/frnc\/\">HDTVFRNC<\/a><br \/>\nN\u00famero: 1002206 \/ 60011525<\/p>\n<table class=\"link_extern\" align=\"left\">\n<tbody>\n<tr>\n<td rowspan=\"2\" align=\"left\" valign=\"middle\"><\/td>\n<td width=\"35%\"><a href=\"https:\/\/www.koax24.de\/shop\/article\/0837-af-frnc-draka-gruen-videokabel-0837-af-frnc-draka-050212.html\" target=\"_blank\" rel=\"noopener noreferrer\"><strong>Kabel 75 Ohm bestellen<\/strong><\/a><\/td>\n<td><a href=\"https:\/\/www.koax24.de\/shop\/article\/0837-af-frnc-draka-gruen-videokabel-0837-af-frnc-draka-050212.html\" target=\"_blank\" rel=\"noopener noreferrer\"><\/a><\/td>\n<\/tr>\n<tr>\n<td width=\"35%\"><strong>Kabelkonfektion mit 0.8\/3.7 AF FRNC<\/strong><\/td>\n<td><\/td>\n<\/tr>\n<\/tbody>\n<\/table>\n<p>&nbsp;<\/p>\n<table border=\"0\" cellspacing=\"1\" cellpadding=\"2\" bgcolor=\"#b0b0b0\">\n<tbody>\n<tr>\n<td width=\"120\"><\/td>\n<td width=\"160\">Material<\/td>\n<td width=\"120\">Di\u00e1metro<\/td>\n<\/tr>\n<tr>\n<td bgcolor=\"#ffffff\">Conductor interior<\/td>\n<td bgcolor=\"#ffffff\">Cu s\u00f3lido, brillante<\/td>\n<td bgcolor=\"#ffffff\">0.80 mm<\/td>\n<\/tr>\n<tr>\n<td bgcolor=\"#ffffff\">Diel\u00e9ctrico<\/td>\n<td bgcolor=\"#ffffff\">PE<\/td>\n<td bgcolor=\"#ffffff\">3.70 mm<\/td>\n<\/tr>\n<tr>\n<td bgcolor=\"#ffffff\">Cubierta<\/td>\n<td bgcolor=\"#ffffff\">Al l\u00e1mina, Cu Trenzado<\/td>\n<td bgcolor=\"#ffffff\">4.50 mm<\/td>\n<\/tr>\n<tr>\n<td bgcolor=\"#ffffff\">Cubierta de cable<\/td>\n<td bgcolor=\"#ffffff\">FRNC, verde<\/td>\n<td bgcolor=\"#ffffff\">5.90 mm<\/td>\n<\/tr>\n<\/tbody>\n<\/table>\n<p class=\"csc-firstHeader\"><strong><br \/>\nCable de conexi\u00f3n de v\u00eddeo premontado<br \/>\n<\/strong>Tambi\u00e9n ofrecemos cables de 75 ohmios listos para la transmisi\u00f3n de se\u00f1ales de v\u00eddeo para <a href=\"https:\/\/www.kabelwissen.de\/glossar_stichwortverzeichnis\/kabelaufbau\/hdtv\/\">HDTV<\/a>, UltraHD o 4K, y <a href=\"https:\/\/www.kabelwissen.de\/glossar_stichwortverzeichnis\/kabelaufbau\/sdi\/\">SDI<\/a>.<br \/>\nPuede elegir entre 10 fundas de protecci\u00f3n contra dobleces de diferentes colores para sus cables.<br \/>\nGracias a la <a href=\"https:\/\/www.kabelwissen.de\/glossar_stichwortverzeichnis\/elektrischen-eigenschaften\/wellenwiderstand\/\">impedancia caracter\u00edstica<\/a> de 75R, todos los cables son id\u00f3neos para la tecnolog\u00eda de televisi\u00f3n y radio.<\/p>\n<table border=\"0\" cellspacing=\"1\" cellpadding=\"4\" bgcolor=\"#b0b0b0\">\n<tbody>\n<tr>\n<td bgcolor=\"#c7c7c7\" width=\"250\">Descripci\u00f3n<\/td>\n<td bgcolor=\"#c7c7c7\" width=\"85\">Formato<\/td>\n<td bgcolor=\"#c7c7c7\">Tama\u00f1o<\/td>\n<td bgcolor=\"#c7c7c7\" width=\"95\">Descarga<\/td>\n<\/tr>\n<tr>\n<td bgcolor=\"#ffffff\">0.8\/3.7 AF FRNC cable de Draka \u2013 Ficha t\u00e9cnica<\/td>\n<td align=\"center\" bgcolor=\"#ffffff\"><img decoding=\"async\" src=\"http:\/\/koax24.de\/gfx\/adobe_grey_small.gif\" alt=\"\" \/>\u00a0PDF<\/td>\n<td bgcolor=\"#ffffff\">124 kB<\/td>\n<td align=\"center\" bgcolor=\"#ffffff\"><a href=\"https:\/\/www.koax24.de\/storage\/datasheet\/de\/050212_Datenblatt_08-37_AF_Draka.pdf\">haga clic aqu\u00ed<\/a><\/td>\n<\/tr>\n<\/tbody>\n<\/table>\n<p>Simplemente, \u00a1haga que le montemos los cables! <a href=\"https:\/\/www.koax24.de\/konfigurator\/kabelkonfigurator.html\">m\u00e1s en &gt;&gt;&gt;<\/a><\/p>\n<\/div>\n<\/div>\n","protected":false},"excerpt":{"rendered":"<p>Cable 0.8\/3.7 AF FRNC ************************************** Cables y conducciones 0.8\/3.7 AF FRNC DRAKA \/ 75\u03a9 cables coaxiales La Draka 0,8\/3,7 AF FRNC es ideal para aplicaciones de estudio y transmisi\u00f3n de informaci\u00f3n de im\u00e1genes. Para la transmisi\u00f3n de se\u00f1ales anal\u00f3gicas y digitales como con\u00a0SDI, SDV,\u00a0SDTI,\u00a0HDTV. Cumple con: IEC 60332-1, IEC 60332-1, IEC 60754, IEC 61034 0,8\/3,7 [&hellip;]<\/p>\n","protected":false},"author":26,"featured_media":0,"parent":0,"menu_order":0,"comment_status":"closed","ping_status":"closed","template":"","meta":{"_et_pb_use_builder":"","_et_pb_old_content":"","_et_gb_content_width":"","footnotes":""},"class_list":["post-16585","page","type-page","status-publish","hentry"],"_links":{"self":[{"href":"https:\/\/blog.koax24.de\/es\/wp-json\/wp\/v2\/pages\/16585","targetHints":{"allow":["GET"]}}],"collection":[{"href":"https:\/\/blog.koax24.de\/es\/wp-json\/wp\/v2\/pages"}],"about":[{"href":"https:\/\/blog.koax24.de\/es\/wp-json\/wp\/v2\/types\/page"}],"author":[{"embeddable":true,"href":"https:\/\/blog.koax24.de\/es\/wp-json\/wp\/v2\/users\/26"}],"replies":[{"embeddable":true,"href":"https:\/\/blog.koax24.de\/es\/wp-json\/wp\/v2\/comments?post=16585"}],"version-history":[{"count":4,"href":"https:\/\/blog.koax24.de\/es\/wp-json\/wp\/v2\/pages\/16585\/revisions"}],"predecessor-version":[{"id":17388,"href":"https:\/\/blog.koax24.de\/es\/wp-json\/wp\/v2\/pages\/16585\/revisions\/17388"}],"wp:attachment":[{"href":"https:\/\/blog.koax24.de\/es\/wp-json\/wp\/v2\/media?parent=16585"}],"curies":[{"name":"wp","href":"https:\/\/api.w.org\/{rel}","templated":true}]}}