{"id":16540,"date":"2022-02-17T17:01:33","date_gmt":"2022-02-17T16:01:33","guid":{"rendered":"https:\/\/blog.koax24.de\/fep-cable-coaxial\/"},"modified":"2022-02-17T17:01:33","modified_gmt":"2022-02-17T16:01:33","slug":"fep-cable-coaxial","status":"publish","type":"page","link":"https:\/\/blog.koax24.de\/es\/fep-cable-coaxial\/","title":{"rendered":"FEP &#8211; cable coaxial"},"content":{"rendered":"<div id=\"c12848\" class=\"csc-frame csc-frame-header-picture-text\">\n<header class=\"csc-header csc-header-n1\">\n<h2 class=\"csc-firstHeader\"><\/h2>\n<\/header>\n<div class=\"csc-textpic csc-textpic-intext-left-nowrap csc-textpic-intext-left-nowrap-259\">\n<div class=\"csc-textpic-imagewrap\">\n<figure class=\"csc-textpic-image csc-textpic-last\"><img loading=\"lazy\" decoding=\"async\" class=\"alignnone size-full wp-image-5995\" src=\"https:\/\/blog.koax24.de\/wp-content\/uploads\/sites\/8\/2015\/04\/050165_002.jpg\" alt=\"\" width=\"249\" height=\"188\" \/><\/figure>\n<\/div>\n<div class=\"csc-textpic-text\">\n<p><b>FEP <\/b>(etileno-propileno fluorado)<br \/>\nPerfluoroetileno propileno, material aislante que tiene unas propiedades el\u00e9ctricas, t\u00e9rmicas, qu\u00edmicas y mec\u00e1nicas excepcionalmente buenas. Son posibles temperaturas continuas de hasta 205\u00b0C y temperaturas de aplicaci\u00f3n de hasta 90\u00b0C bajo cero.<\/p>\n<\/div>\n<\/div>\n<\/div>\n<div id=\"c12844\" class=\"csc-frame csc-frame-grey-border\">\n<header class=\"csc-header csc-header-n2\">\n<h2>TODOS LOS CABLES COAXIALES CON CUBIERTA FEP EN LA TIENDA<\/h2>\n<table class=\"arno-table full-width mb pb contenttable-colored-header\">\n<thead>\n<tr>\n<td class=\"table_cable_first_row\">Descripci\u00f3n<\/td>\n<td class=\"table_cable_first_row\"><\/td>\n<td class=\"table_cable_first_row\">Frecuencia<br \/>\n<span class=\"unit\">max\/GHz<\/span><\/td>\n<td class=\"table_cable_first_row\">Material<\/td>\n<td class=\"table_cable_first_row\">Atenuaci\u00f3n de cable<br \/>\n<span class=\"unit\">1GHz<\/span><\/td>\n<td class=\"table_cable_first_row\">Ficha t\u00e9cnica<\/td>\n<td class=\"table_cable_first_row\">Art\u00edculo<\/td>\n<\/tr>\n<\/thead>\n<tbody>\n<tr class=\"full-row\">\n<th colspan=\"42\">Todos los cables coaxiales en tienda con cubierta FEP<\/th>\n<\/tr>\n<tr>\n<td><strong><a class=\"link-image\" title=\"RG 178 (Habia)\" href=\"https:\/\/www.koax24.de\/es\/informacion-del-producto\/cable-coaxial\/cable-coaxial-50-ohm\/15-21-mm-tamano1\/rg178-bu.html\">RG 178 (Habia)<\/a><\/strong><\/td>\n<td>\u00d8 1.75 mm<\/td>\n<td>2.5<\/td>\n<td>FEP<\/td>\n<td>1.48 \/ db<\/td>\n<td><a class=\"arno-button text\" href=\"https:\/\/www.koax24.de\/storage\/datasheet\/de\/050173_Datenblatt_RG178.pdf\" target=\"_blank\" rel=\"noopener\"><i class=\"fal fa-file-pdf\"><\/i><span class=\"button-label\">18.22KB<\/span><\/a><\/td>\n<td><strong><a class=\"internal-link\" href=\"https:\/\/www.koax24.de\/es\/shop\/article\/rg178-koaxialkabel-d-180-mm-fep-temp-55c-bis-200c-050173.html\">050173<\/a><\/strong><\/td>\n<\/tr>\n<tr>\n<td><strong>RG 178 (M) (Habia)<\/strong><\/td>\n<td>\u00d8 1.80 mm<\/td>\n<td>2.5<\/td>\n<td>FEP<\/td>\n<td>1.48 \/ db<\/td>\n<td><a class=\"arno-button text\" href=\"https:\/\/www.koax24.de\/storage\/datasheet\/de\/050191_Datenblatt_3000017801_2013381_191_doc.pdf\" target=\"_blank\" rel=\"noopener\"><i class=\"fal fa-file-pdf\"><\/i><span class=\"button-label\">37KB<\/span><\/a><\/td>\n<td><strong><a class=\"internal-link\" href=\"https:\/\/www.koax24.de\/es\/shop\/article\/rg178-m-koaxialkabel-d-180-mm-fep-temp-65c-bis-200c-050191.html\">050191<\/a><\/strong><\/td>\n<\/tr>\n<tr>\n<td><strong><a class=\"link-image\" title=\"RG 316 \/C (Habia)\" href=\"https:\/\/www.koax24.de\/es\/informacion-del-producto\/cable-coaxial\/cable-coaxial-50-ohm\/24-32-mm-tamano2\/rg316-c.html\">RG 316 \/C (Habia)<\/a><\/strong><\/td>\n<td>\u00d8 2.45 mm<\/td>\n<td>2.5<\/td>\n<td>FEP<\/td>\n<td>0.86 \/ db<\/td>\n<td><a class=\"arno-button text\" href=\"https:\/\/www.koax24.de\/storage\/datasheet\/de\/050327_Datenblatt_RG316C.pdf\" target=\"_blank\" rel=\"noopener\"><i class=\"fal fa-file-pdf\"><\/i><span class=\"button-label\">42KB<\/span><\/a><\/td>\n<td><strong><a class=\"internal-link\" href=\"https:\/\/www.koax24.de\/es\/shop\/article\/rg316-c-koaxialkabel-d-245-mm-fep-temp-55-bis-200-c-050327.html\">050327<\/a><\/strong><\/td>\n<\/tr>\n<tr>\n<td><strong><a class=\"link-image\" title=\"RGL 316 LowNoise (Habia)\" href=\"https:\/\/www.koax24.de\/es\/informacion-del-producto\/cable-coaxial\/cable-coaxial-50-ohm\/24-32-mm-tamano2\/rgl316-bajo-ruido.html\">RGL 316 LowNoise (Habia)<\/a><\/strong><\/td>\n<td>\u00d8 2.49 mm<\/td>\n<td>2.5<\/td>\n<td>FEP<\/td>\n<td><\/td>\n<td><a class=\"arno-button text\" href=\"https:\/\/www.koax24.de\/storage\/datasheet\/de\/050160_Datenblatt_3000031612_2715681_191.pdf\" target=\"_blank\" rel=\"noopener\"><i class=\"fal fa-file-pdf\"><\/i><span class=\"button-label\">47KB<\/span><\/a><\/td>\n<td><strong><a class=\"internal-link\" href=\"https:\/\/www.koax24.de\/es\/shop\/article\/rgl316-koaxialkabel-low-noise-d-249-mm-fep-temp-65c-bis-200c-050160.html\">050160<\/a><\/strong><\/td>\n<\/tr>\n<tr>\n<td><strong><a class=\"link-image\" title=\"RG 316 \/U (H&amp;S)\" href=\"https:\/\/www.koax24.de\/es\/informacion-del-producto\/cable-coaxial\/cable-coaxial-50-ohm\/24-32-mm-tamano2\/rg316-u.html\">RG 316 \/U (H&amp;S)<\/a><\/strong><\/td>\n<td>\u00d8 2.50 mm<\/td>\n<td>3.0<\/td>\n<td>FEP<\/td>\n<td>0.87 \/ db<\/td>\n<td><a class=\"arno-button text\" href=\"https:\/\/www.koax24.de\/storage\/datasheet\/de\/050104_Datenblatt_RG316_U_HundS.pdf\" target=\"_blank\" rel=\"noopener\"><i class=\"fal fa-file-pdf\"><\/i><span class=\"button-label\">109KB<\/span><\/a><\/td>\n<td><strong><a class=\"internal-link\" href=\"https:\/\/www.koax24.de\/es\/shop\/article\/rg316-u-koaxialkabel-d-25-mm-fep-050104.html\">050104<\/a><\/strong><\/td>\n<\/tr>\n<tr>\n<td><strong><a class=\"link-image\" title=\"RG 179\" href=\"https:\/\/www.koax24.de\/es\/informacion-del-producto\/cable-coaxial\/koaxialkabel-75-ohm\/rg179-bu.html\">RG 179<\/a><\/strong><\/td>\n<td>\u00d8 2.50 mm<\/td>\n<td>1.0<\/td>\n<td>FEP<\/td>\n<td><\/td>\n<td><a class=\"arno-button text\" href=\"https:\/\/www.koax24.de\/storage\/datasheet\/de\/050226_Datenblatt_3000017950.pdf\" target=\"_blank\" rel=\"noopener\"><i class=\"fal fa-file-pdf\"><\/i><span class=\"button-label\">41KB<\/span><\/a><\/td>\n<td><strong><a class=\"internal-link\" href=\"https:\/\/www.koax24.de\/es\/shop\/article\/rg179-koaxialkabel-d-250-mm-fep-temp-55c-bis-200c-050226.html\">050226<\/a><\/strong><\/td>\n<\/tr>\n<tr>\n<td><strong><a class=\"link-image\" title=\"Sucoform_86_FEP (H&amp;S)\" href=\"https:\/\/www.koax24.de\/es\/informacion-del-producto\/cable-coaxial\/cable-coaxial-50-ohm\/24-32-mm-tamano2\/sucoform-86-fep.html\">Sucoform_86_FEP (H&amp;S)<\/a><\/strong><\/td>\n<td>\u00d8 2.50 mm<\/td>\n<td>40.0<\/td>\n<td>FEP<\/td>\n<td><\/td>\n<td><a class=\"arno-button text\" href=\"https:\/\/www.koax24.de\/storage\/datasheet\/de\/050193_Datenblatt_HUBER+SUHNER_SUCOFORM_86_FEP_dataSheet.pdf\" target=\"_blank\" rel=\"noopener\"><i class=\"fal fa-file-pdf\"><\/i><span class=\"button-label\">126KB<\/span><\/a><\/td>\n<td><strong><a class=\"internal-link\" href=\"https:\/\/www.koax24.de\/es\/shop\/article\/sucoform-86-fep-koaxialkabel-low-loss-d-250-mm-fep-temp-75c-bis-200c-050193.html\">050193<\/a><\/strong><\/td>\n<\/tr>\n<tr>\n<td><strong><a class=\"link-image\" title=\"RG 179 B\/U (H&amp;S)\" href=\"https:\/\/www.koax24.de\/es\/informacion-del-producto\/cable-coaxial\/koaxialkabel-75-ohm\/rg179-bu-1.html\">RG 179 B\/U (H&amp;S)<\/a><\/strong><\/td>\n<td>\u00d8 2.54 mm<\/td>\n<td>1.0<\/td>\n<td>FEP<\/td>\n<td>0.83 \/ db<\/td>\n<td><a class=\"arno-button text\" href=\"https:\/\/www.koax24.de\/storage\/datasheet\/de\/050101_Datenblatt_RG179_B_U_RG179_B_U.pdf\" target=\"_blank\" rel=\"noopener\"><i class=\"fal fa-file-pdf\"><\/i><span class=\"button-label\">63KB<\/span><\/a><\/td>\n<td><strong><a class=\"internal-link\" href=\"https:\/\/www.koax24.de\/es\/shop\/article\/rg179-bu-koaxialkabel-d-254-mm-fep-temp-65c-bis-165c-050101.html\">050101<\/a><\/strong><\/td>\n<\/tr>\n<tr>\n<td><strong><a class=\"link-image\" title=\"RG 316 \/U\" href=\"https:\/\/www.koax24.de\/es\/informacion-del-producto\/cable-coaxial\/cable-coaxial-50-ohm\/24-32-mm-tamano2\/rg316-c.html\">RG 316 \/U<\/a><\/strong><\/td>\n<td>\u00d8 2.54 mm<\/td>\n<td>1.0<\/td>\n<td>FEP<\/td>\n<td>0.93 \/ db<\/td>\n<td><a class=\"arno-button text\" href=\"https:\/\/www.koax24.de\/storage\/datasheet\/de\/050243_Datenblatt_RG316U.pdf\" target=\"_blank\" rel=\"noopener\"><i class=\"fal fa-file-pdf\"><\/i><span class=\"button-label\">72KB<\/span><\/a><\/td>\n<td><strong><a class=\"internal-link\" href=\"https:\/\/www.koax24.de\/es\/shop\/article\/rg316-u-koaxialkabel-d-254-mm-fep-temp-100c-bis-200c-050243.html\">050243<\/a><\/strong><\/td>\n<\/tr>\n<tr>\n<td><strong><a class=\"link-image\" title=\"RG 179 B\/U\" href=\"https:\/\/www.koax24.de\/es\/informacion-del-producto\/cable-coaxial\/koaxialkabel-75-ohm\/rg179-bu-1.html\">RG 179 B\/U<\/a><\/strong><\/td>\n<td>\u00d8 2.54 mm<\/td>\n<td>1.0<\/td>\n<td>FEP<\/td>\n<td>0.89 \/ db<\/td>\n<td><a class=\"arno-button text\" href=\"https:\/\/www.koax24.de\/storage\/datasheet\/de\/050241_Datenblatt_RG179BU.pdf\" target=\"_blank\" rel=\"noopener\"><i class=\"fal fa-file-pdf\"><\/i><span class=\"button-label\">72KB<\/span><\/a><\/td>\n<td><strong><a class=\"internal-link\" href=\"https:\/\/www.koax24.de\/es\/shop\/article\/rg179-bu-koaxialkabel-d-254-mm-fep-temp-100c-bis-200c-050241.html\">050241<\/a><\/strong><\/td>\n<\/tr>\n<tr>\n<td><strong><a class=\"link-image\" title=\"SS 405 (Habor)\" href=\"https:\/\/www.koax24.de\/es\/informacion-del-producto\/cable-coaxial\/cable-coaxial-50-ohm\/24-32-mm-tamano2\/ss405.html\">SS 405 (Habor)<\/a><\/strong><\/td>\n<td>\u00d8 2.65 mm<\/td>\n<td>18.0<\/td>\n<td>FEP<\/td>\n<td>0.71 \/ db<\/td>\n<td><a class=\"arno-button text\" href=\"https:\/\/www.koax24.de\/storage\/datasheet\/de\/050107_Datenblatt_SS405.pdf\" target=\"_blank\" rel=\"noopener\"><i class=\"fal fa-file-pdf\"><\/i><span class=\"button-label\">47KB<\/span><\/a><\/td>\n<td><strong><a class=\"internal-link\" href=\"https:\/\/www.koax24.de\/es\/shop\/article\/ss405-koaxialkabel-low-loss-d-265-mm-fep-temp-55c-bis-200c-050107.html\">050107<\/a><\/strong><\/td>\n<\/tr>\n<tr>\n<td><strong><a class=\"link-image\" title=\"Multiflex 86 (H&amp;S)\" href=\"https:\/\/www.koax24.de\/es\/informacion-del-producto\/cable-coaxial\/cable-coaxial-50-ohm\/24-32-mm-tamano2\/multiflex-86.html\">Multiflex 86 (H&amp;S)<\/a><\/strong><\/td>\n<td>\u00d8 2.65 mm<\/td>\n<td>40.0<\/td>\n<td>FEP<\/td>\n<td>0.80 \/ db<\/td>\n<td><a class=\"arno-button text\" href=\"https:\/\/www.koax24.de\/storage\/datasheet\/de\/050108_Datenblatt_Multiflex_86_Multiflex_86.pdf\" target=\"_blank\" rel=\"noopener\"><i class=\"fal fa-file-pdf\"><\/i><span class=\"button-label\">64KB<\/span><\/a><\/td>\n<td><strong><a class=\"internal-link\" href=\"https:\/\/www.koax24.de\/es\/shop\/article\/multiflex-86-koaxialkabel-low-loss-d-265-mm-fep-temp-65c-bis-165c-050108.html\">050108<\/a><\/strong><\/td>\n<\/tr>\n<tr>\n<td><strong><a class=\"link-image\" title=\"RGT 178 (Lemo)\" href=\"https:\/\/www.koax24.de\/es\/informacion-del-producto\/cable-triaxial\/vista-general\/tra820-rgt178.html\">RGT 178 (Lemo)<\/a><\/strong><\/td>\n<td>\u00d8 2.80 mm<\/td>\n<td><\/td>\n<td>FEP<\/td>\n<td><\/td>\n<td><a class=\"arno-button text\" href=\"https:\/\/www.koax24.de\/storage\/datasheet\/de\/050204_Datenblatt_017820_RGT_178.pdf\" target=\"_blank\" rel=\"noopener\"><i class=\"fal fa-file-pdf\"><\/i><span class=\"button-label\">71KB<\/span><\/a><\/td>\n<td><strong><a class=\"internal-link\" href=\"https:\/\/www.koax24.de\/es\/shop\/article\/rgt-178-triaxialkabel-d-280-mm-fep-temp-55c-bis-200c-050204.html\">050204<\/a><\/strong><\/td>\n<\/tr>\n<tr>\n<td><strong><a class=\"link-image\" title=\"RGD 316 (Habia)\" href=\"https:\/\/www.koax24.de\/es\/informacion-del-producto\/cable-coaxial\/cable-coaxial-50-ohm\/24-32-mm-tamano2\/rg316d-rd316.html\">RGD 316 (Habia)<\/a><\/strong><\/td>\n<td>\u00d8 2.90 mm<\/td>\n<td>2.5<\/td>\n<td>FEP<\/td>\n<td>0.86 \/ db<\/td>\n<td><a class=\"arno-button text\" href=\"https:\/\/www.koax24.de\/storage\/datasheet\/de\/050115_Datenblatt_3000031605_2379565_191.pdf\" target=\"_blank\" rel=\"noopener\"><i class=\"fal fa-file-pdf\"><\/i><span class=\"button-label\">38KB<\/span><\/a><\/td>\n<td><strong><a class=\"internal-link\" href=\"https:\/\/www.koax24.de\/es\/shop\/article\/rgd-316-m-koaxialkabel-50-ohm-d-290-mm-fep-temp-65c-bis-200c-050115.html\">050115<\/a><\/strong><\/td>\n<\/tr>\n<tr>\n<td><strong><a class=\"link-image\" title=\"K_02252_D (H&amp;S)\" href=\"https:\/\/www.koax24.de\/es\/informacion-del-producto\/cable-coaxial\/cable-coaxial-50-ohm\/24-32-mm-tamano2\/k-02252-d.html\">K_02252_D (H&amp;S)<\/a><\/strong><\/td>\n<td>\u00d8 3.00 mm<\/td>\n<td>6.0<\/td>\n<td>FEP<\/td>\n<td>0.91 \/ db<\/td>\n<td><a class=\"arno-button text\" href=\"https:\/\/www.koax24.de\/storage\/datasheet\/de\/050165_Datenblatt_K02252D.pdf\" target=\"_blank\" rel=\"noopener\"><i class=\"fal fa-file-pdf\"><\/i><span class=\"button-label\">830KB<\/span><\/a><\/td>\n<td><strong><a class=\"internal-link\" href=\"https:\/\/www.koax24.de\/es\/shop\/article\/k-02252-d-koaxialkabel-d-30-mm-fep-temp-65c-bis-165c-050165.html\">050165<\/a><\/strong><\/td>\n<\/tr>\n<tr>\n<td><strong><a class=\"link-image\" title=\"017910 (Lemo)\" href=\"https:\/\/www.koax24.de\/es\/informacion-del-producto\/cable-triaxial\/vista-general\/017910.html\">017910 (Lemo)<\/a><\/strong><\/td>\n<td>\u00d8 3.60 mm<\/td>\n<td>1.0<\/td>\n<td>FEP<\/td>\n<td><\/td>\n<td><a class=\"arno-button text\" href=\"https:\/\/www.koax24.de\/storage\/datasheet\/de\/050205_Datenblatt_017910_Triaxialkabel.pdf\" target=\"_blank\" rel=\"noopener\"><i class=\"fal fa-file-pdf\"><\/i><span class=\"button-label\">59KB<\/span><\/a><\/td>\n<td><strong><a class=\"internal-link\" href=\"https:\/\/www.koax24.de\/es\/shop\/article\/017910-triaxialkabel-lemo-d-360-mm-fep-temp-55c-bis-200c-050205.html\">050205<\/a><\/strong><\/td>\n<\/tr>\n<tr>\n<td><strong><a class=\"link-image\" title=\"RGT 316 (Habia)\" href=\"https:\/\/www.koax24.de\/es\/informacion-del-producto\/cable-triaxial\/vista-general\/trx316-rgt316.html\">RGT 316 (Habia)<\/a><\/strong><\/td>\n<td>\u00d8 3.60 mm<\/td>\n<td>3.0<\/td>\n<td>FEP<\/td>\n<td><\/td>\n<td><a class=\"arno-button text\" href=\"https:\/\/www.koax24.de\/storage\/datasheet\/de\/050158_Datenblatt_3000031604_2379603_191.pdf\" target=\"_blank\" rel=\"noopener\"><i class=\"fal fa-file-pdf\"><\/i><span class=\"button-label\">39KB<\/span><\/a><\/td>\n<td><strong><a class=\"internal-link\" href=\"https:\/\/www.koax24.de\/es\/shop\/article\/rgt316-triaxialkabel-d-360-mm-fep-temp-65c-bis-200c-050158.html\">050158<\/a><\/strong><\/td>\n<\/tr>\n<tr>\n<td><strong><a class=\"link-image\" title=\"Sucoform_141_FEP (H&amp;S)\" href=\"https:\/\/www.koax24.de\/es\/informacion-del-producto\/cable-coaxial\/cable-coaxial-50-ohm\/32-39-mm-gr3\/sucoform-141-fep.html\">Sucoform_141_FEP (H&amp;S)<\/a><\/strong><\/td>\n<td>\u00d8 4.10 mm<\/td>\n<td>33.0<\/td>\n<td>FEP<\/td>\n<td>0.39 \/ db<\/td>\n<td><a class=\"arno-button text\" href=\"https:\/\/www.koax24.de\/storage\/datasheet\/de\/050195_Datenblatt_HUBER+SUHNER_SUCOFORM_141_FEP_dataSheet.pdf\" target=\"_blank\" rel=\"noopener\"><i class=\"fal fa-file-pdf\"><\/i><span class=\"button-label\">126KB<\/span><\/a><\/td>\n<td><strong><a class=\"internal-link\" href=\"https:\/\/www.koax24.de\/es\/shop\/article\/sucoform-141-fep-koaxialkabel-low-loss-d-410-mm-fep-temp-65c-bis-165c-050195.html\">050195<\/a><\/strong><\/td>\n<\/tr>\n<tr>\n<td><strong><a class=\"link-image\" title=\"PE-P141 (Pasternack)\" href=\"https:\/\/www.koax24.de\/es\/informacion-del-producto\/cable-coaxial\/cable-coaxial-50-ohm\/32-39-mm-gr3\/pe-p141.html\">PE-P141 (Pasternack)<\/a><\/strong><\/td>\n<td>\u00d8 4.14 mm<\/td>\n<td>18.0<\/td>\n<td>FEP<\/td>\n<td>0.37 \/ db<\/td>\n<td><a class=\"arno-button text\" href=\"https:\/\/www.koax24.de\/storage\/datasheet\/de\/050184_Datenblatt_PE-P141-1.pdf\" target=\"_blank\" rel=\"noopener\"><i class=\"fal fa-file-pdf\"><\/i><span class=\"button-label\">424KB<\/span><\/a><\/td>\n<td><strong><a class=\"internal-link\" href=\"https:\/\/www.koax24.de\/es\/shop\/article\/pe-p141-koaxialkabel-low-loss-d-414-mm-fep-temp-55c-bis-200c-050184.html\">050184<\/a><\/strong><\/td>\n<\/tr>\n<tr>\n<td><strong><a class=\"link-image\" title=\"SS 402 (Habor)\" href=\"https:\/\/www.koax24.de\/es\/informacion-del-producto\/cable-coaxial\/cable-coaxial-50-ohm\/32-39-mm-gr3\/ss402.html\">SS 402 (Habor)<\/a><\/strong><\/td>\n<td>\u00d8 4.14 mm<\/td>\n<td>18.0<\/td>\n<td>FEP<\/td>\n<td>0.37 \/ db<\/td>\n<td><a class=\"arno-button text\" href=\"https:\/\/www.koax24.de\/storage\/datasheet\/de\/050207_Datenblatt_SS402.pdf\" target=\"_blank\" rel=\"noopener\"><i class=\"fal fa-file-pdf\"><\/i><span class=\"button-label\">47KB<\/span><\/a><\/td>\n<td><strong><a class=\"internal-link\" href=\"https:\/\/www.koax24.de\/es\/shop\/article\/ss402-koaxialkabel-low-loss-d-414-mm-fep-temp-55c-bis-200c-050207.html\">050207<\/a><\/strong><\/td>\n<\/tr>\n<tr>\n<td><strong><a class=\"link-image\" title=\"Multiflex 141 (H&amp;S)\" href=\"https:\/\/www.koax24.de\/es\/informacion-del-producto\/cable-coaxial\/cable-coaxial-50-ohm\/32-39-mm-gr3\/multiflex-141.html\">Multiflex 141 (H&amp;S)<\/a><\/strong><\/td>\n<td>\u00d8 4.14 mm<\/td>\n<td>33.0<\/td>\n<td>FEP<\/td>\n<td>0.50 \/ db<\/td>\n<td><a class=\"arno-button text\" href=\"https:\/\/www.koax24.de\/storage\/datasheet\/de\/050225_Datenblatt_MULTIFLEX_141.pdf\" target=\"_blank\" rel=\"noopener\"><i class=\"fal fa-file-pdf\"><\/i><span class=\"button-label\">154KB<\/span><\/a><\/td>\n<td><strong><a class=\"internal-link\" href=\"https:\/\/www.koax24.de\/es\/shop\/article\/multiflex-141-koaxialkabel-low-loss-d-265-mm-fep-temp-65c-bis-165c-050225.html\">050225<\/a><\/strong><\/td>\n<\/tr>\n<tr>\n<td><strong><a class=\"link-image\" title=\"RG 400_\/U (H&amp;S)\" href=\"https:\/\/www.koax24.de\/es\/informacion-del-producto\/cable-coaxial\/koaxialkabel-50-ohm\/49-61-mm-gr4\/rg400.html\">RG 400_\/U (H&amp;S)<\/a><\/strong><\/td>\n<td>\u00d8 4.95 mm<\/td>\n<td>6.0<\/td>\n<td>FEP<\/td>\n<td>0.57 \/ db<\/td>\n<td><a class=\"arno-button text\" href=\"https:\/\/www.koax24.de\/storage\/datasheet\/de\/050114_Datenblatt_RG_400_U_RG400_U.pdf\" target=\"_blank\" rel=\"noopener\"><i class=\"fal fa-file-pdf\"><\/i><span class=\"button-label\">63KB<\/span><\/a><\/td>\n<td><strong><a class=\"internal-link\" href=\"https:\/\/www.koax24.de\/es\/shop\/article\/rg400-u-koaxialkabel-d-495-mm-fep-temp-65c-bis-165c-050114.html\">050114<\/a><\/strong><\/td>\n<\/tr>\n<tr>\n<td><strong><a class=\"link-image\" title=\"RG 400 (Habia)\" href=\"https:\/\/www.koax24.de\/es\/informacion-del-producto\/cable-coaxial\/koaxialkabel-50-ohm\/49-61-mm-gr4\/rg400.html\">RG 400 (Habia)<\/a><\/strong><\/td>\n<td>\u00d8 4.95 mm<\/td>\n<td>2.5<\/td>\n<td>FEP<\/td>\n<td>0.50 \/ db<\/td>\n<td><a class=\"arno-button text\" href=\"https:\/\/www.koax24.de\/storage\/datasheet\/de\/050209_Datenblatt_3000040000_2740906_191.pdf\" target=\"_blank\" rel=\"noopener\"><i class=\"fal fa-file-pdf\"><\/i><span class=\"button-label\">43KB<\/span><\/a><\/td>\n<td><strong><a class=\"internal-link\" href=\"https:\/\/www.koax24.de\/es\/shop\/article\/rg400-m-koaxialkabel-d-495-mm-fep-temp-65c-bis-200c-050209.html\">050209<\/a><\/strong><\/td>\n<\/tr>\n<tr>\n<td><strong><a class=\"link-image\" title=\"LL142 STR (Habor)\" href=\"https:\/\/www.koax24.de\/es\/informacion-del-producto\/cable-coaxial\/koaxialkabel-50-ohm\/49-61-mm-gr4\/ll142.html\">LL142 STR (Habor)<\/a><\/strong><\/td>\n<td>\u00d8 4.95 mm<\/td>\n<td>32.0<\/td>\n<td>FEP<\/td>\n<td>0.33 \/ db<\/td>\n<td><a class=\"arno-button text\" href=\"https:\/\/www.koax24.de\/storage\/datasheet\/de\/050163_Datenblatt_LL142.pdf\" target=\"_blank\" rel=\"noopener\"><i class=\"fal fa-file-pdf\"><\/i><span class=\"button-label\">309KB<\/span><\/a><\/td>\n<td><strong><a class=\"internal-link\" href=\"https:\/\/www.koax24.de\/es\/shop\/article\/ll142-str-koaxialkabel-low-loss-d-495-mm-fep-temp-55c-bis-200c-050163.html\">050163<\/a><\/strong><\/td>\n<\/tr>\n<tr>\n<td><strong><a class=\"link-image\" title=\"RG 142 B\/U (Habia)\" href=\"https:\/\/www.koax24.de\/es\/informacion-del-producto\/cable-coaxial\/koaxialkabel-50-ohm\/49-61-mm-gr4\/rg142.html\">RG 142 B\/U (Habia)<\/a><\/strong><\/td>\n<td>\u00d8 4.95 mm<\/td>\n<td>2.5<\/td>\n<td>FEP<\/td>\n<td>0.41 \/ db<\/td>\n<td><a class=\"arno-button text\" href=\"https:\/\/www.koax24.de\/storage\/datasheet\/de\/050157_Datenblatt_3000014200_2746345_191_doc.pdf\" target=\"_blank\" rel=\"noopener\"><i class=\"fal fa-file-pdf\"><\/i><span class=\"button-label\">40KB<\/span><\/a><\/td>\n<td><strong><a class=\"internal-link\" href=\"https:\/\/www.koax24.de\/es\/shop\/article\/rg142-bu-koaxialkabel-d-495-mm-fep-temp-55c-bis-200c-050157.html\">050157<\/a><\/strong><\/td>\n<\/tr>\n<tr>\n<td><strong><a class=\"link-image\" title=\"RG 302 \/U\" href=\"https:\/\/www.koax24.de\/es\/informacion-del-producto\/cable-coaxial\/koaxialkabel-75-ohm\/rg302-u.html\">RG 302 \/U<\/a><\/strong><\/td>\n<td>\u00d8 5.10 mm<\/td>\n<td>1.0<\/td>\n<td>FEP<\/td>\n<td>0.34 \/ db<\/td>\n<td><a class=\"arno-button text\" href=\"https:\/\/www.koax24.de\/storage\/datasheet\/de\/050260_Datenblatt_RG302U.pdf\" target=\"_blank\" rel=\"noopener\"><i class=\"fal fa-file-pdf\"><\/i><span class=\"button-label\">71KB<\/span><\/a><\/td>\n<td><strong><a class=\"internal-link\" href=\"https:\/\/www.koax24.de\/es\/shop\/article\/rg302-u-koaxialkabel-d-510-mm-fep-temp-100c-bis-200c-050260.html\">050260<\/a><\/strong><\/td>\n<\/tr>\n<tr>\n<td><strong><a class=\"link-image\" title=\"RG 302 \/U (H&amp;S)\" href=\"https:\/\/www.koax24.de\/es\/informacion-del-producto\/cable-coaxial\/koaxialkabel-75-ohm\/rg302-u.html\">RG 302 \/U (H&amp;S)<\/a><\/strong><\/td>\n<td>\u00d8 5.10 mm<\/td>\n<td>1.0<\/td>\n<td>FEP<\/td>\n<td>0.34 \/ db<\/td>\n<td><a class=\"arno-button text\" href=\"https:\/\/www.koax24.de\/storage\/datasheet\/de\/050159_Datenblatt_H&amp;S_RG302.pdf\" target=\"_blank\" rel=\"noopener\"><i class=\"fal fa-file-pdf\"><\/i><span class=\"button-label\">144KB<\/span><\/a><\/td>\n<td><strong><a class=\"internal-link\" href=\"https:\/\/www.koax24.de\/es\/shop\/article\/rg302-u-koaxialkabel-75r-d-510-mm-fep-temp-80c-bis-200c-050159.html\">050159<\/a><\/strong><\/td>\n<\/tr>\n<tr>\n<td><strong><a class=\"link-image\" title=\"RGT 400 (Habia)\" href=\"https:\/\/www.koax24.de\/es\/informacion-del-producto\/cable-triaxial\/vista-general\/rgt-400.html\">RGT 400 (Habia)<\/a><\/strong><\/td>\n<td>\u00d8 5.70 mm<\/td>\n<td>2.5<\/td>\n<td>FEP<\/td>\n<td><\/td>\n<td><a class=\"arno-button text\" href=\"https:\/\/www.koax24.de\/storage\/datasheet\/de\/050164_Datenblatt_RGT400.pdf\" target=\"_blank\" rel=\"noopener\"><i class=\"fal fa-file-pdf\"><\/i><span class=\"button-label\">94KB<\/span><\/a><\/td>\n<td><strong><a class=\"internal-link\" href=\"https:\/\/www.koax24.de\/es\/shop\/article\/rgt400-triaxialkabel-50r-d-570-mm-fep-temp-55c-bis-200c-050164.html\">050164<\/a><\/strong><\/td>\n<\/tr>\n<\/tbody>\n<\/table>\n<\/header>\n<\/div>\n","protected":false},"excerpt":{"rendered":"<p>FEP (etileno-propileno fluorado) Perfluoroetileno propileno, material aislante que tiene unas propiedades el\u00e9ctricas, t\u00e9rmicas, qu\u00edmicas y mec\u00e1nicas excepcionalmente buenas. Son posibles temperaturas continuas de hasta 205\u00b0C y temperaturas de aplicaci\u00f3n de hasta 90\u00b0C bajo cero. TODOS LOS CABLES COAXIALES CON CUBIERTA FEP EN LA TIENDA Descripci\u00f3n Frecuencia max\/GHz Material Atenuaci\u00f3n de cable 1GHz Ficha t\u00e9cnica Art\u00edculo [&hellip;]<\/p>\n","protected":false},"author":26,"featured_media":0,"parent":0,"menu_order":0,"comment_status":"closed","ping_status":"closed","template":"","meta":{"_et_pb_use_builder":"","_et_pb_old_content":"","_et_gb_content_width":"","footnotes":""},"class_list":["post-16540","page","type-page","status-publish","hentry"],"_links":{"self":[{"href":"https:\/\/blog.koax24.de\/es\/wp-json\/wp\/v2\/pages\/16540","targetHints":{"allow":["GET"]}}],"collection":[{"href":"https:\/\/blog.koax24.de\/es\/wp-json\/wp\/v2\/pages"}],"about":[{"href":"https:\/\/blog.koax24.de\/es\/wp-json\/wp\/v2\/types\/page"}],"author":[{"embeddable":true,"href":"https:\/\/blog.koax24.de\/es\/wp-json\/wp\/v2\/users\/26"}],"replies":[{"embeddable":true,"href":"https:\/\/blog.koax24.de\/es\/wp-json\/wp\/v2\/comments?post=16540"}],"version-history":[{"count":0,"href":"https:\/\/blog.koax24.de\/es\/wp-json\/wp\/v2\/pages\/16540\/revisions"}],"wp:attachment":[{"href":"https:\/\/blog.koax24.de\/es\/wp-json\/wp\/v2\/media?parent=16540"}],"curies":[{"name":"wp","href":"https:\/\/api.w.org\/{rel}","templated":true}]}}