{"id":16535,"date":"2022-02-17T15:57:12","date_gmt":"2022-02-17T14:57:12","guid":{"rendered":"https:\/\/blog.koax24.de\/rg174-lsnh-cable-de-alta-frecuencia-sin-halogenos\/"},"modified":"2022-02-17T15:57:12","modified_gmt":"2022-02-17T14:57:12","slug":"rg174-lsnh-cable-de-alta-frecuencia-sin-halogenos","status":"publish","type":"page","link":"https:\/\/blog.koax24.de\/es\/rg174-lsnh-cable-de-alta-frecuencia-sin-halogenos\/","title":{"rendered":"RG174 LSNH: cable de alta frecuencia sin hal\u00f3genos"},"content":{"rendered":"\n<h3 class=\"wp-block-heading\">CABLE COAXIAL RG174 LSNH &#8211; Libre de hal\u00f3genos<\/h3>\n\n<figure class=\"wp-block-image\"><img decoding=\"async\" src=\"https:\/\/www.koax24.de\/fileadmin\/templates\/images\/koaxialkabel\/RG_174_LSNH.jpg\" alt=\"RG174 A\/U LSNH\" \/><\/figure>\n\n<p>El RG174 LSNH es un cable coaxial muy flexible, fino y econ\u00f3mico para muchas aplicaciones en el dise\u00f1o sin hologramas. Nuestro cable supera la norma UL MIL C 17.<\/p>\n\n<p><strong>RG174<\/strong> LSNH: (color de la cubierta: negro) 50\u03a9 rango de temperatura de <strong>-30\u00b0C a +70\u00b0C<\/strong><\/p>\n\n<table class=\"wp-block-table\"><thead><tr><th>DESCRIPCI\u00d3N<\/th><th>ART\u00cdCULO<\/th><th>FORMATO<\/th><th>TAMA\u00d1O<\/th><th>DESCARGA<\/th><th>PRECIO<\/th><\/tr><\/thead><tbody><tr><td>RG 174 AU LSNH<\/td><td>050278<\/td><td>PDF<\/td><td>108 KB<\/td><td><a href=\"https:\/\/www.koax24.de\/storage\/datasheet\/de\/050278_Datenblatt_RG174LSNH.pdf\">Ficha t\u00e9cnica<\/a><\/td><td><strong>0,28 a 0,47 euros<\/strong>&#013;\nm\u00e1s IVA<\/td><\/tr><\/tbody><\/table>\n\n<p><a href=\"https:\/\/www.koax24.de\/es\/shop\/article\/rg174-au-lsnh-koaxialkabel-d-280-mm-lsnh-temp-40c-bis-80-c-050278.html\">Cable preconfeccionado a la tienda online<\/a><\/p>\n\n<table class=\"wp-block-table\"><thead><tr><th>CABLE COAXIAL DE 50 \u03a9<\/th><th>MATERIAL<\/th><th>DI\u00c1METRO<\/th><\/tr><\/thead><tbody><tr><td>CONDUCTOR INTERNO<\/td><td>Cord\u00f3n de cobre de acero<\/td><td>0.48 mm<\/td><\/tr><tr><td>DIEL\u00c9CTRICO<\/td><td>PE<\/td><td>1.50 mm<\/td><\/tr><tr><td>APANTALLAMIENTO<\/td><td>Trenzado de cobre, esta\u00f1ado<\/td><\/tr><tr><td>APANTALLAMIENTO DEL CABLE<\/td><td>LSNH<\/td><td>2.80 mm<\/td><\/tr><\/tbody><\/table>\n\n<h2 class=\"wp-block-heading\">CABLE ALTERNATIVO<\/h2>\n\n<table class=\"wp-block-table\"><thead><tr><th>DESCRIPCI\u00d3N<\/th><th>ART\u00cdCULO<\/th><th>FORMATO<\/th><th>TAMA\u00d1O<\/th><th>DESCARGA<\/th><th>PRECIO<\/th><\/tr><\/thead><tbody><tr><td>RG 174 AU<\/td><td>050239<\/td><td>PDF<\/td><td>32 KB<\/td><td>Ficha t\u00e9cnica<\/td><td><strong>De 0,25 a 0,41 euros<\/strong>&#013;\nm\u00e1s IVA<\/td><\/tr><\/tbody><\/table>\n\n<p><a href=\"https:\/\/www.koax24.de\/es\/shop\/article\/rg174-au-lsnh-koaxialkabel-d-280-mm-lsnh-temp-40c-bis-80-c-050278.html\">Cable preconfeccionado a la tienda online<\/a><\/p>\n\n<h2 class=\"wp-block-heading\">DIFERENCIA ENTRE EL CABLE COAXIAL Y EL CABLE NORMAL:<\/h2>\n\n<p class=\"has-small-font-size\">El <strong>RG174 LSNH<\/strong> es un cable de alta frecuencia <strong>sin hal\u00f3genos<\/strong> de 2,80 mm de grosor. Con blindaje simple y adecuado para la mayor\u00eda de las aplicaciones.&#013;\n<strong>Consejo:<\/strong> Para aplicaciones wifi recomendamos el RG316.&#013;\nComparaci\u00f3n de RG174 A\/U y RG174 LSNH con otros cables de di\u00e1metro similar: <a href=\"https:\/\/www.koax24.de\/es\/resumenes\/comparador.html\">Enlace<\/a><\/p>\n","protected":false},"excerpt":{"rendered":"<p>CABLE COAXIAL RG174 LSNH &#8211; Libre de hal\u00f3genos El RG174 LSNH es un cable coaxial muy flexible, fino y econ\u00f3mico para muchas aplicaciones en el dise\u00f1o sin hologramas. Nuestro cable supera la norma UL MIL C 17. RG174 LSNH: (color de la cubierta: negro) 50\u03a9 rango de temperatura de -30\u00b0C a +70\u00b0C DESCRIPCI\u00d3N ART\u00cdCULO FORMATO [&hellip;]<\/p>\n","protected":false},"author":26,"featured_media":0,"parent":0,"menu_order":0,"comment_status":"closed","ping_status":"closed","template":"","meta":{"_et_pb_use_builder":"","_et_pb_old_content":"","_et_gb_content_width":"","footnotes":""},"class_list":["post-16535","page","type-page","status-publish","hentry"],"_links":{"self":[{"href":"https:\/\/blog.koax24.de\/es\/wp-json\/wp\/v2\/pages\/16535","targetHints":{"allow":["GET"]}}],"collection":[{"href":"https:\/\/blog.koax24.de\/es\/wp-json\/wp\/v2\/pages"}],"about":[{"href":"https:\/\/blog.koax24.de\/es\/wp-json\/wp\/v2\/types\/page"}],"author":[{"embeddable":true,"href":"https:\/\/blog.koax24.de\/es\/wp-json\/wp\/v2\/users\/26"}],"replies":[{"embeddable":true,"href":"https:\/\/blog.koax24.de\/es\/wp-json\/wp\/v2\/comments?post=16535"}],"version-history":[{"count":1,"href":"https:\/\/blog.koax24.de\/es\/wp-json\/wp\/v2\/pages\/16535\/revisions"}],"predecessor-version":[{"id":16536,"href":"https:\/\/blog.koax24.de\/es\/wp-json\/wp\/v2\/pages\/16535\/revisions\/16536"}],"wp:attachment":[{"href":"https:\/\/blog.koax24.de\/es\/wp-json\/wp\/v2\/media?parent=16535"}],"curies":[{"name":"wp","href":"https:\/\/api.w.org\/{rel}","templated":true}]}}