{"id":16530,"date":"2022-02-17T15:02:33","date_gmt":"2022-02-17T14:02:33","guid":{"rendered":"https:\/\/blog.koax24.de\/conceptos-basicos-de-los-cables-coaxiales\/"},"modified":"2022-02-17T15:02:33","modified_gmt":"2022-02-17T14:02:33","slug":"conceptos-basicos-de-los-cables-coaxiales","status":"publish","type":"page","link":"https:\/\/blog.koax24.de\/es\/conceptos-basicos-de-los-cables-coaxiales\/","title":{"rendered":"Conceptos b\u00e1sicos de los cables coaxiales"},"content":{"rendered":"<p>El mundo de los cables coaxiales provoca una confusi\u00f3n justificada para muchos. Hay que tener en cuenta innumerables tipos de conectores, tipos de cables, materiales y mucho m\u00e1s antes de poder asignar con seguridad los cables adecuados a su aplicaci\u00f3n. En koax24.de nos hemos propuesto desglosar los fundamentos de los cables coaxiales de forma clara y comprensible para proporcionar tanto a los reci\u00e9n llegados como a los profesionales experimentados una gu\u00eda que les proteja de la frustraci\u00f3n durante la investigaci\u00f3n y de posibles pedidos err\u00f3neos.<\/p>\n<p><img loading=\"lazy\" decoding=\"async\" class=\"size-full wp-image-8220 alignright\" src=\"https:\/\/blog.koax24.de\/wp-content\/uploads\/sites\/8\/2016\/11\/BNC_farbig_konfektion.jpg\" alt=\"Kabelkonfektionen\" width=\"247\" height=\"149\" \/>Conjuntos de cablesEn los siguientes art\u00edculos, le presentaremos los aspectos b\u00e1sicos de la <a href=\"https:\/\/blog.koax24.de\/es\/conceptos-basicos-de-los-cables-coaxiales\/seleccion-del-conector-adecuado-para-el-cable-coaxial\/\">selecci\u00f3n de conectores<\/a>, la <a href=\"https:\/\/blog.koax24.de\/es\/conceptos-basicos-de-los-cables-coaxiales\/seleccion-del-cable-coaxial-adecuado\/\">selecci\u00f3n de cables<\/a> y la elecci\u00f3n del <a href=\"https:\/\/blog.koax24.de\/es\/conceptos-basicos-de-los-cables-coaxiales\/material-de-la-cubierta-del-cable-coaxial\/\">material<\/a> adecuado para la cubierta del cable, todo ello adaptado espec\u00edficamente a su aplicaci\u00f3n.<\/p>\n","protected":false},"excerpt":{"rendered":"<p>El mundo de los cables coaxiales provoca una confusi\u00f3n justificada para muchos. Hay que tener en cuenta innumerables tipos de conectores, tipos de cables, materiales y mucho m\u00e1s antes de poder asignar con seguridad los cables adecuados a su aplicaci\u00f3n. En koax24.de nos hemos propuesto desglosar los fundamentos de los cables coaxiales de forma clara [&hellip;]<\/p>\n","protected":false},"author":46,"featured_media":18994,"parent":0,"menu_order":0,"comment_status":"closed","ping_status":"closed","template":"","meta":{"_et_pb_use_builder":"","_et_pb_old_content":"","_et_gb_content_width":"","footnotes":""},"class_list":["post-16530","page","type-page","status-publish","has-post-thumbnail","hentry"],"_links":{"self":[{"href":"https:\/\/blog.koax24.de\/es\/wp-json\/wp\/v2\/pages\/16530","targetHints":{"allow":["GET"]}}],"collection":[{"href":"https:\/\/blog.koax24.de\/es\/wp-json\/wp\/v2\/pages"}],"about":[{"href":"https:\/\/blog.koax24.de\/es\/wp-json\/wp\/v2\/types\/page"}],"author":[{"embeddable":true,"href":"https:\/\/blog.koax24.de\/es\/wp-json\/wp\/v2\/users\/46"}],"replies":[{"embeddable":true,"href":"https:\/\/blog.koax24.de\/es\/wp-json\/wp\/v2\/comments?post=16530"}],"version-history":[{"count":0,"href":"https:\/\/blog.koax24.de\/es\/wp-json\/wp\/v2\/pages\/16530\/revisions"}],"wp:featuredmedia":[{"embeddable":true,"href":"https:\/\/blog.koax24.de\/es\/wp-json\/wp\/v2\/media\/18994"}],"wp:attachment":[{"href":"https:\/\/blog.koax24.de\/es\/wp-json\/wp\/v2\/media?parent=16530"}],"curies":[{"name":"wp","href":"https:\/\/api.w.org\/{rel}","templated":true}]}}