{"id":16524,"date":"2022-02-17T13:59:59","date_gmt":"2022-02-17T12:59:59","guid":{"rendered":"https:\/\/blog.koax24.de\/asignacion-de-pines-d-sub\/"},"modified":"2022-02-17T13:59:59","modified_gmt":"2022-02-17T12:59:59","slug":"asignacion-de-pines-d-sub","status":"publish","type":"page","link":"https:\/\/blog.koax24.de\/es\/asignacion-de-pines-d-sub\/","title":{"rendered":"Asignaci\u00f3n de pines D-Sub"},"content":{"rendered":"<p>El conector D-Sub es ampliamente utilizado y significa <strong>\u00abD-Subminiature\u00bb<\/strong> en ingl\u00e9s.<\/p>\n<p>Se utiliza, entre otras cosas, en el campo de los sistemas inform\u00e1ticos y el procesamiento de datos. Tambi\u00e9n puede utilizarse para transmitir se\u00f1ales de baja frecuencia.<br \/>\nUna gran ventaja es el bloqueo mec\u00e1nico del conector. Esto se realiza mediante dos uniones atornilladas laterales. Las roscas habituales son la m\u00e9trica M3 o la UNC 4-40. Aseg\u00farese de que el enchufe y la clavija tienen el mismo tipo de rosca.<\/p>\n<p>Por regla general, se trata de la variante D-Sub con el n\u00famero de contactos de <strong>9, 15, 25, 37 o 50 polos<\/strong>.<\/p>\n<h2>Asignaci\u00f3n de pines D-Sub<\/h2>\n<div id=\"attachment_16502\" style=\"width: 265px\" class=\"wp-caption alignnone\"><img loading=\"lazy\" decoding=\"async\" aria-describedby=\"caption-attachment-16502\" class=\"wp-image-16502 size-medium\" src=\"https:\/\/blog.koax24.de\/wp-content\/uploads\/sites\/8\/2022\/02\/Dsub-9pol-255x300.jpg\" alt=\"9-polig Sub-D Stecker und Buchse in der \u00dcbersicht\" width=\"255\" height=\"300\" srcset=\"https:\/\/blog.koax24.de\/wp-content\/uploads\/sites\/8\/2022\/02\/Dsub-9pol-255x300.jpg 255w, https:\/\/blog.koax24.de\/wp-content\/uploads\/sites\/8\/2022\/02\/Dsub-9pol.jpg 400w\" sizes=\"(max-width: 255px) 100vw, 255px\" \/><p id=\"caption-attachment-16502\" class=\"wp-caption-text\">Resumen de clavijas y tomas de corriente Sub-D de 9 polos<br \/>Clavija y toma de corriente de 9 polos Sub Asignaci\u00f3n de clavijas (A = toma de corriente, B= clavija)<\/p><\/div>\n<hr \/>\n<div id=\"c51553\" class=\"frame frame-default frame-type-text frame-layout-0 frame-space-after-medium\">\n<header>\n<h2 class=\"headline underline\">Cable coaxial con conector D-Sub<\/h2>\n<\/header>\n<p>Creamos un l\u00e1tigo de cable o una distribuci\u00f3n de cable desde el conector D-Sub hasta el cable coaxial con el conector apropiado de su elecci\u00f3n. A continuaci\u00f3n encontrar\u00e1 ejemplos.<br \/>\nPor lo general, la distribuci\u00f3n de la se\u00f1al en el conector D-Sub o en la toma D-Sub se realiza a trav\u00e9s de una placa de circuito impreso adecuada. As\u00ed se garantiza una calidad constante y se optimiza el espaciado de la conexi\u00f3n de forma \u00f3ptima.<\/p>\n<p>Este tipo de conector est\u00e1 disponible bajo petici\u00f3n.<\/p>\n<\/div>\n","protected":false},"excerpt":{"rendered":"<p>El conector D-Sub es ampliamente utilizado y significa \u00abD-Subminiature\u00bb en ingl\u00e9s. Se utiliza, entre otras cosas, en el campo de los sistemas inform\u00e1ticos y el procesamiento de datos. Tambi\u00e9n puede utilizarse para transmitir se\u00f1ales de baja frecuencia. Una gran ventaja es el bloqueo mec\u00e1nico del conector. Esto se realiza mediante dos uniones atornilladas laterales. Las [&hellip;]<\/p>\n","protected":false},"author":26,"featured_media":16502,"parent":0,"menu_order":0,"comment_status":"closed","ping_status":"closed","template":"","meta":{"_et_pb_use_builder":"","_et_pb_old_content":"","_et_gb_content_width":"","footnotes":""},"class_list":["post-16524","page","type-page","status-publish","has-post-thumbnail","hentry"],"_links":{"self":[{"href":"https:\/\/blog.koax24.de\/es\/wp-json\/wp\/v2\/pages\/16524","targetHints":{"allow":["GET"]}}],"collection":[{"href":"https:\/\/blog.koax24.de\/es\/wp-json\/wp\/v2\/pages"}],"about":[{"href":"https:\/\/blog.koax24.de\/es\/wp-json\/wp\/v2\/types\/page"}],"author":[{"embeddable":true,"href":"https:\/\/blog.koax24.de\/es\/wp-json\/wp\/v2\/users\/26"}],"replies":[{"embeddable":true,"href":"https:\/\/blog.koax24.de\/es\/wp-json\/wp\/v2\/comments?post=16524"}],"version-history":[{"count":0,"href":"https:\/\/blog.koax24.de\/es\/wp-json\/wp\/v2\/pages\/16524\/revisions"}],"wp:featuredmedia":[{"embeddable":true,"href":"https:\/\/blog.koax24.de\/es\/wp-json\/wp\/v2\/media\/16502"}],"wp:attachment":[{"href":"https:\/\/blog.koax24.de\/es\/wp-json\/wp\/v2\/media?parent=16524"}],"curies":[{"name":"wp","href":"https:\/\/api.w.org\/{rel}","templated":true}]}}