{"id":16521,"date":"2022-02-17T13:42:03","date_gmt":"2022-02-17T12:42:03","guid":{"rendered":"https:\/\/blog.koax24.de\/material-de-la-cubierta-del-cable-coaxial\/"},"modified":"2022-02-17T13:42:03","modified_gmt":"2022-02-17T12:42:03","slug":"material-de-la-cubierta-del-cable-coaxial","status":"publish","type":"page","link":"https:\/\/blog.koax24.de\/es\/conceptos-basicos-de-los-cables-coaxiales\/material-de-la-cubierta-del-cable-coaxial\/","title":{"rendered":"Material de la cubierta del cable coaxial"},"content":{"rendered":"<p>La cubierta del cable es la capa protectora m\u00e1s externa <a href=\"https:\/\/www.koax24.de\/es\/informacion-del-producto\/cable-coaxial\/construccion.html\">del cable coaxial<\/a> y suele estar hecha de uno de los muchos pl\u00e1sticos. En el siguiente resumen puede encontrar m\u00e1s informaci\u00f3n sobre los diferentes <a href=\"https:\/\/www.koax24.de\/es\/informacion-del-producto\/cable-coaxial\/caracteristicas.html\">materiales de revestimiento<\/a> de nuestra gama.<\/p>\n<p>&nbsp;<\/p>\n<p><strong>Cubierta de <a href=\"https:\/\/www.koax24.de\/es\/informacion-del-producto\/cable-coaxial\/caracteristicas\/cubierta-fep.html\">FEP<\/a>:<\/strong><\/p>\n<p><strong>FEP =<\/strong> Etileno Propileno Fluorado.<br \/>\nPerfluoroetileno propileno, material aislante que tiene unas propiedades el\u00e9ctricas, t\u00e9rmicas, qu\u00edmicas y mec\u00e1nicas excepcionalmente buenas. Son posibles temperaturas continuas de hasta 205\u00b0C y<a href=\"https:\/\/www.koax24.de\/es\/informacion-del-producto\/cable-coaxial\/caracteristicas\/alta-temperatura.html\"> temperaturas de aplicaci\u00f3n<\/a> de hasta 90\u00b0C bajo cero.<\/p>\n<p>&nbsp;<\/p>\n<p><strong>Cubierta de <a href=\"https:\/\/www.koax24.de\/es\/informacion-del-producto\/cable-coaxial\/caracteristicas\/cubierta-pe.html\">PE<\/a>:<\/strong><\/p>\n<p><strong>PE =<\/strong> polietileno<\/p>\n<p>Los cables coaxiales con cubierta de PE son muy resistentes y apenas absorben humedad. Por lo tanto, son resistentes a la intemperie y aptos para su <a href=\"https:\/\/www.koax24.de\/es\/informacion-del-producto\/cable-coaxial\/aplicacion\/uso-en-el-exterior.html\">uso en exteriores<\/a>. El PE tambi\u00e9n proporciona un buen aislamiento el\u00e9ctrico.<\/p>\n<p>El PE es un termopl\u00e1stico y tambi\u00e9n el material <a href=\"https:\/\/www.koax24.de\/es\/informacion-del-producto\/cable-coaxial\/cable-coaxial-basico.html\">diel\u00e9ctrico<\/a> m\u00e1s utilizado. Tambi\u00e9n se utiliza espumado para mejorar los valores el\u00e9ctricos.<\/p>\n<p>&nbsp;<\/p>\n<p><strong>Cubierta de <a href=\"https:\/\/www.koax24.de\/es\/informacion-del-producto\/cable-coaxial\/caracteristicas\/cubierta-ptfe.html\">PTFE<\/a>:<\/strong><\/p>\n<p><strong>PTFE =<\/strong> politetrafluoroetileno.<\/p>\n<p>Tambi\u00e9n conocido bajo la marca Teflon\u00ae, el PTFE es resistente a los disolventes y a las temperaturas de hasta 260\u00b0C, tiene las mejores propiedades el\u00e9ctricas, pero tambi\u00e9n un elevado coste de material. El PTFE es un material duro y se utiliza como diel\u00e9ctrico y revestimiento de cables.<\/p>\n<p>&nbsp;<\/p>\n<p><strong>Cubierta de <a href=\"https:\/\/www.koax24.de\/es\/informacion-del-producto\/cable-coaxial\/caracteristicas\/cubierta-pur.html\">PUR<\/a>:<\/strong><\/p>\n<p><strong>PUR =<\/strong> poliuretano<\/p>\n<p>Se trata de un material aislante muy resistente a la intemperie. El material libre de hal\u00f3genos y autoextinguible tiene un rango de temperatura de aplicaci\u00f3n de -50\u00b0C a +85\u00b0C. Los cables fabricados con PUR son muy resistentes a la luz ultravioleta, los productos qu\u00edmicos y el aceite. Gracias a estas propiedades, los cables son aptos para su uso en exteriores y en aplicaciones en movimiento.<\/p>\n<p>&nbsp;<\/p>\n<p><strong>Cubierta de <a href=\"https:\/\/www.koax24.de\/es\/informacion-del-producto\/cable-coaxial\/caracteristicas\/cubierta-pvc.html\">PVC<\/a>:<\/strong><\/p>\n<p><strong>PVC =<\/strong> cloruro de polivinilo<\/p>\n<p>El PVC es un material termopl\u00e1stico que alcanza su flexibilidad con plastificantes. El material termopl\u00e1stico de dureza media se utiliza para los cables como diel\u00e9ctrico y para la cubierta del cable.<br \/>\nEl PVC es <a href=\"https:\/\/www.koax24.de\/es\/informacion-del-producto\/cable-coaxial\/caracteristicas\/propiedades-del-fuego.html\">inflamable<\/a> y no est\u00e1 libre de hal\u00f3genos. Las temperaturas de aplicaci\u00f3n se sit\u00faan entre -40\u00b0C y +70C.<br \/>\nLos cables de PVC pueden utilizarse como cables de interior con aplicaciones m\u00f3viles, ya que la resistencia a los rayos UV, a los productos qu\u00edmicos y al aceite es buena. Sin embargo, no son adecuados como cables para exteriores.<\/p>\n<p>&nbsp;<\/p>\n<p><strong>Cubierta de <a href=\"https:\/\/www.koax24.de\/produktinfos\/koaxialkabel\/eigenschaften\/pfa-mantel.html\">PFA<\/a>:<\/strong><\/p>\n<p><strong>PFA =<\/strong> Pol\u00edmeros perfluoroalc\u00f3xicos.<br \/>\nDesarrollo posterior del material sinterizado ampliamente utilizado, el politetrafluoroetileno (PTFE).<\/p>\n<p>El PFA tiene poca resistencia y dureza. Es resistente a casi todos los productos qu\u00edmicos, muestra una resistencia a la temperatura muy alta (-200\u00b0C a +260\u00b0C) y es retardante de la llama (UL 94 V-0). El PFA tiene un bajo coeficiente de fricci\u00f3n, un comportamiento en gran medida inerte, un alto desgaste por deslizamiento y una adherencia extremadamente baja. Los cables de PFA tambi\u00e9n son adecuados para su uso en exteriores.<\/p>\n<p>&nbsp;<\/p>\n<p><strong>Cubierta de <a href=\"https:\/\/www.koax24.de\/es\/informacion-del-producto\/cable-coaxial\/caracteristicas\/frnc-lsnh.html\">FRNC\/LSZH<\/a>:<\/strong><\/p>\n<p>LSZH de <a href=\"https:\/\/www.koax24.de\/es\/informacion-del-producto\/cable-coaxial\/caracteristicas\/libres-de-halogenos.html\">Low Smoke Zero Halogen<\/a>.<\/p>\n<p>A diferencia de los cables de PVC, los cables LSZH producen muy poco humo t\u00f3xico. Por ello, son especialmente adecuados para su uso en interiores e incluso son obligatorios en espacios p\u00fablicos, ya que la combusti\u00f3n del PVC produce humos t\u00f3xicos que pueden suponer un riesgo para la salud humana. Los cables coaxiales LSZH tambi\u00e9n se utilizan en zonas poco ventiladas como coches, aviones, metros o barcos. Tambi\u00e9n son conocidos como FRNC por otros fabricantes. Norma: IEC60332-1-2<\/p>\n<div class=\"headline underline\">\n<h2><\/h2>\n<h2><\/h2>\n<h2><\/h2>\n<h2><\/h2>\n<h2><\/h2>\n<h2>Todos los cables coaxiales con cubierta de FEP en la tienda<\/h2>\n<\/div>\n<div class=\"csc-frame mb\"><a class=\"internal-link\" title=\"RG 178 \" href=\"https:\/\/www.koax24.de\/es\/shop\/article\/rg178-koaxialkabel-d-180-mm-fep-temp-55c-bis-200c-050173.html\">RG 178\u00a0<\/a>|\u00a0<a class=\"internal-link\" title=\"RG 178 \" href=\"https:\/\/www.koax24.de\/es\/shop\/article\/rg178-m-koaxialkabel-d-180-mm-fep-temp-65c-bis-200c-050191.html\">RG 178\u00a0<\/a>|\u00a0<a class=\"internal-link\" title=\"RG 316 \/C \" href=\"https:\/\/www.koax24.de\/es\/shop\/article\/rg316-c-koaxialkabel-d-245-mm-fep-temp-55-bis-200-c-050327.html\">RG 316 \/C\u00a0<\/a>|\u00a0<a class=\"internal-link\" title=\"RGL 316 LowNoise \" href=\"https:\/\/www.koax24.de\/es\/shop\/article\/rgl316-koaxialkabel-low-noise-d-249-mm-fep-temp-65c-bis-200c-050160.html\">RGL 316 LowNoise\u00a0<\/a>|\u00a0<a class=\"internal-link\" title=\"RG 316 \/U \" href=\"https:\/\/www.koax24.de\/es\/shop\/article\/rg316-u-koaxialkabel-d-25-mm-fep-050104.html\">RG 316 \/U\u00a0<\/a>|\u00a0<a class=\"internal-link\" title=\"RG 179\" href=\"https:\/\/www.koax24.de\/es\/shop\/article\/rg179-koaxialkabel-d-250-mm-fep-temp-55c-bis-200c-050226.html\">RG 179\u00a0<\/a>|\u00a0<a class=\"internal-link\" title=\"Sucoform_86_FEP \" href=\"https:\/\/www.koax24.de\/es\/shop\/article\/sucoform-86-fep-koaxialkabel-low-loss-d-250-mm-fep-temp-75c-bis-200c-050193.html\">Sucoform_86_FEP\u00a0<\/a>|\u00a0<a class=\"internal-link\" title=\"RG 179 B\/U \" href=\"https:\/\/www.koax24.de\/es\/shop\/article\/rg179-bu-koaxialkabel-d-254-mm-fep-temp-65c-bis-165c-050101.html\">RG 179 B\/U\u00a0<\/a>|\u00a0<a class=\"internal-link\" title=\"RG 316 \/U\" href=\"https:\/\/www.koax24.de\/es\/shop\/article\/rg316-u-koaxialkabel-d-254-mm-fep-temp-100c-bis-200c-050243.html\">RG 316 \/U\u00a0<\/a>|\u00a0<a class=\"internal-link\" title=\"RG 179 B\/U\" href=\"https:\/\/www.koax24.de\/es\/shop\/article\/rg179-bu-koaxialkabel-d-254-mm-fep-temp-100c-bis-200c-050241.html\">RG 179 B\/U\u00a0<\/a>|\u00a0<a class=\"internal-link\" title=\"SS 405 \" href=\"https:\/\/www.koax24.de\/es\/shop\/article\/ss405-koaxialkabel-low-loss-d-265-mm-fep-temp-55c-bis-200c-050107.html\">SS 405\u00a0<\/a>|\u00a0<a class=\"internal-link\" title=\"Multiflex 86 \" href=\"https:\/\/www.koax24.de\/es\/shop\/article\/multiflex-86-koaxialkabel-low-loss-d-265-mm-fep-temp-65c-bis-165c-050108.html\">Multiflex 86\u00a0<\/a>|\u00a0<a class=\"internal-link\" title=\"RGT 178 \" href=\"https:\/\/www.koax24.de\/es\/shop\/article\/rgt-178-triaxialkabel-d-280-mm-fep-temp-55c-bis-200c-050204.html\">RGT 178\u00a0<\/a>|\u00a0<a class=\"internal-link\" title=\"RGD 316 \" href=\"https:\/\/www.koax24.de\/es\/shop\/article\/rgd-316-m-koaxialkabel-50-ohm-d-290-mm-fep-temp-65c-bis-200c-050115.html\">RGD 316\u00a0<\/a>|\u00a0<a class=\"internal-link\" title=\"K_02252_D \" href=\"https:\/\/www.koax24.de\/es\/shop\/article\/k-02252-d-koaxialkabel-d-30-mm-fep-temp-65c-bis-165c-050165.html\">K_02252_D\u00a0<\/a>|\u00a0<a class=\"internal-link\" title=\"017910 \" href=\"https:\/\/www.koax24.de\/es\/shop\/article\/017910-triaxialkabel-lemo-d-360-mm-fep-temp-55c-bis-200c-050205.html\">017910\u00a0<\/a>|\u00a0<a class=\"internal-link\" title=\"RGT 316 \" href=\"https:\/\/www.koax24.de\/es\/shop\/article\/rgt316-triaxialkabel-d-360-mm-fep-temp-65c-bis-200c-050158.html\">RGT 316\u00a0<\/a>|\u00a0<a class=\"internal-link\" title=\"Sucoform_141_FEP \" href=\"https:\/\/www.koax24.de\/es\/shop\/article\/sucoform-141-fep-koaxialkabel-low-loss-d-410-mm-fep-temp-65c-bis-165c-050195.html\">Sucoform_141_FEP\u00a0<\/a>|\u00a0<a class=\"internal-link\" title=\"PE-P141 \" href=\"https:\/\/www.koax24.de\/es\/shop\/article\/pe-p141-koaxialkabel-low-loss-d-414-mm-fep-temp-55c-bis-200c-050184.html\">PE-P141\u00a0<\/a>|\u00a0<a class=\"internal-link\" title=\"SS 402 \" href=\"https:\/\/www.koax24.de\/es\/shop\/article\/ss402-koaxialkabel-low-loss-d-414-mm-fep-temp-55c-bis-200c-050207.html\">SS 402\u00a0<\/a>|\u00a0<a class=\"internal-link\" title=\"Multiflex 141 \" href=\"https:\/\/www.koax24.de\/es\/shop\/article\/multiflex-141-koaxialkabel-low-loss-d-265-mm-fep-temp-65c-bis-165c-050225.html\">Multiflex 141\u00a0<\/a>|\u00a0<a class=\"internal-link\" title=\"RG 400_\/U \" href=\"https:\/\/www.koax24.de\/es\/shop\/article\/rg400-u-koaxialkabel-d-495-mm-fep-temp-65c-bis-165c-050114.html\">RG 400_\/U\u00a0<\/a>|\u00a0<a class=\"internal-link\" title=\"RG 400 \" href=\"https:\/\/www.koax24.de\/es\/shop\/article\/rg400-m-koaxialkabel-d-495-mm-fep-temp-65c-bis-200c-050209.html\">RG 400\u00a0<\/a>|\u00a0<a class=\"internal-link\" title=\"LL142 STR \" href=\"https:\/\/www.koax24.de\/es\/shop\/article\/ll142-str-koaxialkabel-low-loss-d-495-mm-fep-temp-55c-bis-200c-050163.html\">LL142 STR\u00a0<\/a>|\u00a0<a class=\"internal-link\" title=\"RG 142 B\/U \" href=\"https:\/\/www.koax24.de\/es\/shop\/article\/rg142-bu-koaxialkabel-d-495-mm-fep-temp-55c-bis-200c-050157.html\">RG 142 B\/U\u00a0<\/a>|\u00a0<a class=\"internal-link\" title=\"RG 302 \/U\" href=\"https:\/\/www.koax24.de\/es\/shop\/article\/rg302-u-koaxialkabel-d-510-mm-fep-temp-100c-bis-200c-050260.html\">RG 302 \/U\u00a0<\/a>|\u00a0<a class=\"internal-link\" title=\"RG 302 \/U \" href=\"https:\/\/www.koax24.de\/es\/shop\/article\/rg302-u-koaxialkabel-75r-d-510-mm-fep-temp-80c-bis-200c-050159.html\">RG 302 \/U\u00a0<\/a>|\u00a0<a class=\"internal-link\" title=\"RGT 400 \" href=\"https:\/\/www.koax24.de\/es\/shop\/article\/rgt400-triaxialkabel-50r-d-570-mm-fep-temp-55c-bis-200c-050164.html\">RGT 400<\/a><\/div>\n<div>\n<div class=\"headline underline\">\n<h2><\/h2>\n<h2>Todos los cables coaxiales con cubierta de PE en la tienda<\/h2>\n<\/div>\n<div class=\"csc-frame mb\"><a class=\"internal-link\" title=\"LMR-195 \" href=\"https:\/\/www.koax24.de\/shop\/article\/lmr-195-koaxialkabel-d-495-mm-pe-temp-40c-bis-85c-050123.html\">LMR-195\u00a0<\/a>|\u00a0<a class=\"internal-link\" title=\"7806A \" href=\"https:\/\/www.koax24.de\/shop\/article\/7806a-koaxialkabel-d-495-mm-pe-temp-40c-bis-75c-050140.html\">7806A\u00a0<\/a>|\u00a0<a class=\"internal-link\" title=\"Airborne 5 \" href=\"https:\/\/www.koax24.de\/shop\/article\/airborne-5-d-500-mm-pe-temp-45c-bis-70c-050223.html\">Airborne 5\u00a0<\/a>|\u00a0<a class=\"internal-link\" title=\"H-155 PE WC-55\" href=\"https:\/\/www.koax24.de\/shop\/article\/h-155-wc-55-pe-koaxialkabel-low-loss-d-540-mm-pe-temp-40c-bis-80c-050119.html\">H-155 PE WC-55\u00a0<\/a>|\u00a0<a class=\"internal-link\" title=\"H155 PE \" href=\"https:\/\/www.koax24.de\/shop\/article\/h155-pe-koaxialkabel-low-loss-d-540-mm-pe-temp-40c-bis-70c-050322.html\">H155 PE\u00a0<\/a>|\u00a0<a class=\"internal-link\" title=\"S_04272_B \" href=\"https:\/\/www.koax24.de\/shop\/article\/s-04272-b-koaxialkabel-50-ohm-d-55-mm-pe-temp-40-c-bis-85-c-050176.html\">S_04272_B\u00a0<\/a>|\u00a0<a class=\"internal-link\" title=\"LMR-240 \" href=\"https:\/\/www.koax24.de\/shop\/article\/lmr-240-koaxialkabel-d-610-mm-pe-temp-40c-bis-85c-050152.html\">LMR-240\u00a0<\/a>|\u00a0<a class=\"internal-link\" title=\"LMR-400 \" href=\"https:\/\/www.koax24.de\/shop\/article\/lmr-400-koaxialkabel-low-loss-d-1029-mm-pe-temp-40c-bis-85c-050130.html\">LMR-400\u00a0<\/a>|\u00a0<a class=\"internal-link\" title=\"LMR-600 \" href=\"https:\/\/www.koax24.de\/shop\/article\/lmr-600-koaxialkabel-low-loss-d-1499-mm-pe-temp-40c-bis-85c-050271.html\">LMR-600<\/a><\/div>\n<\/div>\n<div>\n<div class=\"headline underline\">\n<h2><\/h2>\n<h2>Todos los cables coaxiales con cubierta de PTFE en la tienda<\/h2>\n<\/div>\n<div class=\"csc-frame mb\"><a class=\"internal-link\" title=\"RG 196 A\/U \" href=\"https:\/\/www.koax24.de\/shop\/article\/rg196-au-koaxialkabel-d-194-mm-ptfe-temp-55c-bis-200c-050258.html\">RG 196 A\/U\u00a0<\/a>|\u00a0<a class=\"internal-link\" title=\"RGL 196 LowNoise \" href=\"https:\/\/www.koax24.de\/shop\/article\/rgl196-koaxialkabel-low-noise-d-200-mm-ptfe-temp-65c-bis-200c-050161.html\">RGL 196 LowNoise\u00a0<\/a>|\u00a0<a class=\"internal-link\" title=\"LN 5002 Low Noise\" href=\"https:\/\/www.koax24.de\/shop\/article\/ln-5002-low-noise-koaxialkabel-d-267-mm-ptfe-temp-55c-bis-260c-050109.html\">LN 5002 Low Noise\u00a0<\/a>|\u00a0<a class=\"internal-link\" title=\"001 101 Triaxialkabel \" href=\"https:\/\/www.koax24.de\/shop\/article\/001-101-triaxialkabel-lemo-low-noise-d-340-mm-ptfe-temp-55c-bis-200c-050206.html\">001 101 Triaxialkabel<\/a><\/div>\n<\/div>\n<div>\n<div class=\"headline underline\">\n<h2><\/h2>\n<h2>Todos los cables coaxiales con cubierta de PTFE en la tienda<\/h2>\n<\/div>\n<div class=\"csc-frame mb\"><a class=\"internal-link\" title=\"RG 58 PUR\" href=\"https:\/\/www.koax24.de\/shop\/article\/rg-58-pur-koaxialkabel-d-50-mm-pur-temp-40c-bis-80c-050168.html\">RG 58 PUR\u00a0<\/a>|\u00a0<a class=\"internal-link\" title=\"S_04212_B \" href=\"https:\/\/www.koax24.de\/shop\/article\/s-04212-b-koaxialkabel-50-r-d-53-mm-pur-temp-40-c-bis-85-c-050175.html\">S_04212_B\u00a0<\/a>|\u00a0<a class=\"internal-link\" title=\"1.2L\/4.8 SC-AM \" href=\"https:\/\/www.koax24.de\/shop\/article\/sc-aqua-marinex-video-12l48-videokabel-740-mm-pur-sr-schwarz-050216.html\">1.2L\/4.8 SC-AM<\/a><\/div>\n<\/div>\n<div>\n<div class=\"headline underline\">\n<h2><\/h2>\n<h2>Cable coaxial con cubierta de PVC &#8211; 500 ohmios<\/h2>\n<\/div>\n<div class=\"csc-frame mb\"><a class=\"internal-link\" title=\"CLF 100\" href=\"https:\/\/www.koax24.de\/shop\/article\/clf100-koaxialkabel-low-loss-d-279-mm-pvc-temp-40c-bis-85c-050106.html\">CLF 100\u00a0<\/a>|\u00a0<a class=\"internal-link\" title=\"LMR-100A \" href=\"https:\/\/www.koax24.de\/shop\/article\/lmr-100a-koaxialkabel-d-279-mm-pvc-temp-40c-bis-85c-050125.html\">LMR-100A\u00a0<\/a>|\u00a0<a class=\"internal-link\" title=\"RG 174 AU\" href=\"https:\/\/www.koax24.de\/shop\/article\/rg174-au-koaxialkabel-d-280-mm-pvc-temp-30c-bis-70-c-050239.html\">RG 174 AU\u00a0<\/a>|\u00a0<a class=\"internal-link\" title=\"RG 174 AU \" href=\"https:\/\/www.koax24.de\/shop\/article\/rg174-au-koaxialkabel-d-280-mm-pvc-temp-40c-bis-80-c-050361.html\">RG 174 AU\u00a0<\/a>|\u00a0<a class=\"internal-link\" title=\"MXR 0,45L\/1,4 \" href=\"https:\/\/www.koax24.de\/shop\/article\/bedea-mxr-045l14-koaxialkabel-low-noise-d-290-mm-pvc-temp-20c-bis-75c-050144.html\">MXR 0,45L\/1,4\u00a0<\/a>|\u00a0<a class=\"internal-link\" title=\"HV 9kV\/0.6 mm \" href=\"https:\/\/www.koax24.de\/shop\/article\/hochspannungskabel-06mm-9-kv-d-460-mm-pvc-temp-25c-bis-80c-050267.html\">HV 9kV\/0.6 mm\u00a0<\/a>|\u00a0<a class=\"internal-link\" title=\"CLF 195\" href=\"https:\/\/www.koax24.de\/shop\/article\/clf195-koaxialkabel-low-loss-d-490-mm-pvc-temp-40c-bis-85c-050178.html\">CLF 195\u00a0<\/a>|\u00a0<a class=\"internal-link\" title=\"Belden 9223 Low Noise\" href=\"https:\/\/www.koax24.de\/shop\/article\/9223-low-noise-belden-d-495-mm-pvc-temp-40-bis-80c-050276.html\">Belden 9223 Low Noise\u00a0<\/a>|\u00a0<a class=\"internal-link\" title=\"RG058 \" href=\"https:\/\/www.koax24.de\/shop\/article\/rg058-koaxialkabel-d-495-mm-pvc-temp-40c-bis-85c-050277.html\">RG058\u00a0<\/a>|\u00a0<a class=\"internal-link\" title=\"RG 58 C\/U \" href=\"https:\/\/www.koax24.de\/shop\/article\/rg-58-cu-koaxialkabel-d-495-mm-pvc-temp-40c-bis-80c-050360.html\">RG 58 C\/U\u00a0<\/a>|\u00a0<a class=\"internal-link\" title=\"CLF 200\" href=\"https:\/\/www.koax24.de\/shop\/article\/clf200-koaxialkabel-low-loss-d-495-mm-pvc-temp-40c-bis-85c-050113.html\">CLF 200\u00a0<\/a>|\u00a0<a class=\"internal-link\" title=\"RG 58 C\/U\" href=\"https:\/\/www.koax24.de\/shop\/article\/rg-58-cu-koaxialkabel-d-500-mm-pvc-temp-30c-bis-70c-050244.html\">RG 58 C\/U\u00a0<\/a>|\u00a0<a class=\"internal-link\" title=\"RG 058 C\/U\" href=\"https:\/\/www.koax24.de\/shop\/article\/rg-058-cu-koaxialkabel-d-500-mm-pvc-temp-30c-bis-70c-050240.html\">RG 058 C\/U\u00a0<\/a>|\u00a0<a class=\"internal-link\" title=\"RG 58 ALL\" href=\"https:\/\/www.koax24.de\/shop\/article\/rg-58-all-koaxialkabel-low-loss-d-495-mm-pvc-temp-30c-bis-80c-050112.html\">RG 58 ALL\u00a0<\/a>|\u00a0<a class=\"internal-link\" title=\"Aircell 5 \" href=\"https:\/\/www.koax24.de\/shop\/article\/aircell-5-koaxialkabel-d-500-mm-pvc-temp-55c-bis-85c-050116.html\">Aircell 5\u00a0<\/a>|\u00a0<a class=\"internal-link\" title=\"G_02330_HT LN \" href=\"https:\/\/www.koax24.de\/shop\/article\/g-02330-ht-low-noise-triaxialkabel-50-ohm-d-53-mm-pe-temp-25c-bis-85c-050174.html\">G_02330_HT LN\u00a0<\/a>|\u00a0<a class=\"internal-link\" title=\"RG 223 \" href=\"https:\/\/www.koax24.de\/shop\/article\/rg223-koaxialkabel-d-540-mm-pvc-temp-40c-bis-80c-050363.html\">RG 223\u00a0<\/a>|\u00a0<a class=\"internal-link\" title=\"HyperFlex 5 \" href=\"https:\/\/www.koax24.de\/shop\/article\/hyperflex-5-koaxialkabel-low-loss-d-540-mm-pvc-temp-45c-bis-70c-050222.html\">HyperFlex 5\u00a0<\/a>|\u00a0<a class=\"internal-link\" title=\"RG 223\/U \" href=\"https:\/\/www.koax24.de\/shop\/article\/rg223u-koaxialkabel-d-540-mm-fep-temp-25c-bis-85c-050156.html\">RG 223\/U\u00a0<\/a>|\u00a0<a class=\"internal-link\" title=\"RG 223\" href=\"https:\/\/www.koax24.de\/shop\/article\/rg223-koaxialkabel-d-540-mm-pvc-temp-30c-bis-70c-050242.html\">RG 223\u00a0<\/a>|\u00a0<a class=\"internal-link\" title=\"H155 PVC \" href=\"https:\/\/www.koax24.de\/shop\/article\/h155-pvc-koaxialkabel-low-loss-d-540-mm-pvc-temp-40c-bis-70c-050126.html\">H155 PVC\u00a0<\/a>|\u00a0<a class=\"internal-link\" title=\"CLF 240\" href=\"https:\/\/www.koax24.de\/shop\/article\/clf240-koaxialkabel-low-loss-d-610-mm-pvc-temp-40c-bis-85c-050177.html\">CLF 240\u00a0<\/a>|\u00a0<a class=\"internal-link\" title=\"Belden 9222 \" href=\"https:\/\/www.koax24.de\/shop\/article\/9222-triaxialkabel-d-610-mm-pvc-temp-40c-bis-75c-050128.html\">Belden 9222\u00a0<\/a>|\u00a0<a class=\"internal-link\" title=\"Aircell 7 \" href=\"https:\/\/www.koax24.de\/shop\/article\/aircell-7-koaxialkabel-d-730-mm-pvc-temp-55c-bis-85c-050117.html\">Aircell 7\u00a0<\/a>|\u00a0<a class=\"internal-link\" title=\"arnoflex 7 UF\" href=\"https:\/\/www.koax24.de\/shop\/article\/arnoflex-7-uf-koaxialkabel-halogenfrei-d-730-mm-pvc-temp-30c-bis-70c-050284.html\">arnoflex 7 UF\u00a0<\/a>|\u00a0<a class=\"internal-link\" title=\"HIGHFLEXX 7 \" href=\"https:\/\/www.koax24.de\/shop\/article\/highflexx-7-koaxialkabel-d-730-mm-temp-45c-bis-70c-050224.html\">HIGHFLEXX 7\u00a0<\/a>|\u00a0<a class=\"internal-link\" title=\"H 2007 \" href=\"https:\/\/www.koax24.de\/shop\/article\/h-2007-koaxialkabel-low-loss-d-730-mm-pvc-temp-30c-bis-80c-050127.html\">H 2007\u00a0<\/a>|\u00a0<a class=\"internal-link\" title=\"Ecoflex_10 plus \" href=\"https:\/\/www.koax24.de\/shop\/article\/ecoflex-10-plus-koaxialkabel-low-loss-d-1020-mm-pvc-temp-55c-bis-85c-050189.html\">Ecoflex_10 plus\u00a0<\/a>|\u00a0<a class=\"internal-link\" title=\"Ecoflex_10 \" href=\"https:\/\/www.koax24.de\/shop\/article\/ecoflex-10-koaxialkabel-low-loss-d-1020-mm-pvc-temp-55c-bis-85c-050131.html\">Ecoflex_10\u00a0<\/a>|\u00a0<a class=\"internal-link\" title=\"Aircom Premium \" href=\"https:\/\/www.koax24.de\/shop\/article\/aircom-premium-koaxialkabel-d-1020-mm-pvc-temp-55c-bis-85c-050197.html\">Aircom Premium\u00a0<\/a>|\u00a0<a class=\"internal-link\" title=\"HyperFlex 10 \" href=\"https:\/\/www.koax24.de\/shop\/article\/hyperflex10-koaxialkabel-d-103mm-pvc-temp-55c-bis-85c-050301.html\">HyperFlex 10\u00a0<\/a>|\u00a0<a class=\"internal-link\" title=\"RG 213 \/U\" href=\"https:\/\/www.koax24.de\/shop\/article\/rg213-u-koaxialkabel-d-1030-mm-pvc-temp-30c-bis-70c-050247.html\">RG 213 \/U\u00a0<\/a>|\u00a0<a class=\"internal-link\" title=\"RG 214 \/U \" href=\"https:\/\/www.koax24.de\/shop\/article\/rg214u-koaxialkabel-d-1080-mm-pvc-temp-15c-bis-80c-050328.html\">RG 214 \/U\u00a0<\/a>|\u00a0<a class=\"internal-link\" title=\"RG 214 \/U\" href=\"https:\/\/www.koax24.de\/shop\/article\/rg214u-koaxialkabel-d-1080-mm-pvc-temp-30c-bis-70c-050146.html\">RG 214 \/U\u00a0<\/a>|\u00a0<a class=\"internal-link\" title=\"RG 214 \/U \" href=\"https:\/\/www.koax24.de\/shop\/article\/rg214u-koaxialkabel-d-1080-mm-pvc-temp-40c-bis-80c-050362.html\">RG 214 \/U\u00a0<\/a>|\u00a0<a class=\"internal-link\" title=\"Ecoflex_15 \" href=\"https:\/\/www.koax24.de\/shop\/article\/ecoflex-15-koaxialkabel-low-loss-d-1460-mm-pvc-temp-55c-bis-85c-050132.html\">Ecoflex_15\u00a0<\/a>|\u00a0<a class=\"internal-link\" title=\"Ecoflex_15_plus \" href=\"https:\/\/www.koax24.de\/shop\/article\/ecoflex-15-plus-koaxialkabel-low-loss-d-1460-mm-pvc-temp-55c-bis-85c-050133.html\">Ecoflex_15_plus<\/a><\/div>\n<\/div>\n<div>\n<div class=\"headline underline\">\n<h2><\/h2>\n<h2>Cable coaxial con cubierta de PVC 75 Ohm<\/h2>\n<\/div>\n<div class=\"csc-frame mb\"><a class=\"internal-link\" title=\"0.6\/2.8AF PVC \" href=\"https:\/\/www.koax24.de\/shop\/article\/0628af-pvc-draka-gruen-videokabel-draka-0628af-050289.html\">0.6\/2.8AF PVC\u00a0<\/a>|\u00a0<a class=\"internal-link\" title=\"0.6\/3.7 PVC \" href=\"https:\/\/www.koax24.de\/shop\/article\/0637-pvc-draka-gruen-videokabel-0637-af-gruen-draka-050215.html\">0.6\/3.7 PVC\u00a0<\/a>|\u00a0<a class=\"internal-link\" title=\"arnoflex 59 LSNH\" href=\"https:\/\/www.koax24.de\/shop\/article\/arnoflex-59-lsnh-koaxialkabel-halogenfrei-d-620-mm-lsnh-temp-30c-bis-70c-050312.html\">arnoflex 59 LSNH\u00a0<\/a>|\u00a0<a class=\"internal-link\" title=\"RG 59 Flex\" href=\"https:\/\/www.koax24.de\/shop\/article\/rg-59-flex-koaxialkabel-d-620-mm-pvc-temp-30c-bis-70c-050262.html\">RG 59 Flex\u00a0<\/a>|\u00a0<a class=\"internal-link\" title=\"RG 59 B\/U\" href=\"https:\/\/www.koax24.de\/shop\/article\/rg-59-koaxialkabel-d-620-mm-pvc-temp-30c-bis-70c-050245.html\">RG 59 B\/U\u00a0<\/a>|\u00a0<a class=\"internal-link\" title=\"RG 6 A\/U\" href=\"https:\/\/www.koax24.de\/shop\/article\/rg-6-au-koaxialkabel-d-850-mm-pvc-temp-30c-bis-70c-050261.html\">RG 6 A\/U\u00a0<\/a>|\u00a0<a class=\"internal-link\" title=\"RG 11 A\/U\" href=\"https:\/\/www.koax24.de\/shop\/article\/rg11-koaxialkabel-d-1030-mm-pvc-temp-30c-bis-70c-050246.html\">RG 11 A\/U<\/a><\/div>\n<div>\n<div class=\"headline underline\">\n<h2><\/h2>\n<h2>Todos los cables coaxiales con cubierta de PFA en la tienda<\/h2>\n<\/div>\n<div class=\"csc-frame mb\"><a class=\"internal-link\" title=\"RG 196_A\/U \" href=\"https:\/\/www.koax24.de\/shop\/article\/rg196-au-koaxialkabel-d-183-mm-pfa-temp-80c-bis-205c-050122.html\">RG 196_A\/U\u00a0<\/a>|\u00a0<a class=\"internal-link\" title=\"LN 5001 LowNoise\" href=\"https:\/\/www.koax24.de\/shop\/article\/ln-5001-koaxialkabel-low-noise-kabel-d-20-mm-pfa-temp-70c-bis-250c-050153.html\">LN 5001 LowNoise\u00a0<\/a>|\u00a0<a class=\"internal-link\" title=\"RG 188 A\/U \" href=\"https:\/\/www.koax24.de\/shop\/article\/rg188-au-koaxialkabel-d-26-mm-pfa-temp-80c-bis-205c-050103.html\">RG 188 A\/U\u00a0<\/a>|\u00a0<a class=\"internal-link\" title=\"RG 187 A\/U \" href=\"https:\/\/www.koax24.de\/shop\/article\/rg187-au-koaxialkabel-75-ohm-d-265-mm-pfa-temp-80c-bis-205c-050102.html\">RG 187 A\/U<\/a><\/div>\n<\/div>\n<\/div>\n","protected":false},"excerpt":{"rendered":"<p>La cubierta del cable es la capa protectora m\u00e1s externa del cable coaxial y suele estar hecha de uno de los muchos pl\u00e1sticos. En el siguiente resumen puede encontrar m\u00e1s informaci\u00f3n sobre los diferentes materiales de revestimiento de nuestra gama. &nbsp; Cubierta de FEP: FEP = Etileno Propileno Fluorado. Perfluoroetileno propileno, material aislante que tiene [&hellip;]<\/p>\n","protected":false},"author":46,"featured_media":8352,"parent":16530,"menu_order":3,"comment_status":"closed","ping_status":"closed","template":"","meta":{"_et_pb_use_builder":"","_et_pb_old_content":"","_et_gb_content_width":"","footnotes":""},"class_list":["post-16521","page","type-page","status-publish","has-post-thumbnail","hentry"],"_links":{"self":[{"href":"https:\/\/blog.koax24.de\/es\/wp-json\/wp\/v2\/pages\/16521","targetHints":{"allow":["GET"]}}],"collection":[{"href":"https:\/\/blog.koax24.de\/es\/wp-json\/wp\/v2\/pages"}],"about":[{"href":"https:\/\/blog.koax24.de\/es\/wp-json\/wp\/v2\/types\/page"}],"author":[{"embeddable":true,"href":"https:\/\/blog.koax24.de\/es\/wp-json\/wp\/v2\/users\/46"}],"replies":[{"embeddable":true,"href":"https:\/\/blog.koax24.de\/es\/wp-json\/wp\/v2\/comments?post=16521"}],"version-history":[{"count":0,"href":"https:\/\/blog.koax24.de\/es\/wp-json\/wp\/v2\/pages\/16521\/revisions"}],"up":[{"embeddable":true,"href":"https:\/\/blog.koax24.de\/es\/wp-json\/wp\/v2\/pages\/16530"}],"wp:featuredmedia":[{"embeddable":true,"href":"https:\/\/blog.koax24.de\/es\/wp-json\/wp\/v2\/media\/8352"}],"wp:attachment":[{"href":"https:\/\/blog.koax24.de\/es\/wp-json\/wp\/v2\/media?parent=16521"}],"curies":[{"name":"wp","href":"https:\/\/api.w.org\/{rel}","templated":true}]}}