{"id":16468,"date":"2022-02-10T17:29:12","date_gmt":"2022-02-10T16:29:12","guid":{"rendered":"https:\/\/blog.koax24.de\/precios-y-plazos-de-entrega\/"},"modified":"2022-02-10T17:29:12","modified_gmt":"2022-02-10T16:29:12","slug":"precios-y-plazos-de-entrega","status":"publish","type":"page","link":"https:\/\/blog.koax24.de\/es\/precios-y-plazos-de-entrega\/","title":{"rendered":"Precios y plazos de entrega"},"content":{"rendered":"<p>Mientras tanto, la tendencia general de la evoluci\u00f3n de los costes tambi\u00e9n ha llegado a nosotros. Sin embargo, a pesar de la situaci\u00f3n actual, puede estar seguro de que arnotec GmbH est\u00e1 tomando todas las medidas necesarias para retrasar la repercusi\u00f3n del aumento de los costes de las piezas adquiridas durante el mayor tiempo posible. Sin embargo, el aumento constante de los precios de la energ\u00eda, el transporte y los materiales nos plantea un reto, aunque nuestros esfuerzos hasta la fecha han sido suficientes para mantener nuestros precios pr\u00e1cticamente constantes.<\/p>\n<p>No obstante, nos reservamos el derecho de renegociar el precio de venta con usted si nuestras fuentes de suministro aumentan sus precios en m\u00e1s de un 5%.<\/p>\n<p><strong>Fechas de entrega<\/strong><\/p>\n<p>Habr\u00e1 notado que las fechas de entrega pueden cambiar r\u00e1pidamente en la situaci\u00f3n actual. Como s\u00f3lo recibimos informaci\u00f3n insuficiente de nuestros proveedores, lamentablemente no podemos dar informaci\u00f3n fiable sobre los plazos de entrega hasta que tengamos el material en stock. En cuanto hayamos recibido todas las piezas necesarias, recibir\u00e1 una confirmaci\u00f3n del pedido con una fecha de entrega fiable.<\/p>\n<p>Tenga en cuenta tambi\u00e9n que las entregas pueden tardar m\u00e1s, especialmente antes de Navidad. Por lo tanto, es mejor hacer el pedido con un poco m\u00e1s de tiempo de antelaci\u00f3n o utilizar el <a href=\"https:\/\/www.koax24.de\/es\/informacion\/gastos-de-envio.html\">env\u00edo expr\u00e9s<\/a> de UPS.<\/p>\n<p>Sin embargo, Arnotec siempre intenta evitar los retrasos en la entrega de las mercanc\u00edas. P\u00f3ngase siempre en contacto con nosotros directamente si tiene alg\u00fan problema.<\/p>\n<p>Por una buena cooperaci\u00f3n continua.<\/p>\n<p>___________________________________________________________________________________________________________________________________________________________<\/p>\n<h3><strong>Montaje de cables con nuestro configurador de cables:<\/strong><\/h3>\n<p>Elija la combinaci\u00f3n que m\u00e1s le convenga entre m\u00e1s de 200 <a href=\"https:\/\/www.koax24.de\/es\/informacion-del-producto\/conectores\/vista-general.html\">clavijas y enchufes<\/a> diferentes y m\u00e1s de 80<a href=\"https:\/\/www.koax24.de\/es\/resumenes\/imagenes-de-productos\/cable-coaxial-50r.html\"> tipos de cables<\/a>. Producci\u00f3n r\u00e1pida gracias a la gran capacidad de almacenamiento y a la fabricaci\u00f3n en Karlsruhe. <strong>Puede seleccionar f\u00e1cilmente<\/strong> su cable individual con nuestro<strong> configurador interactivo para cables coaxiales de <a href=\"https:\/\/www.koax24.de\/es\/configurador\/configurador-de-cables.html\">50Ohm y 75Ohm<\/a><\/strong> utilizando im\u00e1genes e informaci\u00f3n relacionada &#8211; \u00a1<strong>haga su pedido online<\/strong> y lo tendr\u00e1 al <a href=\"https:\/\/www.koax24.de\/es\/informacion\/plazo-de-entrega.html\"><strong>d\u00eda siguiente<\/strong><\/a>!<br \/>\nNovedad: \u00a1<a href=\"https:\/\/www.koax24.de\/es\/confeccion\/bnc-macho.html\">conjunto de cables clasificado por conector y cable!<\/a><\/p>\n<header>\n<h2><\/h2>\n<h3 class=\" headline underline\">Cables coaxiales:<\/h3>\n<p><a class=\"link_home\" title=\"RG178 Cable Coaxial\" href=\"https:\/\/www.koax24.de\/es\/informacion-del-producto\/cable-coaxial\/cable-coaxial-50-ohm\/15-21-mm-tamano1\/rg178.html\">RG178<\/a>\u00a0|\u00a0<a class=\"link_home\" title=\"RG196 A\/U Cable coaxial\" href=\"https:\/\/www.koax24.de\/es\/informacion-del-producto\/cable-coaxial\/cable-coaxial-50-ohm\/15-21-mm-tamano1\/rg196-au.html\">RG196 A\/U<\/a>\u00a0|\u00a0<a class=\"link_home\" title=\"RGL196 - Cable coaxial de bajo ruido\" href=\"https:\/\/www.koax24.de\/es\/informacion-del-producto\/cable-coaxial\/cable-coaxial-50-ohm\/15-21-mm-tamano1\/rgl196-bajo-ruido.html\">RGL196 Bajo ruido<\/a>\u00a0|\u00a0<a class=\"link_home\" title=\"Cable Coaxial Kapton 1.45mm \/ 50 \u03a9\" href=\"https:\/\/www.koax24.de\/es\/informacion-del-producto\/cable-coaxial\/cable-coaxial-50-ohm\/15-21-mm-tamano1\/kapton-145mm.html\">Kapton 1.45mm<\/a>\u00a0|\u00a0<a class=\"link_home\" title=\"LN5001 Cable coaxial bajo ruido\" href=\"https:\/\/www.koax24.de\/es\/informacion-del-producto\/cable-coaxial\/cable-coaxial-50-ohm\/15-21-mm-tamano1\/ln5001-bajo-ruido.html\">LN5001 Bajo ruido<\/a>\u00a0|\u00a0<a class=\"link_home\" title=\"Sucoform 86 Cable coaxial\" href=\"https:\/\/www.koax24.de\/es\/informacion-del-producto\/cable-coaxial\/cable-coaxial-50-ohm\/15-21-mm-tamano1\/sucoform-86.html\">Sucoform 86<\/a>\u00a0|\u00a0<a class=\"link_home\" title=\"RG174 A\/U Cable coaxial\" href=\"https:\/\/www.koax24.de\/es\/informacion-del-producto\/cable-coaxial\/cable-coaxial-50-ohm\/24-32-mm-tamano2\/rg174-au.html\">RG174 A\/U<\/a>\u00a0|\u00a0<a class=\"link_home\" title=\"RG174 LSNH Cable coaxial\" href=\"https:\/\/www.koax24.de\/es\/informacion-del-producto\/cable-coaxial\/cable-coaxial-50-ohm\/24-32-mm-tamano2\/rg174-lsnh.html\">RG174 LSNH<\/a>\u00a0|\u00a0<a class=\"link_home\" title=\"RG188 A\/U, RG188\" href=\"https:\/\/www.koax24.de\/es\/informacion-del-producto\/cable-coaxial\/cable-coaxial-50-ohm\/24-32-mm-tamano2\/rg188-au.html\">RG188 A\/U<\/a>\u00a0|\u00a0<a class=\"link_home\" title=\"RG316 \/C Cable Coaxial\" href=\"https:\/\/www.koax24.de\/es\/informacion-del-producto\/cable-coaxial\/cable-coaxial-50-ohm\/24-32-mm-tamano2\/rg316-c.html\">RG316 \/C<\/a>\u00a0|\u00a0<a class=\"link_home\" title=\"RG316 Cable coaxial - conducci\u00f3n, RG316\" href=\"https:\/\/www.koax24.de\/es\/informacion-del-producto\/cable-coaxial\/cable-coaxial-50-ohm\/24-32-mm-tamano2\/rg316-u.html\">RG316 \/U<\/a>\u00a0|\u00a0<a class=\"link_home\" title=\"RGL316 bajo ruido Cable coaxial\" href=\"https:\/\/www.koax24.de\/es\/informacion-del-producto\/cable-coaxial\/cable-coaxial-50-ohm\/24-32-mm-tamano2\/rgl316-bajo-ruido.html\">RGL316 bajo ruido<\/a>\u00a0|\u00a0<a class=\"link_home\" title=\"RG 316D - RD 316 cable coaxial\" href=\"https:\/\/www.koax24.de\/es\/informacion-del-producto\/cable-coaxial\/cable-coaxial-50-ohm\/24-32-mm-tamano2\/rg316d-rd316.html\">RG316D &#8211; RD316<\/a>\u00a0|\u00a0<a class=\"link_home\" title=\"ENVIROFLEX 316D Cable coaxial\" href=\"https:\/\/www.koax24.de\/es\/informacion-del-producto\/cable-coaxial\/cable-coaxial-50-ohm\/24-32-mm-tamano2\/enviroflex-316d.html\">ENVIROFLEX 316D<\/a>\u00a0|\u00a0<a class=\"link_home\" title=\"CLF100 Cable Coaxial\" href=\"https:\/\/www.koax24.de\/es\/informacion-del-producto\/cable-coaxial\/cable-coaxial-50-ohm\/24-32-mm-tamano2\/clf100.html\">CLF100<\/a>\u00a0|\u00a0<a class=\"link_home\" title=\"LMR 100A cable coaxial\" href=\"https:\/\/www.koax24.de\/es\/informacion-del-producto\/cable-coaxial\/cable-coaxial-50-ohm\/24-32-mm-tamano2\/lmr-100.html\">LMR 100<\/a>\u00a0|\u00a0<a class=\"link_home\" title=\"LN5002 Bajo ruido cable coaxial\" href=\"https:\/\/www.koax24.de\/es\/informacion-del-producto\/cable-coaxial\/cable-coaxial-50-ohm\/24-32-mm-tamano2\/ln5002-bajo-ruido.html\">LN5002 Bajo ruido<\/a>\u00a0|\u00a0<a class=\"link_home\" title=\"BEDEA MXR 0.45\/1.4 L bajo ruido cable coaxial\" href=\"https:\/\/www.koax24.de\/es\/informacion-del-producto\/cable-coaxial\/cable-coaxial-50-ohm\/24-32-mm-tamano2\/bedea-mxr-04514-l-bajo-ruido.html\">BEDEA MXR 0.45\/1.4 L bajo ruido<\/a>\u00a0|\u00a0<a class=\"link_home\" title=\"PE-P086 Cable coaxial\" href=\"https:\/\/www.koax24.de\/es\/informacion-del-producto\/cable-coaxial\/cable-coaxial-50-ohm\/24-32-mm-tamano2\/pe-p086.html\">PE-P086<\/a>\u00a0|\u00a0<a class=\"link_home\" title=\"Cable Coaxial Multiflex 86\" href=\"https:\/\/www.koax24.de\/es\/informacion-del-producto\/cable-coaxial\/cable-coaxial-50-ohm\/24-32-mm-tamano2\/multiflex-86.html\">Multiflex 86<\/a>\u00a0|\u00a0<a class=\"link_home\" title=\"Sucoform 86 FEP Cable coaxial\" href=\"https:\/\/www.koax24.de\/es\/informacion-del-producto\/cable-coaxial\/cable-coaxial-50-ohm\/24-32-mm-tamano2\/sucoform-86-fep.html\">Sucoform 86 FEP<\/a>\u00a0|\u00a0<a class=\"link_home\" title=\"Sucoform 86 LSFH Cable coaxial\" href=\"https:\/\/www.koax24.de\/es\/informacion-del-producto\/cable-coaxial\/cable-coaxial-50-ohm\/24-32-mm-tamano2\/sucoform-86-lsfh.html\">Sucoform 86 LSFH<\/a>\u00a0|\u00a0<a class=\"link_home\" title=\"K02252D Cable Coaxial\" href=\"https:\/\/www.koax24.de\/es\/informacion-del-producto\/cable-coaxial\/cable-coaxial-50-ohm\/24-32-mm-tamano2\/k-02252-d.html\">K_02252_D<\/a>\u00a0|\u00a0<a class=\"link_home\" title=\"SS405 Cable coaxial\" href=\"https:\/\/www.koax24.de\/es\/informacion-del-producto\/cable-coaxial\/cable-coaxial-50-ohm\/24-32-mm-tamano2\/ss405.html\">SS405<\/a>\u00a0|\u00a0<a class=\"link_home\" title=\"Cable Coaxial Multiflex 141\" href=\"https:\/\/www.koax24.de\/es\/informacion-del-producto\/cable-coaxial\/cable-coaxial-50-ohm\/32-39-mm-gr3\/multiflex-141.html\">Multiflex 141<\/a>\u00a0|\u00a0<a class=\"link_home\" title=\"Sucoform 141 Cable Coaxial\" href=\"https:\/\/www.koax24.de\/es\/informacion-del-producto\/cable-coaxial\/cable-coaxial-50-ohm\/32-39-mm-gr3\/sucoform-141.html\">Sucoform 141<\/a>\u00a0|\u00a0<a class=\"link_home\" title=\"Sucoform 141 FEP Cable Coaxial\" href=\"https:\/\/www.koax24.de\/es\/informacion-del-producto\/cable-coaxial\/cable-coaxial-50-ohm\/32-39-mm-gr3\/sucoform-141-fep.html\">Sucoform 141 FEP<\/a>\u00a0|\u00a0<a class=\"link_home\" title=\"PE-P141 Cable coaxial\" href=\"https:\/\/www.koax24.de\/es\/informacion-del-producto\/cable-coaxial\/cable-coaxial-50-ohm\/32-39-mm-gr3\/pe-p141.html\">PE-P141<\/a>\u00a0|\u00a0<a class=\"link_home\" title=\"SS402 Cable coaxial\" href=\"https:\/\/www.koax24.de\/es\/informacion-del-producto\/cable-coaxial\/cable-coaxial-50-ohm\/32-39-mm-gr3\/ss402.html\">SS402<\/a>\u00a0|\u00a0<a class=\"link_home\" title=\"RG58 Cable coaxial\" href=\"https:\/\/www.koax24.de\/es\/informacion-del-producto\/cable-coaxial\/koaxialkabel-50-ohm\/49-61-mm-gr4\/rg58.html\">RG58<\/a>\u00a0|\u00a0<a class=\"link_home\" title=\"RG058 Cable coaxial\" href=\"https:\/\/www.koax24.de\/es\/informacion-del-producto\/cable-coaxial\/koaxialkabel-50-ohm\/49-61-mm-gr4\/rg058.html\">RG058<\/a>\u00a0|\u00a0<a class=\"link_home\" title=\"Cable Coaxial RG58 ALL\" href=\"https:\/\/www.koax24.de\/es\/informacion-del-producto\/cable-coaxial\/koaxialkabel-50-ohm\/49-61-mm-gr4\/rg58-all.html\">RG58 ALL<\/a>\u00a0|\u00a0<a class=\"link_home\" title=\"Cable Coaxial arnoflex 58 LSNH\" href=\"https:\/\/www.koax24.de\/es\/informacion-del-producto\/cable-coaxial\/koaxialkabel-50-ohm\/49-61-mm-gr4\/cable-coaxial-arnoflex-58-lsnh.html\">arnoflex 58 LSNH<\/a>\u00a0|\u00a0<a class=\"link_home\" title=\"RG58 PUR Cable coaxial\" href=\"https:\/\/www.koax24.de\/es\/informacion-del-producto\/cable-coaxial\/koaxialkabel-50-ohm\/49-61-mm-gr4\/rg58-pur.html\">RG58 PUR<\/a>\u00a0|\u00a0<a class=\"link_home\" title=\"Enviroflex 142 Cable coaxial\" href=\"https:\/\/www.koax24.de\/es\/informacion-del-producto\/cable-coaxial\/koaxialkabel-50-ohm\/49-61-mm-gr4\/enviroflex-142.html\">Enviroflex 142<\/a>\u00a0|\u00a0<a class=\"link_home\" title=\"RG142 Cable coaxial\" href=\"https:\/\/www.koax24.de\/es\/informacion-del-producto\/cable-coaxial\/koaxialkabel-50-ohm\/49-61-mm-gr4\/rg142.html\">RG142<\/a>\u00a0|\u00a0<a class=\"link_home\" title=\"LL142 STR Baja perdida Cable coaxial\" href=\"https:\/\/www.koax24.de\/es\/informacion-del-producto\/cable-coaxial\/koaxialkabel-50-ohm\/49-61-mm-gr4\/ll142.html\">LL142<\/a>\u00a0|\u00a0<a class=\"link_home\" title=\"RG223 Cable coaxial\" href=\"https:\/\/www.koax24.de\/es\/informacion-del-producto\/cable-coaxial\/koaxialkabel-50-ohm\/49-61-mm-gr4\/rg223.html\">RG223<\/a>\u00a0|\u00a0<a class=\"link_home\" title=\"Enviroflex 400 Cable Coaxial\" href=\"https:\/\/www.koax24.de\/es\/informacion-del-producto\/cable-coaxial\/koaxialkabel-50-ohm\/49-61-mm-gr4\/enviroflex-400.html\">Enviroflex 400<\/a>\u00a0|\u00a0<a class=\"link_home\" title=\"RG400 Cable coaxial\" href=\"https:\/\/www.koax24.de\/es\/informacion-del-producto\/cable-coaxial\/koaxialkabel-50-ohm\/49-61-mm-gr4\/rg400.html\">RG400<\/a>\u00a0|\u00a0<a class=\"link_home\" title=\"H-155 PE Cable coaxial\" href=\"https:\/\/www.koax24.de\/es\/informacion-del-producto\/cable-coaxial\/koaxialkabel-50-ohm\/49-61-mm-gr4\/h-155-pe.html\">H-155 PE<\/a>\u00a0|\u00a0<a class=\"link_home\" title=\"H-155 FRNC Cable Coaxial\" href=\"https:\/\/www.koax24.de\/es\/informacion-del-producto\/cable-coaxial\/koaxialkabel-50-ohm\/49-61-mm-gr4\/h-155-frnc.html\">H-155 FRNC<\/a>\u00a0|\u00a0<a class=\"link_home\" title=\"H-155 PVC Cable coaxial\" href=\"https:\/\/www.koax24.de\/es\/informacion-del-producto\/cable-coaxial\/koaxialkabel-50-ohm\/49-61-mm-gr4\/h-155-pvc.html\">H-155 PVC<\/a>\u00a0|\u00a0<a class=\"link_home\" title=\"WC-55 PE Cable coaxial\" href=\"https:\/\/www.koax24.de\/es\/informacion-del-producto\/cable-coaxial\/koaxialkabel-50-ohm\/49-61-mm-gr4\/wc-55-pe.html\">WC-55 PE<\/a>\u00a0|\u00a0<a class=\"link_home\" title=\"HyperFlex 5\" href=\"https:\/\/www.koax24.de\/es\/informacion-del-producto\/cable-coaxial\/koaxialkabel-50-ohm\/49-61-mm-gr4\/hyperflex-5.html\">HyperFlex 5<\/a>\u00a0|\u00a0<a class=\"link_home\" title=\"CLF195 Cable coaxial\" href=\"https:\/\/www.koax24.de\/es\/informacion-del-producto\/cable-coaxial\/koaxialkabel-50-ohm\/49-61-mm-gr4\/clf195.html\">CLF195<\/a>\u00a0|\u00a0<a class=\"link_home\" title=\"CLF200 Cable coaxial\" href=\"https:\/\/www.koax24.de\/es\/informacion-del-producto\/cable-coaxial\/koaxialkabel-50-ohm\/49-61-mm-gr4\/clf200.html\">CLF200<\/a>\u00a0|\u00a0<a class=\"link_home\" title=\"CLF240 Cable Coaxial\" href=\"https:\/\/www.koax24.de\/es\/informacion-del-producto\/cable-coaxial\/koaxialkabel-50-ohm\/49-61-mm-gr4\/clf240.html\">CLF240<\/a>\u00a0|\u00a0<a class=\"link_home\" title=\"LMR 195 Cable coaxial\" href=\"https:\/\/www.koax24.de\/es\/informacion-del-producto\/cable-coaxial\/koaxialkabel-50-ohm\/49-61-mm-gr4\/lmr-195.html\">LMR 195<\/a>\u00a0|\u00a0<a class=\"link_home\" title=\"LMR 195 UF Cable Coaxial\" href=\"https:\/\/www.koax24.de\/es\/informacion-del-producto\/cable-coaxial\/koaxialkabel-50-ohm\/49-61-mm-gr4\/lmr-195-uf.html\">LMR 195 UF<\/a>\u00a0|\u00a0<a class=\"link_home\" title=\"HF 195 ZH Cable coaxial\" href=\"https:\/\/www.koax24.de\/es\/informacion-del-producto\/cable-coaxial\/koaxialkabel-50-ohm\/49-61-mm-gr4\/hf-195-zh.html\">HF 195 ZH<\/a>\u00a0|\u00a0<a class=\"link_home\" title=\"LMR 200 Cable coaxial\" href=\"https:\/\/www.koax24.de\/es\/informacion-del-producto\/cable-coaxial\/koaxialkabel-50-ohm\/49-61-mm-gr4\/lmr-200.html\">LMR 200<\/a>\u00a0|\u00a0<a class=\"link_home\" title=\"LMR 240 CABLE COAXIAL\" href=\"https:\/\/www.koax24.de\/es\/informacion-del-producto\/cable-coaxial\/koaxialkabel-50-ohm\/49-61-mm-gr4\/lmr-240.html\">LMR 240<\/a>\u00a0|\u00a0<a class=\"link_home\" title=\"LMR 240 UF Cable coaxial\" href=\"https:\/\/www.koax24.de\/es\/informacion-del-producto\/cable-coaxial\/koaxialkabel-50-ohm\/49-61-mm-gr4\/lmr-240-uf.html\">LMR 240 UF<\/a>\u00a0|\u00a0<a class=\"link_home\" title=\"HF 240 ZH CABLE COAXIAL\" href=\"https:\/\/www.koax24.de\/es\/informacion-del-producto\/cable-coaxial\/koaxialkabel-50-ohm\/49-61-mm-gr4\/hf-240-zh-cable-coaxial.html\">HF 240 ZH<\/a>\u00a0|\u00a0<a class=\"link_home\" title=\"Airborne 5\" href=\"https:\/\/www.koax24.de\/es\/informacion-del-producto\/cable-coaxial\/koaxialkabel-50-ohm\/49-61-mm-gr4\/airborne-5.html\">Airborne 5<\/a>\u00a0|\u00a0<a class=\"link_home\" title=\"Aircell 5 Cable coaxial, Aircell5\" href=\"https:\/\/www.koax24.de\/es\/informacion-del-producto\/cable-coaxial\/koaxialkabel-50-ohm\/49-61-mm-gr4\/aircell-5.html\">Aircell 5<\/a>\u00a0|\u00a0<a class=\"link_home\" title=\"Belden 7806A Cable Coaxial\" href=\"https:\/\/www.koax24.de\/es\/informacion-del-producto\/cable-coaxial\/koaxialkabel-50-ohm\/49-61-mm-gr4\/belden-7806a.html\">Belden 7806A<\/a>\u00a0|\u00a0<a class=\"link_home\" title=\"S_04212_B PUR Cable coaxial,  S_04212_B\" href=\"https:\/\/www.koax24.de\/es\/informacion-del-producto\/cable-coaxial\/koaxialkabel-50-ohm\/49-61-mm-gr4\/s-04212-b-pur.html\">S_04212_B PUR<\/a>\u00a0|\u00a0<a class=\"link_home\" title=\"S_04272_B PE Cable Coaxial\" href=\"https:\/\/www.koax24.de\/es\/informacion-del-producto\/cable-coaxial\/koaxialkabel-50-ohm\/49-61-mm-gr4\/s-04272-b-pe.html\">S_04272_B PE<\/a>\u00a0|\u00a0<a class=\"link_home\" title=\"SPUMA_240-FR-01\" href=\"https:\/\/www.koax24.de\/es\/informacion-del-producto\/cable-coaxial\/koaxialkabel-50-ohm\/49-62-mm-gr4\/spuma-240-fr-01.html\">SPUMA_240-FR-01<\/a>\u00a0|\u00a0<a class=\"link_home\" title=\"Aircell 7 Cable coaxial, Aircell 7\" href=\"https:\/\/www.koax24.de\/es\/informacion-del-producto\/cable-coaxial\/koaxialkabel-50-ohm\/69-79-mm-gr5\/aircell-7.html\">Aircell 7<\/a>\u00a0|\u00a0<a class=\"link_home\" title=\"arnoflex 7 UF Cable coaxial, arnoflex 7 UF\" href=\"https:\/\/www.koax24.de\/es\/informacion-del-producto\/cable-coaxial\/koaxialkabel-50-ohm\/69-79-mm-gr5\/arnoflex-7-uf.html\">arnoflex 7 UF<\/a>\u00a0|\u00a0<a class=\"link_home\" title=\"HIGHFLEXX 7 Cable coaxial\" href=\"https:\/\/www.koax24.de\/es\/informacion-del-producto\/cable-coaxial\/koaxialkabel-50-ohm\/69-79-mm-gr5\/highflexx-7.html\">HIGHFLEXX 7<\/a>\u00a0|\u00a0<a class=\"link_home\" title=\"Cellflex\u00ae 1\/4 Cable corrugado\" href=\"https:\/\/www.koax24.de\/es\/informacion-del-producto\/cable-coaxial\/koaxialkabel-50-ohm\/69-79-mm-gr5\/scf14-50j.html\">SCF14-50J<\/a>\u00a0|\u00a0<a class=\"link_home\" title=\"RG213 \/U Cable coaxial\" href=\"https:\/\/www.koax24.de\/es\/informacion-del-producto\/cable-coaxial\/koaxialkabel-50-ohm\/100-110mm-gr6\/rg213-u.html\">RG213 \/U<\/a>\u00a0|\u00a0<a class=\"link_home\" title=\"RG214 \/U Cable Coaxial\" href=\"https:\/\/www.koax24.de\/es\/informacion-del-producto\/cable-coaxial\/koaxialkabel-50-ohm\/100-110mm-gr6\/rg214-u.html\">RG214 \/U<\/a>\u00a0|\u00a0<a class=\"link_home\" title=\"arnoflex 214 LSNH Cable Coaxial\" href=\"https:\/\/www.koax24.de\/es\/informacion-del-producto\/cable-coaxial\/koaxialkabel-50-ohm\/100-110mm-gr6\/rg214-lsnh-1.html\">arnoflex 214 LSNH<\/a>\u00a0|\u00a0<a class=\"link_home\" title=\"LMR 400\u00ae Cable coaxial\" href=\"https:\/\/www.koax24.de\/es\/informacion-del-producto\/cable-coaxial\/koaxialkabel-50-ohm\/100-110mm-gr6\/lmr-400r.html\">LMR 400<sup>\u00ae<\/sup><\/a>\u00a0|\u00a0<a class=\"link_home\" title=\"LMR 400 UF\u00ae Cable coaxial\" href=\"https:\/\/www.koax24.de\/es\/informacion-del-producto\/cable-coaxial\/koaxialkabel-50-ohm\/100-110mm-gr6\/lmr-400-ufr.html\">LMR 400 UF<sup>\u00ae<\/sup><\/a>\u00a0|\u00a0<a class=\"link_home\" title=\"HF 400 ZH Cable Caoxial\" href=\"https:\/\/www.koax24.de\/es\/informacion-del-producto\/cable-coaxial\/koaxialkabel-50-ohm\/100-110mm-gr6\/hf-400-zh.html\">HF 400 ZH<\/a>\u00a0|\u00a0<a class=\"link_home\" title=\"HyperFlex 10 CABLE COAXIAL\" href=\"https:\/\/www.koax24.de\/es\/informacion-del-producto\/cable-coaxial\/koaxialkabel-50-ohm\/100-110mm-gr6\/hyperflex-10.html\">HyperFlex 10<\/a>\u00a0|\u00a0<a class=\"link_home\" title=\"Ecoflex 10 Cable coaxial\" href=\"https:\/\/www.koax24.de\/es\/informacion-del-producto\/cable-coaxial\/koaxialkabel-50-ohm\/100-110mm-gr6\/ecoflex-10.html\">Ecoflex 10<\/a>\u00a0|\u00a0<a class=\"link_home\" title=\"Ecoflex 10 Plus Cable coaxial\" href=\"https:\/\/www.koax24.de\/es\/informacion-del-producto\/cable-coaxial\/koaxialkabel-50-ohm\/100-110mm-gr6\/ecoflex-10-plus.html\">Ecoflex 10 Plus<\/a>\u00a0|\u00a0<a class=\"link_home\" title=\"Aircom Premium\u00ae cable coaxial\" href=\"https:\/\/www.koax24.de\/es\/informacion-del-producto\/cable-coaxial\/koaxialkabel-50-ohm\/100-110mm-gr6\/aircom-premiumr.html\">Aircom Premium<sup>\u00ae<\/sup><\/a>\u00a0|\u00a0<a class=\"link_home\" title=\"Ecoflex 15 Cable Coaxial\" href=\"https:\/\/www.koax24.de\/es\/informacion-del-producto\/cable-coaxial\/koaxialkabel-50-ohm\/140-150mm-gr7\/ecoflex-15.html\">Ecoflex 15<\/a>\u00a0|\u00a0<a class=\"link_home\" title=\"Ecoflex 15 plus Cable coaxial\" href=\"https:\/\/www.koax24.de\/es\/informacion-del-producto\/cable-coaxial\/koaxialkabel-50-ohm\/140-150mm-gr7\/ecoflex-15-plus.html\">Ecoflex 15 plus<\/a>\u00a0|\u00a0<a class=\"link_home\" title=\"LMR 600 Cable coaxial\" href=\"https:\/\/www.koax24.de\/es\/informacion-del-producto\/cable-coaxial\/koaxialkabel-50-ohm\/140-150mm-gr7\/lmr-600.html\">LMR 600<\/a>\u00a0|\u00a0<a class=\"link_home\" title=\"LMR 600 FR Cable Coaxial\" href=\"https:\/\/www.koax24.de\/es\/informacion-del-producto\/cable-coaxial\/koaxialkabel-50-ohm\/140-150mm-gr7\/lmr-600-fr.html\">LMR 600 FR<\/a>\u00a0|<\/p>\n<\/header>\n","protected":false},"excerpt":{"rendered":"<p>Mientras tanto, la tendencia general de la evoluci\u00f3n de los costes tambi\u00e9n ha llegado a nosotros. Sin embargo, a pesar de la situaci\u00f3n actual, puede estar seguro de que arnotec GmbH est\u00e1 tomando todas las medidas necesarias para retrasar la repercusi\u00f3n del aumento de los costes de las piezas adquiridas durante el mayor tiempo posible. [&hellip;]<\/p>\n","protected":false},"author":46,"featured_media":0,"parent":0,"menu_order":0,"comment_status":"closed","ping_status":"closed","template":"","meta":{"_et_pb_use_builder":"","_et_pb_old_content":"","_et_gb_content_width":"","footnotes":""},"class_list":["post-16468","page","type-page","status-publish","hentry"],"_links":{"self":[{"href":"https:\/\/blog.koax24.de\/es\/wp-json\/wp\/v2\/pages\/16468","targetHints":{"allow":["GET"]}}],"collection":[{"href":"https:\/\/blog.koax24.de\/es\/wp-json\/wp\/v2\/pages"}],"about":[{"href":"https:\/\/blog.koax24.de\/es\/wp-json\/wp\/v2\/types\/page"}],"author":[{"embeddable":true,"href":"https:\/\/blog.koax24.de\/es\/wp-json\/wp\/v2\/users\/46"}],"replies":[{"embeddable":true,"href":"https:\/\/blog.koax24.de\/es\/wp-json\/wp\/v2\/comments?post=16468"}],"version-history":[{"count":0,"href":"https:\/\/blog.koax24.de\/es\/wp-json\/wp\/v2\/pages\/16468\/revisions"}],"wp:attachment":[{"href":"https:\/\/blog.koax24.de\/es\/wp-json\/wp\/v2\/media?parent=16468"}],"curies":[{"name":"wp","href":"https:\/\/api.w.org\/{rel}","templated":true}]}}