{"id":16386,"date":"2022-01-05T14:38:13","date_gmt":"2022-01-05T13:38:13","guid":{"rendered":"https:\/\/blog.koax24.de\/?page_id=16386"},"modified":"2022-01-05T14:38:13","modified_gmt":"2022-01-05T13:38:13","slug":"aviso-legal","status":"publish","type":"page","link":"https:\/\/blog.koax24.de\/es\/aviso-legal\/","title":{"rendered":"Aviso legal"},"content":{"rendered":"<p><strong>arnotec GmbH<br \/>\nGr\u00fcnhutstra\u00dfe 7<br \/>\nD-76187 Karlsruhe<br \/>\nAlemania<\/strong><\/p>\n<p>Tel\u00e9fono +49 721 605710-40<br \/>\nTelefax +49 721 605710-39<\/p>\n<p>Correo electr\u00f3nico <a class=\"mail\" href=\"mailto:info@arnotec.de\">info@arnotec.de<\/a><br \/>\nInternet\u00a0 <a href=\"http:\/\/www.arnotec.de\" target=\"_blank\" rel=\"noopener\">www.arnotec.de<\/a><\/p>\n<p>Tribunal de registro: Tribunal Local de Mannheim HRB 109227<br \/>\nN\u00famero de identificaci\u00f3n fiscal DE202996237<br \/>\nN\u00famero de registro WEEE DE62865168<\/p>\n<p>Representante autorizado: Frank Arnold (direcci\u00f3n ver arriba)<\/p>\n<p>Resoluci\u00f3n de litigios: La Comisi\u00f3n Europea ofrece una plataforma de resoluci\u00f3n extrajudicial de litigios en l\u00ednea (OS):\u00a0<a href=\"https:\/\/ec.europa.eu\/consumers\/odr\" target=\"_blank\" rel=\"noopener noreferrer\">https:\/\/ec.europa.eu\/consumers\/od<\/a><br \/>\nPuede encontrar nuestra direcci\u00f3n de correo electr\u00f3nico en el pie de imprenta de arriba.<\/p>\n<p>No estamos dispuestos ni obligados a participar en un procedimiento de resoluci\u00f3n de conflictos ante una junta de arbitraje de consumo.<\/p>\n<h2 class=\"headline underline\">Aviso de responsabilidad<\/h2>\n<\/header>\n<p>A pesar del cuidadoso control de los contenidos, no asumimos ninguna responsabilidad por los contenidos de los enlaces externos. El contenido de las p\u00e1ginas externas es responsabilidad exclusiva de sus proveedores. Todas las soluciones como todos los productos presentados por arnotec GmbH en Internet o en otros medios\u00a0de comunicaci\u00f3n, no contituyen una oferta de venta sino son simplemente una informaci\u00f3n para el cliente. Pero el cliente puede presentar una solicitud, utilizando estas informaciones<br \/>\n(invitatio ad offerendum).<\/p>\n<h2 class=\"headline underline\">Cr\u00e9ditos de las im\u00e1genes<\/h2>\n<\/header>\n<p>P\u00e1gina inicial: fotolia.com \u00a9 DragonImages , \u00a9 Igor Mojzes<\/p>\n<h2 class=\"headline underline\">Marco jur\u00eddico<\/h2>\n<\/header>\n<p>Todos los nombres de marca son propiedad registrada del correspondiente fabricante &#8211; salvo errores &#8211; todos los derechos reservados. Todos los textos, imagenes, gr\u00e1ficas, ficheros multimedia como el dise\u00f1o est\u00e1n protegidos por los derechos del autor y otras leyes de protecci\u00f3n de la propiedad intelectual. La reutilizaci\u00f3n requiere nuestra aprobaci\u00f3n expl\u00edcita.<\/p>\n<p>Todas las ofertas son sin compromiso. Salvo errores.<\/p>\n","protected":false},"excerpt":{"rendered":"<p>arnotec GmbH Gr\u00fcnhutstra\u00dfe 7 D-76187 Karlsruhe Alemania Tel\u00e9fono +49 721 605710-40 Telefax +49 721 605710-39 Correo electr\u00f3nico info@arnotec.de Internet\u00a0 www.arnotec.de Tribunal de registro: Tribunal Local de Mannheim HRB 109227 N\u00famero de identificaci\u00f3n fiscal DE202996237 N\u00famero de registro WEEE DE62865168 Representante autorizado: Frank Arnold (direcci\u00f3n ver arriba) Resoluci\u00f3n de litigios: La Comisi\u00f3n Europea ofrece una plataforma [&hellip;]<\/p>\n","protected":false},"author":48,"featured_media":0,"parent":0,"menu_order":0,"comment_status":"closed","ping_status":"closed","template":"","meta":{"_et_pb_use_builder":"on","_et_pb_old_content":"","_et_gb_content_width":"","footnotes":""},"class_list":["post-16386","page","type-page","status-publish","hentry"],"_links":{"self":[{"href":"https:\/\/blog.koax24.de\/es\/wp-json\/wp\/v2\/pages\/16386","targetHints":{"allow":["GET"]}}],"collection":[{"href":"https:\/\/blog.koax24.de\/es\/wp-json\/wp\/v2\/pages"}],"about":[{"href":"https:\/\/blog.koax24.de\/es\/wp-json\/wp\/v2\/types\/page"}],"author":[{"embeddable":true,"href":"https:\/\/blog.koax24.de\/es\/wp-json\/wp\/v2\/users\/48"}],"replies":[{"embeddable":true,"href":"https:\/\/blog.koax24.de\/es\/wp-json\/wp\/v2\/comments?post=16386"}],"version-history":[{"count":2,"href":"https:\/\/blog.koax24.de\/es\/wp-json\/wp\/v2\/pages\/16386\/revisions"}],"predecessor-version":[{"id":16388,"href":"https:\/\/blog.koax24.de\/es\/wp-json\/wp\/v2\/pages\/16386\/revisions\/16388"}],"wp:attachment":[{"href":"https:\/\/blog.koax24.de\/es\/wp-json\/wp\/v2\/media?parent=16386"}],"curies":[{"name":"wp","href":"https:\/\/api.w.org\/{rel}","templated":true}]}}